{"id":8722,"date":"2023-10-21T10:59:43","date_gmt":"2023-10-21T10:59:43","guid":{"rendered":"https:\/\/rezeptfrei-apotheke.net\/?post_type=product&#038;p=8722"},"modified":"2023-10-30T20:58:41","modified_gmt":"2023-10-30T20:58:41","slug":"5-cl-amt","status":"publish","type":"product","link":"https:\/\/rezeptfrei-apotheke.net\/fr\/product\/5-cl-amt\/","title":{"rendered":"5 cl-AMT"},"content":{"rendered":"<p>Acheter 5-cl-AMT est un produit chimique de recherche, ce qui signifie qu&#039;il s&#039;agit d&#039;une substance inconnue, il peut donc y avoir des cons\u00e9quences inconnues lors de la recherche, alors prenez toujours les mesures appropri\u00e9es lorsque vous effectuez une recherche.<\/p>\n<ul>\n<li>Les produits chimiques de recherche peuvent provoquer une irritation respiratoire.<\/li>\n<li>Les produits chimiques de recherche peuvent provoquer une irritation des yeux.<\/li>\n<li>Les produits chimiques de recherche ne sont pas destin\u00e9s \u00e0 la consommation humaine, animale ou autre.<\/li>\n<li>Les produits chimiques de recherche ne doivent pas \u00eatre d\u00e9vers\u00e9s dans les \u00e9gouts ni \u00e9limin\u00e9s de mani\u00e8re inappropri\u00e9e.<\/li>\n<\/ul>","protected":false},"excerpt":{"rendered":"<p><strong>Nom IUPAC\u00a0: <\/strong>3-(2-(diallylamino)\u00e9thyl)-5-m\u00e9thoxy-1H-indole-1-carboxylate de tert-butyle<\/p>\n<p><strong>Apparence : <\/strong>poudre<\/p>\n<p><strong>Formulaire: <\/strong>oxalate<\/p>","protected":false},"featured_media":8752,"comment_status":"open","ping_status":"closed","template":"","meta":[],"product_brand":[],"product_cat":[96],"product_tag":[],"class_list":{"0":"post-8722","1":"product","2":"type-product","3":"status-publish","4":"has-post-thumbnail","6":"product_cat-buy-tryptamines-online","8":"first","9":"instock","10":"shipping-taxable","11":"purchasable","12":"product-type-variable"},"jetpack_sharing_enabled":true,"_links":{"self":[{"href":"https:\/\/rezeptfrei-apotheke.net\/fr\/wp-json\/wp\/v2\/product\/8722","targetHints":{"allow":["GET"]}}],"collection":[{"href":"https:\/\/rezeptfrei-apotheke.net\/fr\/wp-json\/wp\/v2\/product"}],"about":[{"href":"https:\/\/rezeptfrei-apotheke.net\/fr\/wp-json\/wp\/v2\/types\/product"}],"replies":[{"embeddable":true,"href":"https:\/\/rezeptfrei-apotheke.net\/fr\/wp-json\/wp\/v2\/comments?post=8722"}],"wp:featuredmedia":[{"embeddable":true,"href":"https:\/\/rezeptfrei-apotheke.net\/fr\/wp-json\/wp\/v2\/media\/8752"}],"wp:attachment":[{"href":"https:\/\/rezeptfrei-apotheke.net\/fr\/wp-json\/wp\/v2\/media?parent=8722"}],"wp:term":[{"taxonomy":"product_brand","embeddable":true,"href":"https:\/\/rezeptfrei-apotheke.net\/fr\/wp-json\/wp\/v2\/product_brand?post=8722"},{"taxonomy":"product_cat","embeddable":true,"href":"https:\/\/rezeptfrei-apotheke.net\/fr\/wp-json\/wp\/v2\/product_cat?post=8722"},{"taxonomy":"product_tag","embeddable":true,"href":"https:\/\/rezeptfrei-apotheke.net\/fr\/wp-json\/wp\/v2\/product_tag?post=8722"}],"curies":[{"name":"wp","href":"https:\/\/api.w.org\/{rel}","templated":true}]}}