{"id":8724,"date":"2023-10-21T10:59:44","date_gmt":"2023-10-21T10:59:44","guid":{"rendered":"https:\/\/rezeptfrei-apotheke.net\/?post_type=product&#038;p=8724"},"modified":"2025-09-17T03:38:34","modified_gmt":"2025-09-17T03:38:34","slug":"5-cl-dmt-fumarate","status":"publish","type":"product","link":"https:\/\/rezeptfrei-apotheke.net\/fr\/product\/5-cl-dmt-fumarate\/","title":{"rendered":"5-CL-DMT"},"content":{"rendered":"<h2><strong>ACHETER DU 5-MEO-DMT<\/strong><\/h2>\n<p>La 5-MeO-DMT, \u00e9galement connue sous le nom de 5-Methoxy-N, N-dim\u00e9thyltryptamine, est un psych\u00e9d\u00e9lique naturel de la classe des tryptamines. La 5-MeO-DMT pr\u00e9sente des similitudes structurelles avec la N, N-Dim\u00e9thyltryptamine (DMT), mais des \u00e9tudes ont montr\u00e9 caract\u00e9ristiques chimiques qui peuvent ressembler \u00e0 une puissance plus \u00e9lev\u00e9e que le compos\u00e9 le plus connu. Il est distribu\u00e9 dans une grande vari\u00e9t\u00e9 d&#039;esp\u00e8ces v\u00e9g\u00e9tales et dans le venin de quelques agents pathog\u00e8nes psychoactifs tels que Bufo Alvaris.<\/p>\n<p>Le 5-MeO-DMT peut \u00eatre trouv\u00e9 dans le venin blanc laiteux du crapaud du Colorado. Les chamanes sud-am\u00e9ricains utilisent le poison du crapaud depuis des milliers d\u2019ann\u00e9es. Aujourd&#039;hui, les extraits du venin du crapaud et la forme de poudre synth\u00e9tique sont \u00e9tudi\u00e9s. Sa synth\u00e8se et ses r\u00e9sultats ont \u00e9t\u00e9 document\u00e9s pour la premi\u00e8re fois dans le livre TiHKAL d&#039;Alexander Shulgin de 1997 (\u00ab Les tryptamines que j&#039;ai connues et aim\u00e9es \u00bb). Des \u00e9tudes r\u00e9centes ont montr\u00e9 qu\u2019elle peut produire des r\u00e9sultats mystiques lors de recherches et qu\u2019elle a gagn\u00e9 en popularit\u00e9 au cours des derni\u00e8res ann\u00e9es.<\/p>\n<p>&nbsp;<\/p>\n<h2><strong>COMMENT UTILISER LE 5-MEO-DMT ?<\/strong><\/h2>\n<p>Chez Realchems, vous pouvez acheter du 5-MeO-DMT sous forme de base libre et de chlorhydrate de la plus haute qualit\u00e9. Nous avons du 5-MeO-DMT disponible en quantit\u00e9s de 5gr, 10gr et en vrac. Assurez-vous de conserver le 5-MeO-DMT dans un endroit sec et frais pour une dur\u00e9e de conservation maximale. Lorsque vous manipulez des produits chimiques de recherche, assurez-vous de toujours prendre les pr\u00e9cautions appropri\u00e9es dans le laboratoire, comme essuyer les surfaces et porter des gants, un masque et des v\u00eatements de protection. Nous conseillons une prudence particuli\u00e8re avec le 5-MeO-DMT en raison de sa puissance \u00e9lev\u00e9e.<\/p>\n<p>&nbsp;<\/p>\n<h2><strong>D\u00c9FINITION 5-MEO-DMT<\/strong><\/h2>\n<p>La d\u00e9finition du 5-MeO-DMT est officiellement connue sous le nom de 5-m\u00e9thoxy-N, N-dim\u00e9thyltryptamine. Le 5-MeO-DMT est un psych\u00e9d\u00e9lique naturel mais tr\u00e8s puissant de la classe des tryptamines. Il est m\u00eame consid\u00e9r\u00e9 comme le psych\u00e9d\u00e9lique le plus puissant de l\u2019histoire de la recherche chimique.<\/p>\n<p>&nbsp;<\/p>\n<h2><strong>INFORMATIONS G\u00c9N\u00c9RALES SUR LA CHIMIE 5-MEO-DMT<\/strong><\/h2>\n<p>La recherche indique que le 5-MeO-DMT produit ses effets en se liant aux r\u00e9cepteurs de la s\u00e9rotonine, bien que le m\u00e9canisme exact soit inconnu. La 5-m\u00e9thoxy-N,N-dim\u00e9thyltryptamine est une tryptamine alcalo\u00efde indole substitu\u00e9e sur le cycle. et partage un noyau d&#039;un h\u00e9t\u00e9rocycle indole bicyclique attach\u00e9 en R3 \u00e0 un groupe amine terminal via une cha\u00eene lat\u00e9rale \u00e9thyle. On suppose que le 5-MeO-DMT est tr\u00e8s puissant. Les recherches indiquent que cette substance est susceptible de produire des r\u00e9sultats importants et spectaculaires dans ce laboratoire. Par cons\u00e9quent, il est fortement conseill\u00e9 d\u2019utiliser des pratiques de r\u00e9duction des m\u00e9faits lors de la r\u00e9alisation de recherches sur cette substance.<\/p>\n<p>&nbsp;<\/p>\n<h2><strong>O ACHETER 5-MEO-DMT<\/strong><\/h2>\n<p>Le 5-MeO-DMT peut \u00eatre achet\u00e9 ici sur le <a href=\"https:\/\/rezeptfrei-apotheke.net\/fr\/\">Rchemshop<\/a> site web. Nous vendons du 5-MeO-DMT de premi\u00e8re qualit\u00e9, g\u00e9n\u00e9ralement en poudre. Cependant, nous avons souvent d&#039;autres formes de substances disponibles, alors n&#039;h\u00e9sitez pas \u00e0 nous contacter pour voir si nous avons en stock votre forme de substance pr\u00e9f\u00e9r\u00e9e. Vous devez avoir au moins 18 ans pour acheter du 5-MeO-DMT chez nous.<\/p>","protected":false},"excerpt":{"rendered":"<p><strong>Nom IUPAC\u00a0: <\/strong>2-(5-chloro-1H-indol-3-yl)-N,N-dim\u00e9thyl\u00e9than-1-amine Synonymes\u00a0: 5-CL-N,N-dim\u00e9thyltryptamine<\/p>\n<p><strong>Formulaire: <\/strong>poudre<\/p>\n<p><strong>Analyse RMN\u00a0: <\/strong>C12H15ClN2<\/p>","protected":false},"featured_media":8771,"comment_status":"open","ping_status":"closed","template":"","meta":[],"product_brand":[],"product_cat":[96],"product_tag":[],"class_list":{"0":"post-8724","1":"product","2":"type-product","3":"status-publish","4":"has-post-thumbnail","6":"product_cat-buy-tryptamines-online","8":"first","9":"instock","10":"shipping-taxable","11":"purchasable","12":"product-type-variable"},"jetpack_sharing_enabled":true,"_links":{"self":[{"href":"https:\/\/rezeptfrei-apotheke.net\/fr\/wp-json\/wp\/v2\/product\/8724","targetHints":{"allow":["GET"]}}],"collection":[{"href":"https:\/\/rezeptfrei-apotheke.net\/fr\/wp-json\/wp\/v2\/product"}],"about":[{"href":"https:\/\/rezeptfrei-apotheke.net\/fr\/wp-json\/wp\/v2\/types\/product"}],"replies":[{"embeddable":true,"href":"https:\/\/rezeptfrei-apotheke.net\/fr\/wp-json\/wp\/v2\/comments?post=8724"}],"wp:featuredmedia":[{"embeddable":true,"href":"https:\/\/rezeptfrei-apotheke.net\/fr\/wp-json\/wp\/v2\/media\/8771"}],"wp:attachment":[{"href":"https:\/\/rezeptfrei-apotheke.net\/fr\/wp-json\/wp\/v2\/media?parent=8724"}],"wp:term":[{"taxonomy":"product_brand","embeddable":true,"href":"https:\/\/rezeptfrei-apotheke.net\/fr\/wp-json\/wp\/v2\/product_brand?post=8724"},{"taxonomy":"product_cat","embeddable":true,"href":"https:\/\/rezeptfrei-apotheke.net\/fr\/wp-json\/wp\/v2\/product_cat?post=8724"},{"taxonomy":"product_tag","embeddable":true,"href":"https:\/\/rezeptfrei-apotheke.net\/fr\/wp-json\/wp\/v2\/product_tag?post=8724"}],"curies":[{"name":"wp","href":"https:\/\/api.w.org\/{rel}","templated":true}]}}