{"id":8726,"date":"2023-10-21T10:59:44","date_gmt":"2023-10-21T10:59:44","guid":{"rendered":"https:\/\/rezeptfrei-apotheke.net\/?post_type=product&#038;p=8726"},"modified":"2023-10-30T20:35:17","modified_gmt":"2023-10-30T20:35:17","slug":"5-meo-dipt","status":"publish","type":"product","link":"https:\/\/rezeptfrei-apotheke.net\/fr\/product\/5-meo-dipt\/","title":{"rendered":"5-MEO-DIPT"},"content":{"rendered":"<h2><strong>ACHETER 5-MEO-MIPT<\/strong><\/h2>\n<p>La 5-MeO-MiPT, \u00e9galement connue sous le nom de 5-m\u00e9thoxy-N-m\u00e9thyl-N-isopropyltryptamine et moxy, est un psych\u00e9d\u00e9lique moins connu de la classe des tryptamines. Le 5-MeO-MiPT est structurellement li\u00e9 \u00e0 d&#039;autres tryptamines comme le 5-MeO-DMT et le 5-MeO-DiPT. C\u2019est rare par rapport au di\u00e9thylamide de l\u2019acide lysergique et \u00e0 la psilocine, mais il existe d\u00e9j\u00e0 depuis quelques d\u00e9cennies. Le 5-MeO-MiPT fait virer le r\u00e9actif d&#039;Ehrlich au violet puis passe au bleu p\u00e2le. Cela fait passer le r\u00e9actif du marquis du jaune au noir. On pense que les r\u00e9sultats de la recherche psychoactive proviennent de l\u2019activit\u00e9 des r\u00e9cepteurs de la s\u00e9rotonine.<\/p>\n<p>La synth\u00e8se du 5-MeO-MiPT a \u00e9t\u00e9 rapport\u00e9e pour la premi\u00e8re fois en 1985 par David Repke et Alexander Shulgin et d\u00e9crite dans le livre de Shulgin TiHKAL \u00ab Tryptamines I Have Known and Loved \u00bb.<\/p>\n<p>Les rapports de recherche d\u00e9crivent les effets du 5-MeO-MiPT comme \u00e9tant hautement stimulants et l\u00e9g\u00e8rement entactog\u00e8nes, d\u00e9pourvus des r\u00e9sultats psych\u00e9d\u00e9liques typiques. On sait tr\u00e8s peu de choses sur le 5-MeO-MiPT et son historique sur le march\u00e9 des produits chimiques de recherche est limit\u00e9. Nous recommandons fortement d&#039;utiliser des pratiques de r\u00e9duction des m\u00e9faits lors de la recherche sur cette substance.<\/p>\n<p>&nbsp;<\/p>\n<h2><strong>COMMENT UTILISER LA POUDRE ET LES PELLETS 5-MEO-MIPT\u00a0?<\/strong><\/h2>\n<p>Chez Realchems, vous pouvez acheter du 5-MeO-MIPT en ligne sous forme de poudre et de granul\u00e9s de la plus haute qualit\u00e9. Achetez de la poudre de 5-MeO-MIPT en quantit\u00e9s de 0,25gr, 0,5gr, 1gr et 2gr ou achetez des pastilles de 5-MeO-MIPT en quantit\u00e9s allant de 1 \u00e0 25. Assurez-vous de conserver la poudre ou les granul\u00e9s de 5-MeO-MIPT dans un endroit sec et frais pour une dur\u00e9e de conservation maximale. Lorsque vous manipulez des produits chimiques de recherche, assurez-vous de toujours prendre les pr\u00e9cautions appropri\u00e9es dans le laboratoire, comme essuyer les surfaces et porter des gants, un masque et des v\u00eatements de protection.<\/p>\n<p>&nbsp;<\/p>\n<h2><strong>D\u00c9FINITION 5-MEO-MIPT<\/strong><\/h2>\n<p>La d\u00e9finition du 5-MeO-MIPT est officiellement connue sous le nom de 5-m\u00e9thoxy-N-m\u00e9thyl-N-isopropyltryptamine et commun\u00e9ment appel\u00e9e moxy. Il s&#039;agit d&#039;une tryptamine moins connue structurellement li\u00e9e au 5-MeO-DMT et au 5-MeO-DiPT.<\/p>\n<p>&nbsp;<\/p>\n<h2><strong>INFORMATIONS G\u00c9N\u00c9RALES SUR LA CHIMIE 5-MEO-MIPT<\/strong><\/h2>\n<p>Le 5-MeO-MiPT est structurellement similaire \u00e0 la substance plus populaire 5-MeO-DiPT, \u00e9galement connue sous le nom de foxy methoxy, c&#039;est pourquoi le 5-MeO-MiPT porte le surnom de \u00ab moxy \u00bb. Le 5-MeO-MiPT a \u00e9t\u00e9 synth\u00e9tis\u00e9 pour la premi\u00e8re fois en 1985 par David Repke et Alexander Shulgin. Certains chercheurs rapportent les r\u00e9sultats typiques du 5-MeO-DiPT sans aucun des r\u00e9sultats ind\u00e9sirables et beaucoup plus psych\u00e9d\u00e9liques que le 5-MeO-DMT.<\/p>\n<p>Les chercheurs pensent que le 5-MeO-MiPT agit principalement en raison de l\u2019agonisme des r\u00e9cepteurs 5-HT2A. Il se lie le plus fortement aux r\u00e9cepteurs 5-HT1A\u00a0; il pr\u00e9sente \u00e9galement une affinit\u00e9 de liaison assez forte pour le SERT et le NET, agissant comme un inhibiteur mod\u00e9r\u00e9ment puissant de la recapture de la s\u00e9rotonine et de la noradr\u00e9naline. On sait tr\u00e8s peu de choses sur le 5-MeO-MiPT, et son histoire sur le march\u00e9 des produits chimiques de recherche est courte. Nous recommandons fortement d\u2019utiliser des pratiques de r\u00e9duction des m\u00e9faits lors de l\u2019\u00e9tude de cette substance.<\/p>\n<p>&nbsp;<\/p>\n<h2><strong>O ACHETER 5-MEO-MIPT<\/strong><\/h2>\n<p>Le 5-MeO-MIPT peut \u00eatre achet\u00e9 ici sur le <a href=\"https:\/\/rezeptfrei-apotheke.net\/fr\/\">Rchemsho<\/a>p site Internet. Nous vendons du 5-MeO-MIPT de qualit\u00e9 sup\u00e9rieure, g\u00e9n\u00e9ralement sous forme de poudre et de granul\u00e9s. Cependant, nous avons souvent d&#039;autres formes de substances disponibles, alors n&#039;h\u00e9sitez pas \u00e0 nous contacter pour voir si nous avons en stock votre forme de substance pr\u00e9f\u00e9r\u00e9e. Vous devez avoir au moins 18 ans pour acheter du 5-MeO-MIPT chez nous.<\/p>","protected":false},"excerpt":{"rendered":"<p><strong>Nom IUPAC\u00a0: <\/strong>5-m\u00e9thoxy-N,N-diisopropyltryptamine \u2013 chlorhydrate<\/p>\n<p><strong>CAS# <\/strong>4021-34-5<\/p>\n<p><strong>Formulaire: <\/strong>HCl<\/p>\n<p><strong>Analyse RMN\u00a0: <\/strong>C17H26N2O<\/p>","protected":false},"featured_media":8773,"comment_status":"open","ping_status":"closed","template":"","meta":[],"product_brand":[],"product_cat":[96],"product_tag":[],"class_list":{"0":"post-8726","1":"product","2":"type-product","3":"status-publish","4":"has-post-thumbnail","6":"product_cat-buy-tryptamines-online","8":"first","9":"instock","10":"shipping-taxable","11":"purchasable","12":"product-type-variable"},"jetpack_sharing_enabled":true,"_links":{"self":[{"href":"https:\/\/rezeptfrei-apotheke.net\/fr\/wp-json\/wp\/v2\/product\/8726","targetHints":{"allow":["GET"]}}],"collection":[{"href":"https:\/\/rezeptfrei-apotheke.net\/fr\/wp-json\/wp\/v2\/product"}],"about":[{"href":"https:\/\/rezeptfrei-apotheke.net\/fr\/wp-json\/wp\/v2\/types\/product"}],"replies":[{"embeddable":true,"href":"https:\/\/rezeptfrei-apotheke.net\/fr\/wp-json\/wp\/v2\/comments?post=8726"}],"wp:featuredmedia":[{"embeddable":true,"href":"https:\/\/rezeptfrei-apotheke.net\/fr\/wp-json\/wp\/v2\/media\/8773"}],"wp:attachment":[{"href":"https:\/\/rezeptfrei-apotheke.net\/fr\/wp-json\/wp\/v2\/media?parent=8726"}],"wp:term":[{"taxonomy":"product_brand","embeddable":true,"href":"https:\/\/rezeptfrei-apotheke.net\/fr\/wp-json\/wp\/v2\/product_brand?post=8726"},{"taxonomy":"product_cat","embeddable":true,"href":"https:\/\/rezeptfrei-apotheke.net\/fr\/wp-json\/wp\/v2\/product_cat?post=8726"},{"taxonomy":"product_tag","embeddable":true,"href":"https:\/\/rezeptfrei-apotheke.net\/fr\/wp-json\/wp\/v2\/product_tag?post=8726"}],"curies":[{"name":"wp","href":"https:\/\/api.w.org\/{rel}","templated":true}]}}