{"id":8727,"date":"2023-10-21T10:59:44","date_gmt":"2023-10-21T10:59:44","guid":{"rendered":"https:\/\/rezeptfrei-apotheke.net\/?post_type=product&#038;p=8727"},"modified":"2023-10-30T20:28:47","modified_gmt":"2023-10-30T20:28:47","slug":"5-meo-dalt","status":"publish","type":"product","link":"https:\/\/rezeptfrei-apotheke.net\/fr\/product\/5-meo-dalt\/","title":{"rendered":"5-MeO-DALT"},"content":{"rendered":"<h2><strong>ACHETER DU 5-MEO-DALT<\/strong><\/h2>\n<p>La 5-MeO-DALT, \u00e9galement connue sous le nom de N, N-Diallyl-5-m\u00e9thoxytryptamine ou famili\u00e8rement Foxtrot, est un psych\u00e9d\u00e9lique moins connu de la classe des tryptamines. Alexander Theodore Shulgin \u00e9tait un chimiste, biochimiste, chimiste organique, pharmacologue, psychopharmacologue et auteur am\u00e9ricain. On lui attribue l&#039;introduction de la MDMA et est donc connu comme le parrain des psych\u00e9d\u00e9liques. En 2004, Shulgin a transmis ses recherches \u00e0 un associ\u00e9 de recherche nomm\u00e9 Murple en mai 2004, apr\u00e8s quoi elles se sont rapidement r\u00e9pandues. Peu de temps apr\u00e8s sa d\u00e9couverte, le 5-MeO-DALT est apparu sur le march\u00e9 des produits chimiques de recherche apr\u00e8s avoir \u00e9t\u00e9 synth\u00e9tis\u00e9 par des laboratoires commerciaux en Chine. Erowid a officiellement publi\u00e9 la synth\u00e8se et les r\u00e9sultats du 5-MeO-DALT. Des rapports sur la d\u00e9tection du 5-MeO-DALT par des chercheurs ont commenc\u00e9 \u00e0 faire surface en 2007.<\/p>\n<p>&nbsp;<\/p>\n<h2><strong>COMMENT UTILISER LA POUDRE DE 5-MEO-DALT ?<\/strong><\/h2>\n<p>Achetez des produits chimiques de recherche 5-MeO-DALT en ligne sous forme de poudre de la plus haute qualit\u00e9. Fourni par Realchems dans les quantit\u00e9s 0,25gr, 0,5gr, 1gr, 2gr et 5gr. Assurez-vous de conserver la poudre de 5-MeO-DALT dans un endroit sec et frais pour une dur\u00e9e de conservation maximale. Lorsque vous manipulez des produits chimiques de recherche, assurez-vous de toujours prendre les pr\u00e9cautions appropri\u00e9es dans le laboratoire, comme essuyer les surfaces et porter des gants, un masque et des v\u00eatements de protection.<\/p>\n<p>&nbsp;<\/p>\n<h2><strong>D\u00c9FINITION 5-MEO-DALT<\/strong><\/h2>\n<p>La d\u00e9finition du 5-MeO-DALT est officiellement connue sous le nom de N, N-Diallyl-5-m\u00e9thoxytryptamine ou famili\u00e8rement sous le nom de Foxtrot, un psych\u00e9d\u00e9lique structurellement li\u00e9 aux tryptamines telles que le 5-MeO-DiPT et le DALT.<\/p>\n<p>&nbsp;<\/p>\n<h2><strong>INFORMATIONS G\u00c9N\u00c9RALES SUR LA CHIMIE 5-MEO-DALT<\/strong><\/h2>\n<p>La N, N-Diallyl-5-m\u00e9thoxytryptamine doit son nom \u00e0 la structure chimique 5-MethOxy-DiALlyl Tryptamine et est constitu\u00e9e de deux groupes allyle li\u00e9s au groupe amino et d&#039;un groupe 5-m\u00e9thoxy attach\u00e9 au cycle indole de la tryptamine. Le 5-Meo-DALT est structurellement li\u00e9 au DALT et au 5-MeO-DiPT et peut souvent \u00eatre trouv\u00e9 dans une substance en poudre blanc cass\u00e9.<\/p>\n<p>Th\u00e9oriquement, le 5-MeO-DALT agit comme un agoniste partiel du 5-HT2A. On pense que les r\u00e9sultats psych\u00e9d\u00e9liques proviennent de son efficacit\u00e9 sur les r\u00e9cepteurs 5-HT2A. Cependant, les r\u00e9sultats de la recherche font toujours l\u2019objet d\u2019\u00e9tudes scientifiques. Le 5-MeO-DALT a une histoire tr\u00e8s courte. Par cons\u00e9quent, il est fortement recommand\u00e9 d\u2019utiliser des pratiques de r\u00e9duction des m\u00e9faits lors de la r\u00e9alisation de recherches sur cette substance.<\/p>\n<p>&nbsp;<\/p>\n<h2><strong>O ACHETER 5-MEO-DALT<\/strong><\/h2>\n<p>Le 5-MeO-DALT peut \u00eatre achet\u00e9 ici sur le <a href=\"https:\/\/rezeptfrei-apotheke.net\/fr\/\">Rchemshop<\/a> site web. Nous vendons du 5-MeO-DALT de premi\u00e8re qualit\u00e9, g\u00e9n\u00e9ralement en poudre. Cependant, nous avons souvent d&#039;autres formes de substances disponibles, alors n&#039;h\u00e9sitez pas \u00e0 nous contacter pour voir si nous avons en stock votre forme de substance pr\u00e9f\u00e9r\u00e9e. Vous devez avoir au moins 18 ans pour acheter du 5-MeO-DALT chez nous.<\/p>","protected":false},"excerpt":{"rendered":"<p><strong>Nom IUPAC\u00a0: <\/strong>N-allyl-N-[2-(5-m\u00e9thoxy-1H-indol-3-yl)\u00e9thyl] prop-2-en-1-amine<\/p>\n<p><strong>CAS# <\/strong>928822-98-4<\/p>\n<p><strong>Autre nom: <\/strong>N,N-di allyl-5-m\u00e9thoxy tryptamine<\/p>\n<p><strong>Formulaire: <\/strong>hcl<\/p>\n<p><strong>Analyse RMN\u00a0: <\/strong>C17H22N2O<\/p>","protected":false},"featured_media":8774,"comment_status":"open","ping_status":"closed","template":"","meta":[],"product_brand":[],"product_cat":[96],"product_tag":[],"class_list":{"0":"post-8727","1":"product","2":"type-product","3":"status-publish","4":"has-post-thumbnail","6":"product_cat-buy-tryptamines-online","8":"first","9":"instock","10":"shipping-taxable","11":"purchasable","12":"product-type-variable"},"jetpack_sharing_enabled":true,"_links":{"self":[{"href":"https:\/\/rezeptfrei-apotheke.net\/fr\/wp-json\/wp\/v2\/product\/8727","targetHints":{"allow":["GET"]}}],"collection":[{"href":"https:\/\/rezeptfrei-apotheke.net\/fr\/wp-json\/wp\/v2\/product"}],"about":[{"href":"https:\/\/rezeptfrei-apotheke.net\/fr\/wp-json\/wp\/v2\/types\/product"}],"replies":[{"embeddable":true,"href":"https:\/\/rezeptfrei-apotheke.net\/fr\/wp-json\/wp\/v2\/comments?post=8727"}],"wp:featuredmedia":[{"embeddable":true,"href":"https:\/\/rezeptfrei-apotheke.net\/fr\/wp-json\/wp\/v2\/media\/8774"}],"wp:attachment":[{"href":"https:\/\/rezeptfrei-apotheke.net\/fr\/wp-json\/wp\/v2\/media?parent=8727"}],"wp:term":[{"taxonomy":"product_brand","embeddable":true,"href":"https:\/\/rezeptfrei-apotheke.net\/fr\/wp-json\/wp\/v2\/product_brand?post=8727"},{"taxonomy":"product_cat","embeddable":true,"href":"https:\/\/rezeptfrei-apotheke.net\/fr\/wp-json\/wp\/v2\/product_cat?post=8727"},{"taxonomy":"product_tag","embeddable":true,"href":"https:\/\/rezeptfrei-apotheke.net\/fr\/wp-json\/wp\/v2\/product_tag?post=8727"}],"curies":[{"name":"wp","href":"https:\/\/api.w.org\/{rel}","templated":true}]}}