{"id":8729,"date":"2023-10-21T10:59:44","date_gmt":"2023-10-21T10:59:44","guid":{"rendered":"https:\/\/rezeptfrei-apotheke.net\/?post_type=product&#038;p=8729"},"modified":"2023-10-30T20:38:30","modified_gmt":"2023-10-30T20:38:30","slug":"ept","status":"publish","type":"product","link":"https:\/\/rezeptfrei-apotheke.net\/fr\/product\/ept\/","title":{"rendered":"TPE"},"content":{"rendered":"<h2 style=\"font-weight: 500;\"><span data-contrast=\"none\">Quoi<\/span><span data-contrast=\"none\">\u00a0&#039;est-ce que l&#039;EPT ?\u00a0<\/span><span data-ccp-props=\"{}\">\u00a0<\/span><\/h2>\n<p><span data-contrast=\"none\">EPT est l&#039;abr\u00e9viation de\u00a0<\/span><span data-contrast=\"auto\">N-\u00c9thyl-N-<\/span><span data-contrast=\"auto\">propyltryptamine<\/span><span data-contrast=\"auto\">. Il appartient \u00e0 la classe des produits chimiques tryptamine. L&#039;EPT est une tryptamine relativement nouvelle et relativement obscure. En fait, la date de synth\u00e8se originale est inconnue pour l\u2019EPT. Cependant, il est disponible \u00e0 la vente sur le march\u00e9 de la recherche depuis 2016. Les r\u00e9sultats des exp\u00e9riences de recherche en laboratoire EPT sont g\u00e9n\u00e9ralement d\u00e9crits comme \u00e9tant moins intenses que ceux d&#039;autres tryptamines, telles que le DMT, le DET et le DPT. Donc, si vous recherchez une alternative plus douce au DMT, au DET ou au DPT, alors l&#039;EPT est une option solide pour vous.\u00a0<\/span><span data-ccp-props=\"{}\">\u00a0<\/span><\/p>\n<p style=\"font-weight: 400;\">\n<h2 style=\"font-weight: 500;\"><span data-contrast=\"none\">O\u00f9 acheter l\u2019EPT ?\u00a0<\/span><span data-ccp-props=\"{}\">\u00a0<\/span><\/h2>\n<p><span data-contrast=\"none\">Chemical Planet est l&#039;un des principaux fournisseurs d&#039;EPT. Nous vendons l&#039;EPT dans les deux pays\u00a0<\/span><span data-contrast=\"none\">hcl<\/span><span data-contrast=\"none\">\u00a0et des formes de poudre de fumarate. Cependant, si vous pr\u00e9f\u00e9rez d\u2019autres formes de produit chimique, n\u2019h\u00e9sitez pas \u00e0 nous contacter pour voir si nous l\u2019avons disponible.\u00a0<\/span><span data-ccp-props=\"{}\">\u00a0<\/span><\/p>\n<p><span data-contrast=\"none\">Pour acheter l&#039;EPT aupr\u00e8s de Chemical Planet, vous devez \u00eatre l\u00e9galement autoris\u00e9 \u00e0 le faire dans votre pays et vous devez \u00e9galement avoir plus de 18 ans. Notre EPT est uniquement destin\u00e9 \u00e0 des fins de recherche. Il n\u2019est pas con\u00e7u pour un usage animal ou humain.\u00a0<\/span><span data-ccp-props=\"{}\">\u00a0<\/span><\/p>\n<p><span data-ccp-props=\"{}\">\u00a0<\/span><\/p>\n<h2 style=\"font-weight: 500;\"><span data-contrast=\"none\">L\u00e9galit\u00e9 de l&#039;EPT<\/span><span data-ccp-props=\"{}\">\u00a0<\/span><\/h2>\n<p><span data-contrast=\"none\">L&#039;EPT est un m\u00e9dicament de classe A au Royaume-Uni. Aux \u00c9tats-Unis, ce n\u2019est pas programm\u00e9. Cependant, il pourrait potentiellement \u00eatre consid\u00e9r\u00e9 comme un analogue du DMT, qui est un m\u00e9dicament de l\u2019Annexe I.<\/span><\/p>","protected":false},"excerpt":{"rendered":"<p><strong>Nom IUPAC\u00a0: <\/strong>3-[2-(\u00e9thyl(propyl)amino)\u00e9thyl]-1H-indole<\/p>\n<p><strong>Autre nom: <\/strong>N-\u00e9thyl-N-propyltryptamine<\/p>\n<p><strong>Apparence : <\/strong>poudre<\/p>\n<p><strong>Formulaire: <\/strong>fumarate<\/p>\n<p><strong>Analyse RMN\u00a0: <\/strong>N \/ A<\/p>","protected":false},"featured_media":8776,"comment_status":"open","ping_status":"closed","template":"","meta":[],"product_brand":[],"product_cat":[96],"product_tag":[],"class_list":{"0":"post-8729","1":"product","2":"type-product","3":"status-publish","4":"has-post-thumbnail","6":"product_cat-buy-tryptamines-online","8":"first","9":"instock","10":"shipping-taxable","11":"purchasable","12":"product-type-variable"},"jetpack_sharing_enabled":true,"_links":{"self":[{"href":"https:\/\/rezeptfrei-apotheke.net\/fr\/wp-json\/wp\/v2\/product\/8729","targetHints":{"allow":["GET"]}}],"collection":[{"href":"https:\/\/rezeptfrei-apotheke.net\/fr\/wp-json\/wp\/v2\/product"}],"about":[{"href":"https:\/\/rezeptfrei-apotheke.net\/fr\/wp-json\/wp\/v2\/types\/product"}],"replies":[{"embeddable":true,"href":"https:\/\/rezeptfrei-apotheke.net\/fr\/wp-json\/wp\/v2\/comments?post=8729"}],"wp:featuredmedia":[{"embeddable":true,"href":"https:\/\/rezeptfrei-apotheke.net\/fr\/wp-json\/wp\/v2\/media\/8776"}],"wp:attachment":[{"href":"https:\/\/rezeptfrei-apotheke.net\/fr\/wp-json\/wp\/v2\/media?parent=8729"}],"wp:term":[{"taxonomy":"product_brand","embeddable":true,"href":"https:\/\/rezeptfrei-apotheke.net\/fr\/wp-json\/wp\/v2\/product_brand?post=8729"},{"taxonomy":"product_cat","embeddable":true,"href":"https:\/\/rezeptfrei-apotheke.net\/fr\/wp-json\/wp\/v2\/product_cat?post=8729"},{"taxonomy":"product_tag","embeddable":true,"href":"https:\/\/rezeptfrei-apotheke.net\/fr\/wp-json\/wp\/v2\/product_tag?post=8729"}],"curies":[{"name":"wp","href":"https:\/\/api.w.org\/{rel}","templated":true}]}}