{"id":8995,"date":"2023-10-21T11:00:54","date_gmt":"2023-10-21T11:00:54","guid":{"rendered":"https:\/\/rezeptfrei-apotheke.net\/?post_type=product&#038;p=8995"},"modified":"2025-11-01T23:20:28","modified_gmt":"2025-11-01T23:20:28","slug":"buy-4-ho-malt","status":"publish","type":"product","link":"https:\/\/rezeptfrei-apotheke.net\/fr\/product\/buy-4-ho-malt\/","title":{"rendered":"4-ACO-MALT"},"content":{"rendered":"<h2><strong>ACHETER 4-HO-MALT<\/strong><\/h2>\n<p>Le 4-HO-MALT, \u00e9galement connu sous le nom de 4-Ac\u00e9toxy-MALT, est une substance relativement rare et tr\u00e8s rare de la classe des tryptamines et est similaire au 4-ac\u00e9toxy-DMT et au 5-MeO-MALT. La structure mol\u00e9culaire et les effets pharmacologiques du 4-HO-MALT ressemblent quelque peu \u00e0 ceux de la tryptamine psilocine, qui est le principal produit chimique psychoactif pr\u00e9sent dans les champignons magiques. Les champignons \u00e0 psilocybine, mieux connus sous le nom de champignons magiques, champignons psych\u00e9d\u00e9liques, champignons magiques et champis, sont une famille de champignons psychoactifs qui contiennent de la psilocybine, une classe psych\u00e9d\u00e9lique de tryptamine. La psilocine est une substance psych\u00e9d\u00e9lique naturelle et le principal constituant psychoactif de certaines esp\u00e8ces de champignons. Les champignons \u00e0 psilocybine sont pr\u00e9sents sur tous les continents et sont class\u00e9s en plus de 200 esp\u00e8ces.<\/p>\n<p>&nbsp;<\/p>\n<h2><strong>COMMENT UTILISER LA POUDRE 4-HO-MALT ?<\/strong><\/h2>\n<p>Achetez du 4-HO-MALT et l&#039;une des meilleures tryptamines psych\u00e9d\u00e9liques en ligne sous forme de poudre de la plus haute qualit\u00e9. 4-HO-MALT est disponible dans les quantit\u00e9s 0,25gr, 0,5gr, 1gr et 2gr. Assurez-vous de conserver la poudre 4-HO-MALT dans un endroit sec et frais pour une dur\u00e9e de conservation maximale. Lorsque vous manipulez des produits chimiques de recherche, assurez-vous de toujours prendre les pr\u00e9cautions appropri\u00e9es dans le laboratoire, comme essuyer les surfaces et porter des gants, un masque et des v\u00eatements de protection. Nous vous conseillons fortement d&#039;utiliser des pratiques de r\u00e9duction des m\u00e9faits lors de l&#039;utilisation de produits chimiques de recherche.<\/p>\n<p>&nbsp;<\/p>\n<h2><strong>D\u00c9FINITION 4-HO-MALT<\/strong><\/h2>\n<p>La d\u00e9finition du 4-HO-MALT est officiellement connue sous le nom de 4-Ac\u00e9toxy-MALT. Il s&#039;agit d&#039;une substance relativement rare et tr\u00e8s rare de la classe des tryptamines.<\/p>\n<p>&nbsp;<\/p>\n<h2><strong>INFORMATIONS G\u00c9N\u00c9RALES SUR LA CHIMIE 4-HO-MALT<\/strong><\/h2>\n<p>Le 4-HO-MALT est similaire au 4-ac\u00e9toxy-DMT et au 5-MeO-MALT. La structure mol\u00e9culaire et les r\u00e9sultats pharmacologiques du 4-ac\u00e9toxy-MALT ressemblent quelque peu \u00e0 ceux de la tryptamine psilocine, qui est le principal produit chimique psychoactif pr\u00e9sent dans les champignons magiques. La psilocybine est chimiquement apparent\u00e9e au tryptophane, un acide amin\u00e9, et structurellement similaire au neurotransmetteur s\u00e9rotonine. Les substances de la classe des tryptamines partagent le noyau d\u2019un cycle indole bicyclique.<\/p>\n<p>&nbsp;<\/p>\n<h2><strong>O ACHETER 4-HO-MALT<\/strong><\/h2>\n<p>4-HO-MALT peut \u00eatre achet\u00e9 ici sur le <a href=\"https:\/\/rezeptfrei-apotheke.net\/fr\/\">rchemshop<\/a> site web. Nous vendons du 4-HO-MALT de qualit\u00e9 sup\u00e9rieure, g\u00e9n\u00e9ralement en poudre. Cependant, nous avons souvent d&#039;autres formes de substances disponibles, alors n&#039;h\u00e9sitez pas \u00e0 nous contacter pour voir si nous avons en stock votre forme de substance pr\u00e9f\u00e9r\u00e9e. Vous devez avoir au moins 18 ans pour acheter du 4-HO-MALT chez nous.<\/p>","protected":false},"excerpt":{"rendered":"<p><strong>Nom IUPAC\u00a0: <\/strong>Ac\u00e9tate de 3-(2-(allyl(m\u00e9thyl)amino)\u00e9thyl)-1H-indol-4-yle<\/p>\n<p><strong>Autre nom: <\/strong>4-Ac\u00e9toxy-MALT<\/p>\n<p><strong>Analyse RMN\u00a0: <\/strong>C16H20N2O2<\/p>","protected":false},"featured_media":9018,"comment_status":"open","ping_status":"closed","template":"","meta":[],"product_brand":[],"product_cat":[96],"product_tag":[],"class_list":{"0":"post-8995","1":"product","2":"type-product","3":"status-publish","4":"has-post-thumbnail","6":"product_cat-buy-tryptamines-online","8":"first","9":"instock","10":"shipping-taxable","11":"purchasable","12":"product-type-variable"},"jetpack_sharing_enabled":true,"_links":{"self":[{"href":"https:\/\/rezeptfrei-apotheke.net\/fr\/wp-json\/wp\/v2\/product\/8995","targetHints":{"allow":["GET"]}}],"collection":[{"href":"https:\/\/rezeptfrei-apotheke.net\/fr\/wp-json\/wp\/v2\/product"}],"about":[{"href":"https:\/\/rezeptfrei-apotheke.net\/fr\/wp-json\/wp\/v2\/types\/product"}],"replies":[{"embeddable":true,"href":"https:\/\/rezeptfrei-apotheke.net\/fr\/wp-json\/wp\/v2\/comments?post=8995"}],"wp:featuredmedia":[{"embeddable":true,"href":"https:\/\/rezeptfrei-apotheke.net\/fr\/wp-json\/wp\/v2\/media\/9018"}],"wp:attachment":[{"href":"https:\/\/rezeptfrei-apotheke.net\/fr\/wp-json\/wp\/v2\/media?parent=8995"}],"wp:term":[{"taxonomy":"product_brand","embeddable":true,"href":"https:\/\/rezeptfrei-apotheke.net\/fr\/wp-json\/wp\/v2\/product_brand?post=8995"},{"taxonomy":"product_cat","embeddable":true,"href":"https:\/\/rezeptfrei-apotheke.net\/fr\/wp-json\/wp\/v2\/product_cat?post=8995"},{"taxonomy":"product_tag","embeddable":true,"href":"https:\/\/rezeptfrei-apotheke.net\/fr\/wp-json\/wp\/v2\/product_tag?post=8995"}],"curies":[{"name":"wp","href":"https:\/\/api.w.org\/{rel}","templated":true}]}}