{"id":8997,"date":"2023-10-21T11:00:54","date_gmt":"2023-10-21T11:00:54","guid":{"rendered":"https:\/\/rezeptfrei-apotheke.net\/?post_type=product&#038;p=8997"},"modified":"2025-09-17T03:09:10","modified_gmt":"2025-09-17T03:09:10","slug":"dpt-hcl","status":"publish","type":"product","link":"https:\/\/rezeptfrei-apotheke.net\/fr\/product\/dpt-hcl\/","title":{"rendered":"DPT HCL"},"content":{"rendered":"<h2><strong>Qu&#039;est-ce que le DPT<\/strong><strong>?<\/strong><\/h2>\n<p>Achetez du DPT ou de la Dipropyltryptamine ou de la N,N-Dipropyltryptamine est un membre de la classe des Tryptamine. Le DPT est un produit chimique cens\u00e9 provoquer de forts changements psych\u00e9d\u00e9liques. Il est associ\u00e9 aux effets d&#039;am\u00e9lioration spirituelle synonymes du DMT et de l&#039;Ayahuasca. Des rapports anecdotiques ont mentionn\u00e9 des exp\u00e9riences telles que l&#039;\u00e9ternalisme, le pr\u00e9d\u00e9terminisme et l&#039;exposition per\u00e7ue aux m\u00e9canismes internes de la conscience. En raison de la force du DPT, il est d\u00e9conseill\u00e9 de le tester sur des participants ayant peu d&#039;exp\u00e9rience psych\u00e9d\u00e9lique. Des rapports indiquent qu&#039;il est tr\u00e8s similaire au DMT, tant en termes d&#039;effets que d&#039;impr\u00e9visibilit\u00e9 des effets secondaires. Le DTC peut donner des r\u00e9sultats tr\u00e8s impr\u00e9visibles, veillez donc \u00e0 ce que des mesures pr\u00e9alables de r\u00e9duction des risques soient mises en place avant que l&#039;exp\u00e9rimentation ait lieu. Il est important de noter que le DPT n&#039;est pas destin\u00e9 \u00e0 la consommation humaine et que des mesures ad\u00e9quates doivent \u00eatre prises lors de recherches exp\u00e9rimentales.<\/p>\n<h2><strong>Propri\u00e9t\u00e9s chimiques du DPT<\/strong><\/h2>\n<p>Formule chimique\u00a0: C16H24N2<\/p>\n<p>Masse molaire : 244,37 g\/mol<\/p>\n<p>Le DPT fait partie de la classe des tryptamines, c&#039;est une mol\u00e9cule d&#039;indole synth\u00e9tique. Toutes les tryptamines partagent une structure centrale compos\u00e9e d&#039;un h\u00e9t\u00e9rocycle indole bicyclique qui peut \u00eatre trouv\u00e9 attach\u00e9 en R3 via une cha\u00eene lat\u00e9rale \u00e9thyle \u00e0 un groupe amino. Deux cha\u00eenes de carbone propyle peuvent \u00eatre trouv\u00e9es dans le DPT li\u00e9es \u00e0 l&#039;amine terminale RN de son squelette tryptamine.<\/p>\n<h2><strong>Utilisation du TPD<\/strong><\/h2>\n<p>Bien que peu de recherches aient \u00e9t\u00e9 men\u00e9es sur le DPT, il semble y avoir une certaine coh\u00e9rence quant aux effets du produit chimique de recherche sur les participants \u00e0 la recherche exp\u00e9rimentale.<\/p>\n<p>Voici quelques effets potentiels du DTC. En raison du manque de recherches effectu\u00e9es sur le DTC, cette liste est loin d&#039;\u00eatre exhaustive\u00a0:<\/p>\n<ul>\n<li>Euphorie physique<\/li>\n<li>Modifications de la gravit\u00e9 ressentie<\/li>\n<li>Modifications de la forme corporelle ressentie<\/li>\n<li>Am\u00e9lioration du contr\u00f4le corporel<\/li>\n<li>Effet de d\u00e9rive sur la perception visuelle (morphing, fusion, \u00e9coulement, respiration)<\/li>\n<\/ul>\n<h2><strong>Quels sont les effets secondaires potentiels du DTC\u00a0?<\/strong><\/h2>\n<p>Il est important d\u2019\u00eatre prudent lors de l\u2019exp\u00e9rimentation du DPT en raison du manque de recherches partag\u00e9es sur le produit chimique et ses effets sur les humains.<\/p>\n<p>Ce qui suit n&#039;est en aucun cas une liste exhaustive des effets secondaires potentiels du DPT, mais donnera une id\u00e9e des effets secondaires potentiels qui peuvent \u00eatre ressentis lors de recherches men\u00e9es avec ce produit chimique.<\/p>\n<p><strong>Certains des effets secondaires connus du DTC comprennent\u00a0:<\/strong><\/p>\n<ul>\n<li><strong>Perte de contr\u00f4le du moteur\u00a0:\u00a0<\/strong>cela semble \u00eatre un effet secondaire courant concernant des substances comme le DPT.<\/li>\n<li><strong>Dilatation de la pupille:\u00a0<\/strong>Il a \u00e9t\u00e9 rapport\u00e9 que les participants avaient montr\u00e9 des pupilles plus grandes que la normale sous l&#039;influence du DTC.<\/li>\n<li><strong>Rougeurs cutan\u00e9es\u00a0:<\/strong>\u00a0Une rougeur de la peau et une sensation de rougeur chaude sont un autre effet secondaire potentiel.<\/li>\n<li><strong>D\u00e9sorientation spatiale\u00a0:\u00a0<\/strong>commun parmi les effets de ceux de la famille des tryptamines, particuli\u00e8rement avec les psych\u00e9d\u00e9liques plus forts.<\/li>\n<\/ul>\n<h2><strong>Tol\u00e9rance DPT<\/strong><\/h2>\n<p>La tol\u00e9rance au DPT serait similaire \u00e0 celle du DMT. Par cons\u00e9quent, dans les 2 heures, le participant revient \u00e0 la ligne de base. Contrairement \u00e0 de nombreuses autres tryptamines, l&#039;utilisation du DPT n&#039;entra\u00eene aucun conflit de tol\u00e9rance crois\u00e9e avec d&#039;autres psych\u00e9d\u00e9liques, leur puissance restera donc la m\u00eame.<\/p>\n<h2><strong>L\u00e9galit\u00e9:<\/strong><\/h2>\n<p><strong>ROYAUME-UNI<\/strong>\u00a0\u2013 Le DPT est consid\u00e9r\u00e9 comme un m\u00e9dicament de classe A.<\/p>\n<p><strong>Allemagne -\u00a0<\/strong>Le DPT est contr\u00f4l\u00e9 sous NpSG.<\/p>\n<p><strong>Suisse -\u00a0<\/strong>vous le trouverez d\u00e9sign\u00e9 comme substance contr\u00f4l\u00e9e en Suisse sous Verzeichnis E.<\/p>\n<p><strong>Su\u00e8de -\u00a0<\/strong>Le DPT est une substance contr\u00f4l\u00e9e depuis 2016 en Su\u00e8de.<\/p>\n<p><strong>ETATS-UNIS -\u00a0<\/strong>Le DPT n&#039;est pas r\u00e9glement\u00e9, mais il s&#039;agit d&#039;un analogue du DET qui est un stup\u00e9fiant r\u00e9glement\u00e9 aux \u00c9tats-Unis. Par cons\u00e9quent, un exp\u00e9rimentateur peut se retrouver en difficult\u00e9 avec la loi en vertu de la loi f\u00e9d\u00e9rale sur les analogies.<\/p>\n<h2><strong>O\u00f9 acheter <\/strong><strong>DPT HCL<\/strong><strong>?<\/strong><\/h2>\n<p>Chez Chemical Planet, nous proposons du DPT de haute qualit\u00e9. Tous nos produits chimiques sont test\u00e9s par des tiers. Nous ne vendons aucun produit chimique destin\u00e9 \u00e0 la consommation humaine. Vous devez avoir au moins 18 ans pour acheter chez <a href=\"https:\/\/rezeptfrei-apotheke.net\/fr\/\">Rchemshop<\/a><\/p>","protected":false},"excerpt":{"rendered":"<p><strong>Nom IUPAC\u00a0: <\/strong>N-[2-(1H-indol-3-yl)]\u00e9thyl-N-propylpropan-1-amine<\/p>\n<p><strong>CAS# <\/strong>61-52-9<\/p>\n<p><strong>Autre nom: <\/strong>N,N-Dipropyltryptamine<\/p>\n<p><strong>Apparence : <\/strong>poudre<\/p>\n<p><strong>Formulaire: <\/strong>hcl<\/p>\n<p><strong>Analyse RMN\u00a0: <\/strong>C16H24N2<\/p>","protected":false},"featured_media":9020,"comment_status":"open","ping_status":"closed","template":"","meta":[],"product_brand":[],"product_cat":[96],"product_tag":[],"class_list":{"0":"post-8997","1":"product","2":"type-product","3":"status-publish","4":"has-post-thumbnail","6":"product_cat-buy-tryptamines-online","8":"first","9":"instock","10":"shipping-taxable","11":"purchasable","12":"product-type-variable"},"jetpack_sharing_enabled":true,"_links":{"self":[{"href":"https:\/\/rezeptfrei-apotheke.net\/fr\/wp-json\/wp\/v2\/product\/8997","targetHints":{"allow":["GET"]}}],"collection":[{"href":"https:\/\/rezeptfrei-apotheke.net\/fr\/wp-json\/wp\/v2\/product"}],"about":[{"href":"https:\/\/rezeptfrei-apotheke.net\/fr\/wp-json\/wp\/v2\/types\/product"}],"replies":[{"embeddable":true,"href":"https:\/\/rezeptfrei-apotheke.net\/fr\/wp-json\/wp\/v2\/comments?post=8997"}],"wp:featuredmedia":[{"embeddable":true,"href":"https:\/\/rezeptfrei-apotheke.net\/fr\/wp-json\/wp\/v2\/media\/9020"}],"wp:attachment":[{"href":"https:\/\/rezeptfrei-apotheke.net\/fr\/wp-json\/wp\/v2\/media?parent=8997"}],"wp:term":[{"taxonomy":"product_brand","embeddable":true,"href":"https:\/\/rezeptfrei-apotheke.net\/fr\/wp-json\/wp\/v2\/product_brand?post=8997"},{"taxonomy":"product_cat","embeddable":true,"href":"https:\/\/rezeptfrei-apotheke.net\/fr\/wp-json\/wp\/v2\/product_cat?post=8997"},{"taxonomy":"product_tag","embeddable":true,"href":"https:\/\/rezeptfrei-apotheke.net\/fr\/wp-json\/wp\/v2\/product_tag?post=8997"}],"curies":[{"name":"wp","href":"https:\/\/api.w.org\/{rel}","templated":true}]}}