{"id":8998,"date":"2023-10-21T11:00:54","date_gmt":"2023-10-21T11:00:54","guid":{"rendered":"https:\/\/rezeptfrei-apotheke.net\/?post_type=product&#038;p=8998"},"modified":"2025-09-17T03:08:03","modified_gmt":"2025-09-17T03:08:03","slug":"5-meo-dipt-2","status":"publish","type":"product","link":"https:\/\/rezeptfrei-apotheke.net\/fr\/product\/5-meo-dipt-2\/","title":{"rendered":"5-MeO-DiPT"},"content":{"rendered":"<div class=\"wpb-content-wrapper\"><div class=\"vc_row wpb_row vc_row-fluid\"><div class=\"wpb_column vc_column_container vc_col-sm-12\"><div class=\"vc_column-inner\"><div class=\"wpb_wrapper\">\n\t<div class=\"wpb_text_column wpb_content_element\" >\n\t\t<div class=\"wpb_wrapper\">\n\t\t\t<h2><strong>Qu&#039;est-ce que le 5-MeO-DiPT\u00a0?<\/strong><\/h2>\n<p>Le 5-MeO-DiPT, \u00e9galement connu famili\u00e8rement sous le nom de Foxy et Foxy Methoxy, est une drogue psych\u00e9d\u00e9lique de la classe des tryptamines. Il a \u00e9t\u00e9 synth\u00e9tis\u00e9 pour la premi\u00e8re fois au milieu des ann\u00e9es 1970 par Alexander Shulgin et un rapport d\u00e9taill\u00e9 a \u00e9t\u00e9 inclus dans son livre TiHKAL (Tryptamines I Have Known And Loved) de 1997.<\/p>\n<p>Bien que des recherches limit\u00e9es aient \u00e9t\u00e9 men\u00e9es sur cette substance, des rapports anecdotiques indiquent qu&#039;elle ne poss\u00e8de pas les propri\u00e9t\u00e9s hallucinog\u00e8nes typiques trouv\u00e9es dans d&#039;autres tryptamines plus populaires telles que la Mescaline et le LSD. Au lieu de cela, il est connu pour ses effets de laboratoire hautement stimulants et entactog\u00e8nes.<\/p>\n<p>Il est important de noter que le 5-MeO-DiPT n\u2019a pas \u00e9t\u00e9 approuv\u00e9 pour la consommation humaine et n\u2019est disponible qu\u2019en tant que produit chimique de recherche.<\/p>\n<h2><\/h2>\n\n\t\t<\/div>\n\t<\/div>\n<\/div><\/div><\/div><\/div>\n<\/div>","protected":false},"excerpt":{"rendered":"<p><strong>Nom IUPAC\u00a0: <\/strong>3-[2-(Diisopropylamino)\u00e9thyl]indole<\/p>\n<p><strong>CAS# <\/strong>nul<\/p>\n<p><strong>Autre nom: <\/strong>N,N-Diisopropyltryptamine<\/p>\n<p><strong>Apparence : <\/strong>poudre<\/p>\n<p><strong>Formulaire: <\/strong>fumarate<\/p>\n<p><strong>Analyse RMN\u00a0: <\/strong>N \/ A<\/p>","protected":false},"featured_media":9021,"comment_status":"open","ping_status":"closed","template":"","meta":[],"product_brand":[],"product_cat":[96],"product_tag":[],"class_list":{"0":"post-8998","1":"product","2":"type-product","3":"status-publish","4":"has-post-thumbnail","6":"product_cat-buy-tryptamines-online","8":"first","9":"instock","10":"shipping-taxable","11":"purchasable","12":"product-type-variable"},"jetpack_sharing_enabled":true,"_links":{"self":[{"href":"https:\/\/rezeptfrei-apotheke.net\/fr\/wp-json\/wp\/v2\/product\/8998","targetHints":{"allow":["GET"]}}],"collection":[{"href":"https:\/\/rezeptfrei-apotheke.net\/fr\/wp-json\/wp\/v2\/product"}],"about":[{"href":"https:\/\/rezeptfrei-apotheke.net\/fr\/wp-json\/wp\/v2\/types\/product"}],"replies":[{"embeddable":true,"href":"https:\/\/rezeptfrei-apotheke.net\/fr\/wp-json\/wp\/v2\/comments?post=8998"}],"wp:featuredmedia":[{"embeddable":true,"href":"https:\/\/rezeptfrei-apotheke.net\/fr\/wp-json\/wp\/v2\/media\/9021"}],"wp:attachment":[{"href":"https:\/\/rezeptfrei-apotheke.net\/fr\/wp-json\/wp\/v2\/media?parent=8998"}],"wp:term":[{"taxonomy":"product_brand","embeddable":true,"href":"https:\/\/rezeptfrei-apotheke.net\/fr\/wp-json\/wp\/v2\/product_brand?post=8998"},{"taxonomy":"product_cat","embeddable":true,"href":"https:\/\/rezeptfrei-apotheke.net\/fr\/wp-json\/wp\/v2\/product_cat?post=8998"},{"taxonomy":"product_tag","embeddable":true,"href":"https:\/\/rezeptfrei-apotheke.net\/fr\/wp-json\/wp\/v2\/product_tag?post=8998"}],"curies":[{"name":"wp","href":"https:\/\/api.w.org\/{rel}","templated":true}]}}