{"id":9007,"date":"2023-10-21T11:00:55","date_gmt":"2023-10-21T11:00:55","guid":{"rendered":"https:\/\/rezeptfrei-apotheke.net\/?post_type=product&#038;p=9007"},"modified":"2026-02-15T15:21:11","modified_gmt":"2026-02-15T15:21:11","slug":"buy-4-aco-mipt-online","status":"publish","type":"product","link":"https:\/\/rezeptfrei-apotheke.net\/fr\/product\/buy-4-aco-mipt-online\/","title":{"rendered":"4-ACO-MIPT"},"content":{"rendered":"<div class=\"wpb-content-wrapper\"><div class=\"vc_row wpb_row vc_row-fluid\"><div class=\"wpb_column vc_column_container vc_col-sm-12\"><div class=\"vc_column-inner\"><div class=\"wpb_wrapper\">\n\t<div class=\"wpb_text_column wpb_content_element\" >\n\t\t<div class=\"wpb_wrapper\">\n\t\t\t<h2>Buy 4-ACO-MIPT Online<\/h2>\n<p>La 4-AcO-MiPT, ou 4-Acetoxy-MiPT, \u00e9galement connue sous le nom de miprac\u00e9tine, est une tryptamine psych\u00e9d\u00e9lique. Chez RealChems, vous pouvez acheter du 4-AcO-MiPT sous forme de poudre de la plus haute qualit\u00e9, disponible en quantit\u00e9s de 0,25 gramme, 0,5 gramme, 1 gramme et 2 grammes.<\/p>\n<p>Le compos\u00e9 \u00e9tant relativement nouveau et peu \u00e9tudi\u00e9, il n\u2019existe pas beaucoup de donn\u00e9es pharmacologiques disponibles. Cependant, la plupart des compos\u00e9s 4-AcO, et les tryptamines en g\u00e9n\u00e9ral, sont souvent sans danger \u00e0 moins d&#039;\u00eatre utilis\u00e9s de mani\u00e8re excessive ou de produire des effets secondaires \u00e9vidents comme une charge corporelle importante.<\/p>\n<h2><strong>COMMENT UTILISER LA POUDRE 4-ACO-MIPT\u00a0<\/strong><\/h2>\n<p>Realchems propose du 4-AcO-MiPT en vente sous forme de poudre de la plus haute qualit\u00e9. Vous pouvez acheter de la poudre 4-AcO-MiPT en quantit\u00e9s de 0,25 gramme, 0,5 gramme, 1 gramme ou 2 grammes. Assurez-vous de conserver le 4-AcO-MiPT dans un endroit sec et frais pour une dur\u00e9e de conservation maximale. Lorsque vous manipulez des produits chimiques de recherche, assurez-vous de toujours prendre les pr\u00e9cautions appropri\u00e9es dans le laboratoire, comme essuyer les surfaces et porter des gants, un masque et des v\u00eatements de protection.<\/p>\n<p>Pour la plupart, le 4-AcO-MiPT sous forme de poudre est le meilleur moyen d\u2019exp\u00e9rimenter cette substance. La poudre peut \u00eatre utilis\u00e9e seule \u00e0 titre exp\u00e9rimental, mais elle peut \u00e9galement \u00eatre dilu\u00e9e dans un liquide et m\u00e9lang\u00e9e \u00e0 un flacon compte-gouttes. G\u00e9n\u00e9ralement, vous obtenez une meilleure affaire lorsque vous achetez de la poudre 4-AcO-MiPT que si vous achetiez d&#039;autres formes, car vous ne payez pas le co\u00fbt de pr\u00e9paration du produit.<\/p>\n<h2><strong>D\u00c9FINITION 4-ACO-MIPT<\/strong><\/h2>\n<p>La d\u00e9finition du m\u00e9dicament 4-AcO-MiPT est officiellement connue sous le nom de 4-Ac\u00e9toxy-MiPT, \u00e9galement appel\u00e9 miprac\u00e9tine, est un compos\u00e9 psych\u00e9d\u00e9lique qui est le plus souvent compar\u00e9 \u00e0 la psilocine, ou 4-AcO MiPT.<\/p>\n<h2><strong>INFORMATIONS G\u00c9N\u00c9RALES SUR LA CHIMIE 4-ACO-MIPT<\/strong><\/h2>\n<p>En raison des similitudes partag\u00e9es entre le 4-AcO-MiPT et le 4-HO-MiPT, les chercheurs se sont demand\u00e9 si le 4-Ac\u00e9toxy-MiPT ne se transformait pas facilement en 4-HO-MiPT. Ceci est similaire \u00e0 la conversion de la psilocybine qui se transforme facilement en psilocine.<\/p>\n<p>Pour cette raison, les effets du 4-AcO-MiPT et du 4-HO-MiPT sont extr\u00eamement similaires, m\u00eame si l&#039;on pourrait s&#039;attendre \u00e0 ce que la quantit\u00e9 requise de 4-AcO-MiPT requise pour la recherche soit l\u00e9g\u00e8rement plus \u00e9lev\u00e9e. Si la substance est effectivement facilement convertie en 4-HO-MiPT, une partie serait probablement perdue au cours du processus de conversion et une dose plus \u00e9lev\u00e9e serait donc n\u00e9cessaire.<\/p>\n<h2><strong>O ACHETER 4-ACO-MIPT<\/strong><\/h2>\n<p>Le 4-AcO-MiPT peut \u00eatre achet\u00e9 ici sur le <a href=\"https:\/\/rezeptfrei-apotheke.net\/fr\/\">Rchemshop<\/a> Nous vendons du 4-AcO-MiPT de qualit\u00e9 sup\u00e9rieure, g\u00e9n\u00e9ralement en poudre. Cependant, nous avons souvent d&#039;autres formes de substances disponibles, alors n&#039;h\u00e9sitez pas \u00e0 nous contacter pour voir si nous avons en stock votre forme de substance pr\u00e9f\u00e9r\u00e9e. Vous devez avoir au moins 18 ans pour acheter du 4-AcO-MiPT chez nous.<\/p>\n\n\t\t<\/div>\n\t<\/div>\n<\/div><\/div><\/div><\/div>\n<\/div>","protected":false},"excerpt":{"rendered":"<p><strong>Nom IUPAC\u00a0: <\/strong>Ac\u00e9tate de [3-[2-[isopropyl(m\u00e9thyl)amino]\u00e9thyl]-1H-indol-4-yl]<\/p>\n<p><strong>Autre nom: <\/strong>4-ac\u00e9toxy-N-isopropyl-N-m\u00e9thyltryptamine<\/p>\n<p><strong>Apparence : <\/strong>poudre<\/p>\n<p><strong>Formulaire: <\/strong>fumarate<\/p>\n<p><strong>Analyse RMN\u00a0: <\/strong>N \/ A<\/p>","protected":false},"featured_media":9027,"comment_status":"open","ping_status":"closed","template":"","meta":[],"product_brand":[],"product_cat":[96],"product_tag":[],"class_list":{"0":"post-9007","1":"product","2":"type-product","3":"status-publish","4":"has-post-thumbnail","6":"product_cat-buy-tryptamines-online","8":"first","9":"instock","10":"shipping-taxable","11":"purchasable","12":"product-type-variable"},"jetpack_sharing_enabled":true,"_links":{"self":[{"href":"https:\/\/rezeptfrei-apotheke.net\/fr\/wp-json\/wp\/v2\/product\/9007","targetHints":{"allow":["GET"]}}],"collection":[{"href":"https:\/\/rezeptfrei-apotheke.net\/fr\/wp-json\/wp\/v2\/product"}],"about":[{"href":"https:\/\/rezeptfrei-apotheke.net\/fr\/wp-json\/wp\/v2\/types\/product"}],"replies":[{"embeddable":true,"href":"https:\/\/rezeptfrei-apotheke.net\/fr\/wp-json\/wp\/v2\/comments?post=9007"}],"wp:featuredmedia":[{"embeddable":true,"href":"https:\/\/rezeptfrei-apotheke.net\/fr\/wp-json\/wp\/v2\/media\/9027"}],"wp:attachment":[{"href":"https:\/\/rezeptfrei-apotheke.net\/fr\/wp-json\/wp\/v2\/media?parent=9007"}],"wp:term":[{"taxonomy":"product_brand","embeddable":true,"href":"https:\/\/rezeptfrei-apotheke.net\/fr\/wp-json\/wp\/v2\/product_brand?post=9007"},{"taxonomy":"product_cat","embeddable":true,"href":"https:\/\/rezeptfrei-apotheke.net\/fr\/wp-json\/wp\/v2\/product_cat?post=9007"},{"taxonomy":"product_tag","embeddable":true,"href":"https:\/\/rezeptfrei-apotheke.net\/fr\/wp-json\/wp\/v2\/product_tag?post=9007"}],"curies":[{"name":"wp","href":"https:\/\/api.w.org\/{rel}","templated":true}]}}