{"id":9009,"date":"2023-10-21T11:00:55","date_gmt":"2023-10-21T11:00:55","guid":{"rendered":"https:\/\/rezeptfrei-apotheke.net\/?post_type=product&#038;p=9009"},"modified":"2025-11-26T22:10:12","modified_gmt":"2025-11-26T22:10:12","slug":"buy-3-fma-online","status":"publish","type":"product","link":"https:\/\/rezeptfrei-apotheke.net\/fr\/product\/buy-3-fma-online\/","title":{"rendered":"3-FMA"},"content":{"rendered":"<div class=\"wpb-content-wrapper\"><div class=\"vc_row wpb_row vc_row-fluid\"><div class=\"wpb_column vc_column_container vc_col-sm-12\"><div class=\"vc_column-inner\"><div class=\"wpb_wrapper\">\n\t<div class=\"wpb_text_column wpb_content_element\" >\n\t\t<div class=\"wpb_wrapper\">\n\t\t\t<h2>Buy 3-FMA Online<\/h2>\n<p>Le 3-FMA est un nouveau compos\u00e9 d&#039;amph\u00e9tamine synth\u00e9tique qui produit des r\u00e9sultats de recherche entactog\u00e8nes et stimulants. Suite \u00e0 l&#039;introduction du 3-FEA, le 3-FMA est ensuite entr\u00e9 sur le march\u00e9 des produits chimiques de recherche en tant que compos\u00e9 structurellement li\u00e9 \u00e0 une s\u00e9rie d&#039;amph\u00e9tamines fluor\u00e9es substitu\u00e9es, cela comprenait \u00e0 l&#039;origine des compos\u00e9s tels que\u00a0; 2-FMA, 3-FA, 4-FMA, 4-FA.<\/p>\n<h2><strong>COMMENT UTILISER LA POUDRE 3-FMA ?<\/strong><\/h2>\n<p>Achetez le produit chimique de recherche 3-FMA en ligne sous forme de poudre de la plus haute qualit\u00e9. Achetez du 3-FMA en quantit\u00e9s 0,5gr, 1gr, 2gr, 5gr ou 10g. Assurez-vous de conserver la poudre de 3-FMA dans un endroit sec et frais pour une dur\u00e9e de conservation maximale. Conserver dans un endroit sec et frais pour une dur\u00e9e de conservation maximale. Lorsque vous manipulez des produits chimiques de recherche, assurez-vous de toujours prendre les pr\u00e9cautions appropri\u00e9es dans le laboratoire, comme essuyer les surfaces et porter des gants, un masque et des v\u00eatements de protection.<\/p>\n<h2><strong>D\u00c9FINITION 3-FMA<\/strong><\/h2>\n<p>La d\u00e9finition du 3-FMA est officiellement connue sous le nom de 3-Fluorom\u00e9thamph\u00e9tamine, un compos\u00e9 amph\u00e9tamine synth\u00e9tique. Le 3-FMA est structurellement li\u00e9 \u00e0 une s\u00e9rie d&#039;amph\u00e9tamines qui comprenaient \u00e0 l&#039;origine des compos\u00e9s tels que le 2-FMA, le 3-FA, le 4-FMA et le 4-FA.<\/p>\n<h2><strong>INFORMATIONS G\u00c9N\u00c9RALES SUR LA CHIMIE 3-FEA<\/strong><\/h2>\n<p>La 3-fluorom\u00e9thamph\u00e9tamine est une mol\u00e9cule de la classe des amph\u00e9tamines. Les mol\u00e9cules de la classe des amph\u00e9tamines contiennent un groupe m\u00e9thyle li\u00e9 \u00e0 l&#039;amine terminale RN du noyau amph\u00e9tamine, une substitution qu&#039;elle partage avec la m\u00e9thamph\u00e9tamine. La 3-FMA est la m\u00e9thamph\u00e9tamine analogique fluor\u00e9e en 3 positions. On suppose actuellement qu\u2019il existe davantage de r\u00e9sultats de recherche sur les stimulants entactog\u00e8nes. De plus, le 3-FMA est structurellement similaire au 2-FMA et au 4-FMA. Le 3-FMA n&#039;a pas \u00e9t\u00e9 \u00e9tudi\u00e9 au m\u00eame niveau que les amph\u00e9tamines traditionnelles. Il est donc fortement conseill\u00e9 d&#039;utiliser des mesures de s\u00e9curit\u00e9 de r\u00e9duction des risques si vous utilisez cette substance.<\/p>\n<h2><strong>O ACHETER 3-FMA<\/strong><\/h2>\n<p>3-FMA peut \u00eatre achet\u00e9 ici sur le <a href=\"https:\/\/rezeptfrei-apotheke.net\/fr\/\">Rchemshop<\/a> site web. Nous vendons du 3-FMA de qualit\u00e9 sup\u00e9rieure, g\u00e9n\u00e9ralement en poudre. Cependant, nous avons souvent d&#039;autres formes de substances disponibles, alors n&#039;h\u00e9sitez pas \u00e0 nous contacter pour voir si nous avons en stock votre forme de substance pr\u00e9f\u00e9r\u00e9e. Vous devez avoir au moins 18 ans pour acheter du 3-FMA chez nous.<\/p>\n\n\t\t<\/div>\n\t<\/div>\n<\/div><\/div><\/div><\/div>\n<\/div>","protected":false},"excerpt":{"rendered":"<p><strong>Nom IUPAC\u00a0: <\/strong>1-(3-fluoroph\u00e9nyl)-N-m\u00e9thylpropan-2-amine<\/p>\n<p><strong>CAS# <\/strong>13415-59-3<\/p>\n<p><strong>Formulaire: <\/strong>poudre<\/p>","protected":false},"featured_media":9029,"comment_status":"open","ping_status":"closed","template":"","meta":[],"product_brand":[],"product_cat":[93],"product_tag":[],"class_list":{"0":"post-9009","1":"product","2":"type-product","3":"status-publish","4":"has-post-thumbnail","6":"product_cat-order-pills-online","8":"first","9":"instock","10":"shipping-taxable","11":"purchasable","12":"product-type-variable"},"jetpack_sharing_enabled":true,"_links":{"self":[{"href":"https:\/\/rezeptfrei-apotheke.net\/fr\/wp-json\/wp\/v2\/product\/9009","targetHints":{"allow":["GET"]}}],"collection":[{"href":"https:\/\/rezeptfrei-apotheke.net\/fr\/wp-json\/wp\/v2\/product"}],"about":[{"href":"https:\/\/rezeptfrei-apotheke.net\/fr\/wp-json\/wp\/v2\/types\/product"}],"replies":[{"embeddable":true,"href":"https:\/\/rezeptfrei-apotheke.net\/fr\/wp-json\/wp\/v2\/comments?post=9009"}],"wp:featuredmedia":[{"embeddable":true,"href":"https:\/\/rezeptfrei-apotheke.net\/fr\/wp-json\/wp\/v2\/media\/9029"}],"wp:attachment":[{"href":"https:\/\/rezeptfrei-apotheke.net\/fr\/wp-json\/wp\/v2\/media?parent=9009"}],"wp:term":[{"taxonomy":"product_brand","embeddable":true,"href":"https:\/\/rezeptfrei-apotheke.net\/fr\/wp-json\/wp\/v2\/product_brand?post=9009"},{"taxonomy":"product_cat","embeddable":true,"href":"https:\/\/rezeptfrei-apotheke.net\/fr\/wp-json\/wp\/v2\/product_cat?post=9009"},{"taxonomy":"product_tag","embeddable":true,"href":"https:\/\/rezeptfrei-apotheke.net\/fr\/wp-json\/wp\/v2\/product_tag?post=9009"}],"curies":[{"name":"wp","href":"https:\/\/api.w.org\/{rel}","templated":true}]}}