{"id":8295,"date":"2023-10-21T10:56:57","date_gmt":"2023-10-21T10:56:57","guid":{"rendered":"https:\/\/rezeptfrei-apotheke.net\/?post_type=product&#038;p=8295"},"modified":"2023-10-21T10:58:27","modified_gmt":"2023-10-21T10:58:27","slug":"fluorexetamine-fxe","status":"publish","type":"product","link":"https:\/\/rezeptfrei-apotheke.net\/it\/product\/fluorexetamine-fxe\/","title":{"rendered":"Fluorexetamina (FXE)"},"content":{"rendered":"<h2>panaceachems.com offre prodotti non destinati al consumo umano.<br \/>\nInformazioni generali Fluorexetamina<\/h2>\n<p>La fluorexetamina (cloridrato) \u00e8 uno standard analitico scientifico classificato come arilcicloesilammina. Questo articolo \u00e8 previsto per la ricerca e le applicazioni misurabili.<\/p>\n<p>La fluorexetamina \u00e8 un prodotto chimico di ricerca per il pianificatore sportivo con effetti dissociativi. Una sostanza chimica per la ricerca sportiva nota come fluorexetamina (3-Fluoro-2-Oxo-PCE, FXE) \u00e8 stata venduta sul web a partire dal 2017.<\/p>\n<p>Anche se esiste da qualche tempo, \u00e8 rimasto generalmente raro. La fluorexetamina \u00e8 una sostanza chimica di ricerca sui pianificatori sportivi della famiglia delle arilcicloesilammine e le sue propriet\u00e0 possono essere molto dissociative. Tuttavia, \u00e8 pronto a circolare su Internet dal 2017 e il suo utilizzo \u00e8 rimasto relativamente senza precedenti.<\/p>\n<p>La situazione \u00e8 cambiata nell\u2019aprile 2022, quando il riconoscimento algoritmico della sostanza chimica di ricerca su Reddit ha provocato un allarme. Da quel momento in poi, le notizie sulla fluorexetamina si sono raddoppiate, nonostante fossero al massimo storico nell\u2019aprile 2022. Le propriet\u00e0 fisiologiche e tossicologiche di questo composto non sono state esaminate. L&#039;utilizzo di questa sostanza chimica dovrebbe essere per scopi di ricerca e misurabili, per cos\u00ec dire. Attenzione a questo oggetto non \u00e8 tanto per uso umano o veterinario.<\/p>\n<h3>Composizione chimica della fluorexetamina<\/h3>\n<p>La fluorexetamina (3\u2032- Fluoro-2-oxo-PCE, FXE) \u00e8 una sostanza chimica di ricerca di design sportivo della famiglia delle arilcicloesilammine con effetti dissociativi. Presumibilmente \u00e8 stato venduto sul web dal 2017 circa. Tuttavia, \u00e8 rimasto moderatamente straordinario.<\/p>\n<p>La sua equazione \u00e8 C14H18FNO e la sua massa molare \u00e8 235,302 g\u2022mol\u22121.<\/p>\n<p>&nbsp;<\/p>\n<h3>Farmacologia della fluorexetamina<\/h3>\n<p>La fluoxetina esercita i suoi effetti ostruendo la ricaptazione della serotonina nei neuroni presinaptici della serotonina, ostacolando la proteina trasportatrice della ricaptazione situata nel terminale presinaptico. La fluoxetina ha inoltre un&#039;azione delicata sui recettori 5HT2A e 5HT2C.<\/p>\n<p>La fluoxetina viene consumata dopo somministrazione orale, \u00e8 profondamente legata alle proteine e ha un enorme volume di trasporto. L&#039;emiesistenza di eliminazione della fluoxetina \u00e8 di circa 1-4 giorni, mentre quella del suo metabolita norfluoxetina dura da 7 a 15 giorni. La fluoxetina ha un profilo farmacocinetico non lineare.<\/p>\n<p>&nbsp;<\/p>\n<h3>Acquista fluorexetamina di alta qualit\u00e0<\/h3>\n<p>Panacea Chems vanta molti anni di esperienza nel settore della progettazione di prodotti chimici di ricerca, il che ci consente di garantire la massima qualit\u00e0 di questi prodotti chimici di ricerca. Il team di ricerca chimica vende fluorexetamina. I prodotti chimici di ricerca, comprese le fluorexetamine, soddisfano tutti i requisiti di sicurezza. I prodotti chimici per la ricerca vengono distribuiti con cura e conservati in un luogo fresco e asciutto.<\/p>\n<p>Tutti i prodotti vengono regolarmente ispezionati per qualit\u00e0, purezza e sicurezza. Conservare sempre la fluorexetamina a temperatura ambiente e fuori dalla portata di bambini e animali domestici. La nostra fluorexetamina non \u00e8 destinata all&#039;uso personale. \u00c8 solo a scopo di ricerca.<\/p>\n<p>Non deve essere mescolato con alcol o sostanze chimiche di ricerca durante la ricerca di questa sostanza chimica di ricerca!<\/p>\n<p>Tutti i nostri prodotti hanno un prezzo equo!<\/p>\n<p>&nbsp;<\/p>\n<h3>Fluorexetamina testata in laboratorio con risultati.<\/h3>\n<p>Rifa il progresso verso la soddisfazione generale dei suoi clienti. Diversi esami hanno dimostrato che i clienti richiedono tutti i dati previsti prima di acquistare prodotti chimici di ricerca sintetici. Inoltre, pubblichiamo tutte le conseguenze di laboratorio di ciascun composto d&#039;esame su un record PDF.<\/p>\n<p>Il nostro cristallo di fluorexetamina soddisfa costantemente i principi attivi e pu\u00f2 essere visto direttamente da tutti.<\/p>\n<p>Distribuiamo tutte le conseguenze di laboratorio di ciascuna sostanza chimica di ricerca su un documento PDF.<\/p>\n<p>&nbsp;<\/p>\n<h3>Ordina in tutta sicurezza dalla fluorexetamina.<\/h3>\n<p>I prodotti chimici di ricerca di progettazione Panacea Chems sono di eccellente qualit\u00e0 e hanno un costo ragionevole. Pertanto, quando richiedi i tuoi prodotti chimici di ricerca a Panacea Chems, ti garantiamo che trasmetteremo la tua richiesta a casa tua in modo rapido e sicuro, poich\u00e9 la vendita di prodotti chimici di ricerca \u00e8 sempre disponibile su Panacea Chems.<\/p>\n<p>Richiedere composti di ricerca sintetici con Bitcoin o bonifico bancario \u00e8 semplice presso Panacea Chems.<\/p>\n<p>Spediamo la polvere di prodotti chimici per la ricerca lo stesso giorno lavorativo se il pagamento viene ricevuto prima delle 15:00 CEST.<\/p>\n<p>Non forniamo articoli a persone di et\u00e0 inferiore ai 18 anni!<\/p>\n<p>La vendita di prodotti chimici di ricerca \u00e8 solo a scopo di ricerca.<\/p>\n<p>&nbsp;<\/p>\n<p>Spedizione discreta di prodotti chimici per la ricerca.<\/p>\n<p>Panacea Chems imballer\u00e0 il tuo ordine in modo sicuro e protetto per assicurare un trasporto adeguato. Inoltre, facciamo le valigie con la massima discrezione e all&#039;esterno non verr\u00e0 mostrato alcun segno di ci\u00f2 che potrebbe esserci all&#039;interno.<\/p>\n<p>&nbsp;<\/p>\n<h3>Precauzioni<\/h3>\n<ul>\n<li>Acquistare i dispositivi di protezione individuale adeguati come occhiali e guanti. Puliscili e prenditi cura di loro in modo appropriato. Segui sistemi sicuri quando maneggi prodotti chimici di ricerca e non prendere scorciatoie.<\/li>\n<li>Se la sostanza chimica di ricerca entra in contatto con gli occhi, sciacquare bene ed eliminare le lenti a contatto se fondamentale.<\/li>\n<li>Prova a usare una maschera mentre usi queste sostanze chimiche in modo che non ti entrino dentro mentre respiri.<\/li>\n<li>Come indicato dai metodi supportati, maneggiare, conservare e smaltire in modo sicuro i materiali pericolosi. Non versarli mai in fogne o canali.<\/li>\n<li>Conservare i prodotti chimici di ricerca in modo appropriato, come indicato sui loro nomi. Le sostanze chimiche infiammabili dovrebbero essere conservate in cannabis eccellente e asciutta, lontano dall&#039;intensit\u00e0 e dalla luce del giorno. Alcuni materiali sintetici, come gli acidi, dovrebbero essere conservati indipendentemente l&#039;uno dall&#039;altro.<\/li>\n<li>I farmaci Panacea offerti a rc sono a scopo di ricerca; il consumo umano \u00e8 altamente proibito.<\/li>\n<\/ul>","protected":false},"excerpt":{"rendered":"<p><strong>Nome IUPAC: <\/strong>2-(etilammino)-2-(3-fluorofenil)cicloesan-1-one<\/p>\n<p><strong>Altro nome: <\/strong>FXE<\/p>\n<p><strong>Modulo: <\/strong>cristallo<\/p>\n<p><strong>Analisi NMR: <\/strong>C14H18FNO<\/p>","protected":false},"featured_media":8319,"comment_status":"open","ping_status":"closed","template":"","meta":[],"product_brand":[],"product_cat":[90],"product_tag":[],"class_list":{"0":"post-8295","1":"product","2":"type-product","3":"status-publish","4":"has-post-thumbnail","6":"product_cat-buy-dissociatives","8":"first","9":"instock","10":"shipping-taxable","11":"purchasable","12":"product-type-variable"},"jetpack_sharing_enabled":true,"_links":{"self":[{"href":"https:\/\/rezeptfrei-apotheke.net\/it\/wp-json\/wp\/v2\/product\/8295","targetHints":{"allow":["GET"]}}],"collection":[{"href":"https:\/\/rezeptfrei-apotheke.net\/it\/wp-json\/wp\/v2\/product"}],"about":[{"href":"https:\/\/rezeptfrei-apotheke.net\/it\/wp-json\/wp\/v2\/types\/product"}],"replies":[{"embeddable":true,"href":"https:\/\/rezeptfrei-apotheke.net\/it\/wp-json\/wp\/v2\/comments?post=8295"}],"wp:featuredmedia":[{"embeddable":true,"href":"https:\/\/rezeptfrei-apotheke.net\/it\/wp-json\/wp\/v2\/media\/8319"}],"wp:attachment":[{"href":"https:\/\/rezeptfrei-apotheke.net\/it\/wp-json\/wp\/v2\/media?parent=8295"}],"wp:term":[{"taxonomy":"product_brand","embeddable":true,"href":"https:\/\/rezeptfrei-apotheke.net\/it\/wp-json\/wp\/v2\/product_brand?post=8295"},{"taxonomy":"product_cat","embeddable":true,"href":"https:\/\/rezeptfrei-apotheke.net\/it\/wp-json\/wp\/v2\/product_cat?post=8295"},{"taxonomy":"product_tag","embeddable":true,"href":"https:\/\/rezeptfrei-apotheke.net\/it\/wp-json\/wp\/v2\/product_tag?post=8295"}],"curies":[{"name":"wp","href":"https:\/\/api.w.org\/{rel}","templated":true}]}}