{"id":8378,"date":"2023-10-21T10:57:48","date_gmt":"2023-10-21T10:57:48","guid":{"rendered":"https:\/\/rezeptfrei-apotheke.net\/?post_type=product&#038;p=8378"},"modified":"2023-10-21T10:58:55","modified_gmt":"2023-10-21T10:58:55","slug":"o-dsmt-hcl","status":"publish","type":"product","link":"https:\/\/rezeptfrei-apotheke.net\/it\/product\/o-dsmt-hcl\/","title":{"rendered":"O-DSMT HCL"},"content":{"rendered":"<h2><strong>Informazioni generali su O-DSMT HCL<\/strong><\/h2>\n<p>L&#039;O-desmetiltramadolo cloridrato (O-DSMT HCl) \u00e8 una sostanza chimica di ricerca strutturalmente correlata al tramadolo. \u00c8 comunemente noto con altri nomi, come desmetramadol o O-dsmt. O-DSMT \u00e8 un metabolita del tramadolo.<\/p>\n<p><strong>Polvere O-DSMT\u00a0<\/strong>\u00e8 stato studiato per le sue propriet\u00e0 specifiche e ha dimostrato di avere effetti simili al tramadolo. Agisce fondamentalmente come un agonista del recettore mu-oppioide, legando e attivando i recettori mu-oppioidi.<\/p>\n<p>Come sostanza chimica di ricerca<strong>, O-DSMT HCl<\/strong>\u00a0possono essere acquisiti tramite venditori specializzati o fornitori che si rivolgono alla comunit\u00e0 di ricerca. I ricercatori potrebbero utilizzarlo per studiarne le propriet\u00e0 farmacologiche, analizzarne gli effetti o esplorarne le potenziali applicazioni in vari campi.<\/p>\n<p>\u00c8 necessario notare che le particolari propriet\u00e0 farmacologiche e i meccanismi dell\u2019O-DSMT sono ancora in fase di studio e sono necessarie ulteriori ricerche per comprenderne appieno le azioni e i potenziali effetti. Inoltre, la farmacocinetica, il metabolismo e il profilo di sicurezza dell&#039;O-DSMT possono variare da ricerca a ricerca.<\/p>\n<h3><strong>Composizione chimica di O-DSMT HCL<\/strong><\/h3>\n<p>La composizione chimica dell&#039;O-desmetiltramadolo cloridrato (O-DSMT HCl) \u00e8 la seguente:<\/p>\n<p>&nbsp;<\/p>\n<ol>\n<li>O-Desmetiltramadolo (O-DSMT): il componente attivo principale di O-DSMT HCl \u00e8 O-Desmetiltramadolo, il principale metabolita del tramadolo. L&#039;O-DSMT \u00e8 strutturalmente correlato al tramadolo ma \u00e8 privo del gruppo N-metilico del composto originario.<\/li>\n<\/ol>\n<p>&nbsp;<\/p>\n<ol start=\"2\">\n<li>Cloridrato (HCl): O-DSMT viene comunemente somministrato come sale cloridrato, noto come O-DSMT HCl. L&#039;aggiunta di cloridrato a O-DSMT ne migliora la stabilit\u00e0 e la solubilit\u00e0, rendendolo adatto alla ricerca.<\/li>\n<\/ol>\n<p>&nbsp;<\/p>\n<p>La struttura chimica dell&#039;O-Desmetiltramadolo (O-DSMT) \u00e8 simile al tramadolo ma manca del gruppo N-metilico. Pu\u00f2 essere rappresentato come:<\/p>\n<p>&nbsp;<\/p>\n<p>O-desmetiltramadolo (O-DSMT):<\/p>\n<p><strong>Formula chimica<\/strong>: C15H23NO2<\/p>\n<p>Questa formula indica che O-DSMT HCL \u00e8 costituito da quindici atomi di carbonio (C15), ventitr\u00e9 atomi di idrogeno (H23), un atomo di azoto (N) e due atomi di ossigeno (O2).<\/p>\n<p>Peso molecolare: circa 249,35 g\/mol<\/p>\n<p>Peso molecolare: varia (il peso della frazione HCl viene aggiunto al peso di O-DSMT per formare O-DSMT HCl)<\/p>\n<p>&nbsp;<\/p>\n<p>&nbsp;<\/p>\n<h3><strong>Acquista O-DSMT HCL di alta qualit\u00e0.<\/strong><\/h3>\n<p><strong>Farmaci panacei\u00a0<\/strong>vanta molti anni di esperienza nel settore della progettazione chimica di ricerca, il che ci consente di garantire il meglio di questi prodotti chimici di ricerca.\u00a0<strong>Acquisto O-DSMT HCL<\/strong>\u00a0\u00e8 semplice e ha la massima qualit\u00e0. La spesa di O-DSMT HCL \u00e8 inferiore rispetto ad altre organizzazioni. I prodotti chimici di ricerca, incluso O-DSMT HCL, soddisfano tutte le necessit\u00e0 di sicurezza. Le sostanze sintetiche di ricerca vengono distribuite con cura e conservate in un luogo fresco e asciutto.<\/p>\n<p>.<\/p>\n<p>Tutte le sostanze chimiche vengono costantemente valutate in termini di qualit\u00e0, sicurezza e purezza. Conservare O-DSMT HCL a temperatura ambiente. \u00c8 per scopi di ricerca, per cos\u00ec dire.<\/p>\n<p>I nostri prodotti hanno un prezzo equo e puoi acquistare la sostanza di ricerca O-DSMT HCL online a prezzi eccezionalmente convenienti<strong>.<\/strong><\/p>\n<p>&nbsp;<\/p>\n<h3><strong>O-DSMT HCL testato in laboratorio con risultati.<\/strong><\/h3>\n<p>Rifa il progresso verso la soddisfazione generale dei suoi clienti. Diversi esami hanno dimostrato che i clienti richiedono tutti i dati previsti prima di acquistare prodotti chimici di ricerca sintetici. Inoltre, pubblichiamo tutte le conseguenze di laboratorio di ciascun composto d&#039;esame su un record PDF.<\/p>\n<p>Nostro\u00a0<strong>O-DSMT HCL\u00a0<\/strong>rispetta costantemente i principi attivi e pu\u00f2 essere visto da tutti.<\/p>\n<p>Distribuiamo tutte le conseguenze di laboratorio di ciascuna sostanza chimica di ricerca su un documento PDF.<\/p>\n<p>&nbsp;<\/p>\n<h3><strong>Ordina in tutta sicurezza la polvere O-DSMT.<\/strong><\/h3>\n<p>I prodotti chimici di ricerca di progettazione Panacea Chems sono di eccellente qualit\u00e0 e hanno un costo ragionevole. Pertanto, quando richiedi i tuoi prodotti chimici di ricerca a Panacea Chems, ti garantiamo che trasmetteremo la tua richiesta al tuo laboratorio di ricerca in modo rapido e sicuro, poich\u00e9 la vendita di prodotti chimici di ricerca \u00e8 sempre disponibile presso Panacea Chems.<\/p>\n<p>Richiedere composti di ricerca sintetici con Bitcoin o bonifico bancario \u00e8 semplice con Panacea Chems.<\/p>\n<p>Spediamo prodotti chimici di ricerca lo stesso giorno lavorativo se il pagamento viene ricevuto prima delle 15:00 CEST.<\/p>\n<p>Non forniamo articoli a persone di et\u00e0 inferiore ai 18 anni!<\/p>\n<p><strong>O-DSMT in vendita<\/strong>\u00a0\u00e8 solo a scopo di ricerca.<\/p>\n<p>&nbsp;<\/p>\n<h3><strong>Spedizione discreta di prodotti chimici per la ricerca.<\/strong><\/h3>\n<p>Panacea Chems imballer\u00e0 il tuo ordine in modo sicuro e protetto per garantire un trasporto adeguato. Inoltre, facciamo le valigie con la massima discrezione e all&#039;esterno non verr\u00e0 mostrato alcun segno di ci\u00f2 che potrebbe esserci all&#039;interno.<\/p>","protected":false},"excerpt":{"rendered":"<p><strong>Nome IUPAC: <\/strong>3-(2-((dimetilammino)metil)-1-idrossicicloesil)fenolo<\/p>\n<p><strong>CAS# <\/strong>80456-81-1<\/p>\n<p><strong>Altro nome: <\/strong>O-desmetiltramadolo<\/p>\n<p><strong>Aspetto: <\/strong>polvere<\/p>\n<p><strong>Analisi NMR: <\/strong>C15H23NO2<\/p>","protected":false},"featured_media":8427,"comment_status":"open","ping_status":"closed","template":"","meta":[],"product_brand":[],"product_cat":[92],"product_tag":[],"class_list":{"0":"post-8378","1":"product","2":"type-product","3":"status-publish","4":"has-post-thumbnail","6":"product_cat-others","8":"first","9":"instock","10":"shipping-taxable","11":"purchasable","12":"product-type-variable"},"jetpack_sharing_enabled":true,"_links":{"self":[{"href":"https:\/\/rezeptfrei-apotheke.net\/it\/wp-json\/wp\/v2\/product\/8378","targetHints":{"allow":["GET"]}}],"collection":[{"href":"https:\/\/rezeptfrei-apotheke.net\/it\/wp-json\/wp\/v2\/product"}],"about":[{"href":"https:\/\/rezeptfrei-apotheke.net\/it\/wp-json\/wp\/v2\/types\/product"}],"replies":[{"embeddable":true,"href":"https:\/\/rezeptfrei-apotheke.net\/it\/wp-json\/wp\/v2\/comments?post=8378"}],"wp:featuredmedia":[{"embeddable":true,"href":"https:\/\/rezeptfrei-apotheke.net\/it\/wp-json\/wp\/v2\/media\/8427"}],"wp:attachment":[{"href":"https:\/\/rezeptfrei-apotheke.net\/it\/wp-json\/wp\/v2\/media?parent=8378"}],"wp:term":[{"taxonomy":"product_brand","embeddable":true,"href":"https:\/\/rezeptfrei-apotheke.net\/it\/wp-json\/wp\/v2\/product_brand?post=8378"},{"taxonomy":"product_cat","embeddable":true,"href":"https:\/\/rezeptfrei-apotheke.net\/it\/wp-json\/wp\/v2\/product_cat?post=8378"},{"taxonomy":"product_tag","embeddable":true,"href":"https:\/\/rezeptfrei-apotheke.net\/it\/wp-json\/wp\/v2\/product_tag?post=8378"}],"curies":[{"name":"wp","href":"https:\/\/api.w.org\/{rel}","templated":true}]}}