{"id":8379,"date":"2023-10-21T10:57:48","date_gmt":"2023-10-21T10:57:48","guid":{"rendered":"https:\/\/rezeptfrei-apotheke.net\/?post_type=product&#038;p=8379"},"modified":"2023-10-21T10:58:55","modified_gmt":"2023-10-21T10:58:55","slug":"bromonordiazepam-pellets-25mg","status":"publish","type":"product","link":"https:\/\/rezeptfrei-apotheke.net\/it\/product\/bromonordiazepam-pellets-25mg\/","title":{"rendered":"granuli di bromonordiazepam 2,5 mg"},"content":{"rendered":"<h2>panaceachems.com offre prodotti non destinati al consumo umano.<br \/>\n<strong>Informazioni generali sui pellet di Bromonordiazepam<\/strong><\/h2>\n<p>Il bromonordiazepam \u00e8 stato creato e sviluppato nel 1983 per varie circostanze neurologiche, tra cui disturbi del sonno e tensione. Poi, alla fine, si \u00e8 scoperto che in caso di gonfiore persistente del cervello dopo un intervento di neurochirurgia, il bromonordiazepam poteva essere utilizzato anche<\/p>\n<p>utile.<\/p>\n<p>Il bromonordiazepam \u00e8 un subordinato della tienodiazepina che \u00e8 un analogo delle benzodiazepine.<\/p>\n<p>Il bromonordiazepam garantisce che l&#039;intero corpo si rilassi e diminuisca la tensione. Numerosi clienti non forniscono sondaggi, ma diventano estremamente letargici dal Bromonordiazepam.<\/p>\n<p>La ricerca ha dimostrato che il bromonordiazepam ha un&#039;emivita di circa 3,5 ore e ha un impatto pi\u00f9 volte pi\u00f9 radicato del diazepam.<\/p>\n<h3><strong>Composizione chimica<\/strong><\/h3>\n<p>Il bromonordiazepam (9 metil 6 h thieno 3,2 f 1.2.4) \u00e8 un derivato strutturale in cui l&#039;anello benzenico \u00e8 soppiantato da un anello tiofenico, raggruppandolo come diazepina da 4,3 a 1,4.<\/p>\n<p>Con il composto Formula molecolare: C17H15ClN4S4-(2 Clorofenil-2-etil-9-metil-6H-tieno[3,2-f][1,2,4]triazolo[4,3-a][1,4] diazepina.<\/p>\n<h3><strong>Farmacologia Granuli di bromonordiazepam<\/strong><\/h3>\n<p>Il bromazepam \u00e8 una benzodiazepina \u201cclassica\u201d; altre benzodiazepine tradizionali includono: diazepam, clonazepam, oxazepam, lorazepam, nitrazepam, flurazepam e clorazepato. La sua struttura subatomica \u00e8 costituita da una diazepina associata ad un anello benzenico e ad un anello piridinico, l&#039;anello benzenico ha uno iota di azoto solitario che sostituisce una delle molecole di carbonio nella struttura dell&#039;anello.<\/p>\n<p>Il tiofene \u00e8 un anello a cinque membri dall&#039;odore dolce (triazolo da 4,3 a 1,4) con una particella di zolfo che contiene un anello di tiofene fuso con un anello diazepinico, un anello a sette membri con le due parti azotate in R 1 e R 4 . Questo struttura l&#039;(etil 9 metil 6h) di Bromonordiazepam.<\/p>\n<p>Una catena etilica \u00e8 legata a questa costruzione biciclica in R 7. Successivamente si apre il canale delle particelle di cloro correlato al recettore GABA. Nel Bromonordiazepam, l&#039;anello benzenico \u00e8 soppiantato da un anello tiofenico associato a R1 e R2 di questo anello diazepinico.<\/p>\n<p>Il bromonordiazepam rientra quindi tra le tienotriazolobenzodiazepine, uno stimolante.<\/p>\n<h3><strong>Acquista pellet di bromonordiazepam di alta qualit\u00e0.<\/strong><\/h3>\n<p>TRRCSHOP vanta molti anni di esperienza nel settore della progettazione di prodotti chimici di ricerca, consentendoci di garantire la massima qualit\u00e0 di questi prodotti chimici di ricerca. Il team di ricerca chimica vende pellet di bromonordiazepam e pellet da 2,5 mg. I prodotti chimici di ricerca, compresi i pellet di bromonordiazepam, soddisfano tutti i requisiti di sicurezza. I prodotti chimici per la ricerca vengono distribuiti con cura e conservati in un luogo fresco e asciutto.<\/p>\n<p>Tutti i prodotti vengono regolarmente ispezionati per qualit\u00e0, purezza e sicurezza. Conservare sempre i pellet di bromonordiazepam a temperatura ambiente e fuori dalla portata di bambini e animali domestici. I nostri pellet di bromonordiazepam non sono destinati all&#039;uso personale. \u00c8 solo a scopo di ricerca.<\/p>\n<p>Non deve essere mescolato con alcol o sostanze chimiche di ricerca durante la ricerca di questa sostanza chimica di ricerca!<\/p>\n<p>Tutti i nostri prodotti hanno un prezzo equo!<\/p>\n<h3><strong>Pellet di bromonordiazepam testati in laboratorio con risultati.<\/strong><\/h3>\n<p>Rifa il progresso verso la soddisfazione generale dei suoi clienti. Diversi esami hanno dimostrato che i clienti richiedono tutti i dati previsti prima di acquistare prodotti chimici di ricerca sintetici. Inoltre, pubblichiamo tutte le conseguenze di laboratorio di ciascun composto d&#039;esame su un record PDF.<\/p>\n<p>I nostri pellet di bromonordiazepam soddisfano costantemente i principi attivi e possono essere visti direttamente da tutti.<\/p>\n<p>Distribuiamo tutte le conseguenze di laboratorio di ciascuna sostanza chimica di ricerca su un documento PDF.<\/p>\n<h3><strong>Ordina in tutta sicurezza dai pellet di bromonordiazepam.<\/strong><\/h3>\n<p>I prodotti chimici di ricerca designer TRRCSHOP sono di ottima qualit\u00e0 e hanno un costo giusto. Pertanto, nel momento in cui richiedi il tuo\u00a0<strong>Pellet di bromonordiazepam\u00a0<\/strong>noi di TRRCSHOP ti garantiamo che porteremo la tua richiesta a casa tua in modo rapido e sicuro.<\/p>\n<p>Richiedere composti di ricerca sintetici con Bitcoin o bonifico bancario \u00e8 semplice su TRRCSHOP.<\/p>\n<p>Spediamo i pellet di bromonordiazepam lo stesso giorno lavorativo se il pagamento viene ricevuto prima delle 14:00 CEST. Solitamente non effettuiamo spedizioni il sabato, la domenica o nei giorni festivi nazionali\/internazionali<strong>.<\/strong><\/p>\n<h3><strong>Spedizione discreta di prodotti chimici per la ricerca.<\/strong><\/h3>\n<p>Anche se i prodotti chimici di ricerca di progettazione sono legalmente accessibili online, noi di TRRCSHOP consegniamo in modo pi\u00f9 sicuro e ragionevole. Inoltre, facciamo le valigie con la massima discrezione e all&#039;esterno non verr\u00e0 mostrato alcun segno di ci\u00f2 che potrebbe esserci all&#039;interno.<\/p>\n<p>Inviamo ordini superiori a 500 euro con track and follow in modo che tu possa seguire il tuo pacchetto progressivamente. Inoltre spediamo ordini superiori a 500 euro con la tratta accessibile.<\/p>\n<p>Non forniamo articoli a persone di et\u00e0 inferiore ai 18 anni!<\/p>\n<h3><strong>Precauzioni<\/strong><\/h3>\n<ul>\n<li>Acquistare i dispositivi di protezione individuale adeguati come occhiali e guanti. Puliscili e prenditi cura di loro in modo appropriato. Segui sistemi sicuri quando maneggi prodotti chimici di ricerca e non prendere scorciatoie.<\/li>\n<li>Se la sostanza chimica di ricerca entra in contatto con gli occhi, sciacquare bene ed eliminare le lenti a contatto se fondamentale.<\/li>\n<li>Prova a usare una maschera mentre usi queste sostanze chimiche in modo che non ti entrino dentro mentre respiri.<\/li>\n<li>Come indicato dai metodi supportati, maneggiare, conservare e smaltire in modo sicuro i materiali pericolosi. Non versarli mai in fogne o canali.<\/li>\n<li>Conservare i prodotti chimici di ricerca in modo appropriato, come indicato sui loro nomi. Le sostanze chimiche infiammabili dovrebbero essere conservate in cannabis eccellente e asciutta, lontano dall&#039;intensit\u00e0 e dalla luce del giorno. Alcuni materiali sintetici, come gli acidi, dovrebbero essere conservati indipendentemente l&#039;uno dall&#039;altro.<\/li>\n<li>TRRCSHOP offerto per scopi di ricerca; il consumo umano \u00e8 altamente proibito.<\/li>\n<\/ul>","protected":false},"excerpt":{"rendered":"<p><strong>Nome IUPAC: <\/strong>7-bromo-5-fenil-1,3-diidro-1,4-benzodiazepin-2-one<\/p>\n<p><strong>CAS# <\/strong>2894-61-3<\/p>\n<p><strong>Modulo: <\/strong>polvere<\/p>\n<p><strong>Analisi NMR: <\/strong>C15H11BrN2O<\/p>","protected":false},"featured_media":8429,"comment_status":"open","ping_status":"closed","template":"","meta":[],"product_brand":[],"product_cat":[93],"product_tag":[],"class_list":{"0":"post-8379","1":"product","2":"type-product","3":"status-publish","4":"has-post-thumbnail","6":"product_cat-order-pills-online","8":"first","9":"instock","10":"shipping-taxable","11":"purchasable","12":"product-type-variable"},"jetpack_sharing_enabled":true,"_links":{"self":[{"href":"https:\/\/rezeptfrei-apotheke.net\/it\/wp-json\/wp\/v2\/product\/8379","targetHints":{"allow":["GET"]}}],"collection":[{"href":"https:\/\/rezeptfrei-apotheke.net\/it\/wp-json\/wp\/v2\/product"}],"about":[{"href":"https:\/\/rezeptfrei-apotheke.net\/it\/wp-json\/wp\/v2\/types\/product"}],"replies":[{"embeddable":true,"href":"https:\/\/rezeptfrei-apotheke.net\/it\/wp-json\/wp\/v2\/comments?post=8379"}],"wp:featuredmedia":[{"embeddable":true,"href":"https:\/\/rezeptfrei-apotheke.net\/it\/wp-json\/wp\/v2\/media\/8429"}],"wp:attachment":[{"href":"https:\/\/rezeptfrei-apotheke.net\/it\/wp-json\/wp\/v2\/media?parent=8379"}],"wp:term":[{"taxonomy":"product_brand","embeddable":true,"href":"https:\/\/rezeptfrei-apotheke.net\/it\/wp-json\/wp\/v2\/product_brand?post=8379"},{"taxonomy":"product_cat","embeddable":true,"href":"https:\/\/rezeptfrei-apotheke.net\/it\/wp-json\/wp\/v2\/product_cat?post=8379"},{"taxonomy":"product_tag","embeddable":true,"href":"https:\/\/rezeptfrei-apotheke.net\/it\/wp-json\/wp\/v2\/product_tag?post=8379"}],"curies":[{"name":"wp","href":"https:\/\/api.w.org\/{rel}","templated":true}]}}