{"id":8380,"date":"2023-10-21T10:57:49","date_gmt":"2023-10-21T10:57:49","guid":{"rendered":"https:\/\/rezeptfrei-apotheke.net\/?post_type=product&#038;p=8380"},"modified":"2023-10-21T10:58:55","modified_gmt":"2023-10-21T10:58:55","slug":"gidazepam-pellets-3mg","status":"publish","type":"product","link":"https:\/\/rezeptfrei-apotheke.net\/it\/product\/gidazepam-pellets-3mg\/","title":{"rendered":"Granuli di Gidazepam 3 mg"},"content":{"rendered":"<h2>panaceachems.com offre prodotti non destinati al consumo umano.<br \/>\n<strong>Informazioni generali Gidazepam \u00a0<\/strong><\/h2>\n<p>Gidazepam, o idazepam o hidazepam, \u00e8 un prodotto chimico di ricerca che \u00e8 un subordinato anormale delle benzodiazepine creato nell&#039;Unione Sovietica. \u00c8 una benzodiazepina specificatamente ansiolitica. Ha anche un valore utile nella gestione di specifici problemi cardiovascolari, che possono essere nuovamente utilizzati per il trattamento energetico.<\/p>\n<p>Gidazepam \u00e8 una sostanza chimica pro-ricerca per il suo metabolita dinamico 7-Bromo-5-fenil-1,2-diidro-3H-1,4-benzodiazepina-2-one (desalchilgidazepam o Bromo-nordazepam). \u00c8 utilizzato come sostanza chimica di ricerca antiansia. Il metabolita attivo d\u00e0 essenzialmente effetti ansiolitici e l&#039;emivita del Gidazepam \u00e8 tra le pi\u00f9 lunghe tra tutti gli agonisti GABA-ergici. Un tranquillante diurno della serie delle benzodiazepine.<\/p>\n<h3><strong>Composizione chimica del Gidazepam<\/strong><\/h3>\n<p>Gidazepam \u00e8 una sostanza chimica pro-ricerca per il suo metabolita dinamico 7-Bromo-5-fenil-1,2-diidro-3H-1,4-benzodiazepina-2-one (desalchilgidazepam o Bromo-nordazepam).<\/p>\n<p>La sua equazione chimica \u00e8 C<sub>17<\/sub>H<sub>15<\/sub>BrN<sub>4<\/sub>O<sub>2,\u00a0<\/sub>e la sua massa molare \u00e8 387,2 g\u2022mol\u22121.<\/p>\n<p>&nbsp;<\/p>\n<h3><strong>Farmacologia del Gidazepam<\/strong><\/h3>\n<p>Ha un effetto attivante e una sostanza rilassante. Gidazepam \u00e8 utilizzato per il trattamento o la neutralizzazione delle aritmie cardiovascolari. Potrebbero influenzare il periodo di polarizzazione-ripolarizzazione del potenziale di attivit\u00e0, la sua sensibilit\u00e0 o recalcitranza, la conduzione della motivazione o la reattivit\u00e0 degli strati all&#039;interno delle fibre cardiovascolari.<\/p>\n<p>Gli agenti antiaritmici sono spesso classificati in quattro gruppi principali in base alla loro componente di attivit\u00e0: barra dei canali del sodio, barra beta-adrenergica, prolungamento della ripolarizzazione o blocco dei canali del calcio.<\/p>\n<h3><strong>Acquista Gidazepam di alta qualit\u00e0<\/strong><\/h3>\n<p>TRRCSHOP vanta molti anni di esperienza nel settore della progettazione di prodotti chimici di ricerca, consentendoci di garantire la massima qualit\u00e0 di questi prodotti chimici di ricerca. Il gruppo chimico di ricerca vende Gidazepam e pellet da 3 mg. I prodotti chimici di ricerca, compresi i Gidazepam, soddisfano tutti i requisiti di sicurezza. I prodotti chimici per la ricerca vengono distribuiti con cura e conservati in un luogo fresco e asciutto.<\/p>\n<p>Tutti i prodotti vengono regolarmente ispezionati per qualit\u00e0, purezza e sicurezza. Conservare sempre Gidazepam a temperatura ambiente e fuori dalla portata di bambini e animali domestici. Il nostro Gidazepam non \u00e8 destinato all&#039;uso personale. \u00c8 solo a scopo di ricerca.<\/p>\n<p>Non deve essere mescolato con alcol o sostanze chimiche di ricerca durante la ricerca di questa sostanza chimica di ricerca!<\/p>\n<p>Tutti i nostri prodotti hanno un prezzo equo!<\/p>\n<h3><strong>Gidazepam testato in laboratorio con risultati.<\/strong><\/h3>\n<p>Rifa il progresso verso la soddisfazione generale dei suoi clienti. Diversi esami hanno dimostrato che i clienti richiedono tutti i dati previsti prima di acquistare prodotti chimici di ricerca sintetici. Inoltre, pubblichiamo tutte le conseguenze di laboratorio di ciascun composto d&#039;esame su un record PDF.<\/p>\n<p>Il nostro Gidazepam contiene costantemente i principi attivi e pu\u00f2 essere visto direttamente da tutti.<\/p>\n<p>Distribuiamo tutte le conseguenze di laboratorio di ciascuna sostanza chimica di ricerca su un documento PDF.<\/p>\n<h3><strong>Ordina in sicurezza da Gidazepam.<\/strong><\/h3>\n<p>I prodotti chimici di ricerca designer TRRCSHOP sono di ottima qualit\u00e0 e hanno un costo giusto. Pertanto, nel momento in cui richiedi il tuo\u00a0<strong>Gidazepam\u00a0<\/strong>noi di TRRCSHOP ti garantiamo che porteremo la tua richiesta a casa tua in modo rapido e sicuro.<\/p>\n<p>Richiedere composti di ricerca sintetici con Bitcoin o bonifico bancario \u00e8 semplice su TRRCSHOP.<\/p>\n<p>Spediamo Gidazepam lo stesso giorno lavorativo se il pagamento viene ricevuto prima delle 14:00 CEST. Solitamente non effettuiamo spedizioni il sabato, la domenica o nei giorni festivi nazionali\/internazionali<strong>.<\/strong><\/p>\n<h3><strong>Spedizione discreta di prodotti chimici per la ricerca.<\/strong><\/h3>\n<p>Anche se i prodotti chimici di ricerca di progettazione sono legalmente accessibili online, noi di TRRCSHOP consegniamo in modo pi\u00f9 sicuro e ragionevole. Facciamo le valigie con molta discrezione e all&#039;esterno non verr\u00e0 mostrato alcun segno di ci\u00f2 che potrebbe esserci all&#039;interno.<\/p>\n<p>Inviamo ordini superiori a 500 euro con track and follow in modo che tu possa seguire il tuo pacchetto progressivamente. inviamo ordini superiori a 500 euro con traccia gratuita.<\/p>\n<p>Non forniamo articoli a persone di et\u00e0 inferiore ai 18 anni!<\/p>\n<h3><strong>Precauzioni<\/strong><\/h3>\n<ul>\n<li>Acquistare i dispositivi di protezione individuale adeguati come occhiali e guanti. Puliscili e prenditi cura di loro in modo appropriato. Segui sistemi sicuri quando maneggi prodotti chimici di ricerca e non prendere scorciatoie.<\/li>\n<li>Se la sostanza chimica di ricerca entra in contatto con gli occhi, sciacquare bene ed eliminare le lenti a contatto se fondamentale.<\/li>\n<li>Prova a usare una maschera mentre usi queste sostanze chimiche in modo che non ti entrino dentro mentre respiri.<\/li>\n<li>Come indicato dai metodi supportati, maneggiare, conservare e smaltire in modo sicuro i materiali pericolosi. Non versarli mai in fogne o canali.<\/li>\n<li>Conservare i prodotti chimici di ricerca in modo appropriato, come indicato sui loro nomi. Le sostanze chimiche infiammabili dovrebbero essere conservate in cannabis eccellente e asciutta, lontano dall&#039;intensit\u00e0 e dalla luce del giorno. Alcuni materiali sintetici, come gli acidi, dovrebbero essere conservati indipendentemente l&#039;uno dall&#039;altro.<\/li>\n<li>TRRCSHOP offerto per scopi di ricerca; il consumo umano \u00e8 altamente proibito.<\/li>\n<\/ul>","protected":false},"excerpt":{"rendered":"<p><strong>Nome IUPAC: <\/strong>7-bromo-5-fenil-1,2-diidro-3H-1,4-benzodiazepina-2-one<\/p>\n<p><strong>CAS# <\/strong>129186-29-4<\/p>\n<p><strong>Altro nome: <\/strong>desalchilgidazepam o bromo-nordazepam<\/p>\n<p><strong>Modulo: <\/strong>pellet<\/p>\n<p><strong>Analisi NMR: <\/strong>C15H11BrN2O<\/p>","protected":false},"featured_media":8430,"comment_status":"open","ping_status":"closed","template":"","meta":[],"product_brand":[],"product_cat":[93],"product_tag":[],"class_list":{"0":"post-8380","1":"product","2":"type-product","3":"status-publish","4":"has-post-thumbnail","6":"product_cat-order-pills-online","8":"first","9":"instock","10":"shipping-taxable","11":"purchasable","12":"product-type-variable"},"jetpack_sharing_enabled":true,"_links":{"self":[{"href":"https:\/\/rezeptfrei-apotheke.net\/it\/wp-json\/wp\/v2\/product\/8380","targetHints":{"allow":["GET"]}}],"collection":[{"href":"https:\/\/rezeptfrei-apotheke.net\/it\/wp-json\/wp\/v2\/product"}],"about":[{"href":"https:\/\/rezeptfrei-apotheke.net\/it\/wp-json\/wp\/v2\/types\/product"}],"replies":[{"embeddable":true,"href":"https:\/\/rezeptfrei-apotheke.net\/it\/wp-json\/wp\/v2\/comments?post=8380"}],"wp:featuredmedia":[{"embeddable":true,"href":"https:\/\/rezeptfrei-apotheke.net\/it\/wp-json\/wp\/v2\/media\/8430"}],"wp:attachment":[{"href":"https:\/\/rezeptfrei-apotheke.net\/it\/wp-json\/wp\/v2\/media?parent=8380"}],"wp:term":[{"taxonomy":"product_brand","embeddable":true,"href":"https:\/\/rezeptfrei-apotheke.net\/it\/wp-json\/wp\/v2\/product_brand?post=8380"},{"taxonomy":"product_cat","embeddable":true,"href":"https:\/\/rezeptfrei-apotheke.net\/it\/wp-json\/wp\/v2\/product_cat?post=8380"},{"taxonomy":"product_tag","embeddable":true,"href":"https:\/\/rezeptfrei-apotheke.net\/it\/wp-json\/wp\/v2\/product_tag?post=8380"}],"curies":[{"name":"wp","href":"https:\/\/api.w.org\/{rel}","templated":true}]}}