{"id":8381,"date":"2023-10-21T10:57:49","date_gmt":"2023-10-21T10:57:49","guid":{"rendered":"https:\/\/rezeptfrei-apotheke.net\/?post_type=product&#038;p=8381"},"modified":"2023-10-21T10:58:55","modified_gmt":"2023-10-21T10:58:55","slug":"flubrotizolam-05mg-bars","status":"publish","type":"product","link":"https:\/\/rezeptfrei-apotheke.net\/it\/product\/flubrotizolam-05mg-bars\/","title":{"rendered":"FLUBROTIZOLAM 0,5MG barrette"},"content":{"rendered":"<h2><strong>Informazioni generali sul flubrotizolam<\/strong><\/h2>\n<p>Il flubrotizolam \u00e8 una sostanza chimica di ricerca introdotta all\u2019inizio degli anni 2010<\/p>\n<p>Il flubrotizolam \u00e8 un potente derivato delle benzodiazepine e una sostanza chimica di ricerca che appartiene alla classe delle tienotriazolodiazepine.<\/p>\n<p>\u00c8 un derivato della benzodiazepina flubromazolam e si dice che abbia effetti chimici sostanziali.<\/p>\n<p>Il flubrotizolam ha il nome chimico 8-Bromo-6-(2-fluorofenil)-1-metil-4H-[1,2,4]triazolo[4,3-a][1,4]benzodiazepina. Condivide una struttura portante simile con altre benzodiazepine, costituita da un anello benzenico fuso con un anello diazepinico.<\/p>\n<p>A causa dell\u2019elevata potenza del flubrotizolam, secondo quanto riferito, l\u2019utilizzo richiesto per ottenere effetti significativi \u00e8 nell\u2019ordine dei microgrammi. Il microgrammo \u00e8 un millesimo di milligrammo (mg) e rappresenta una quantit\u00e0 estremamente piccola di una sostanza. La potenza di una sostanza chimica di ricerca si riferisce alla quantit\u00e0 di sostanza necessaria per produrre un effetto specifico. Nel caso del flubrotizolam, a causa della sua elevata potenza, anche quantit\u00e0 molto piccole possono avere effetti significativi nell&#039;esperimento.<\/p>\n<h3>\u00a0<strong>Composizione chimica del flubrotizolam<\/strong><\/h3>\n<p>La composizione chimica del flubrotizolam \u00e8 la seguente:<\/p>\n<p>Nome chimico: 8-bromo-6-(2-fluorofenil)-1-metil-4H-[1, 2, 4]triazolo[4,3-a][1,4]benzodiazepina<\/p>\n<p>Formula molecolare: C15H10BrFN4S<\/p>\n<p>La formula molecolare C15H10BrFN4S rappresenta un composto chimico composto da quindici atomi di carbonio (C15), dieci atomi di idrogeno (H10), un atomo di bromo (Br), un atomo di fluoro (F), quattro atomi di azoto (N4) e un atomo di zolfo ( S).<\/p>\n<p>Peso molecolare: 371,2 g\/mol<\/p>\n<p>Il flubrotizolam appartiene alla classe di sostanze chimiche di ricerca delle benzodiazepine e la sua struttura chimica deriva dal nucleo delle benzodiazepine. \u00c8 dotato di un sistema ad anello triazolobenzodiazepinico fuso, che gli conferisce le sue propriet\u00e0 uniche.<\/p>\n<p>Il nucleo benzodiazepinico, che comprende un anello diazepinico fuso con un anello triazolico.<\/p>\n<h3><strong>Acquista flubrotizolam di alta qualit\u00e0.<\/strong><\/h3>\n<p><strong>NEGOZIO TRRC\u00a0<\/strong>ha numerosi e lunghi periodi di coinvolgimento nel settore dei prodotti chimici di ricerca, consentendoci di garantire il meglio di questi prodotti chimici di ricerca.\u00a0<strong>Acquisto flubrotizolam<\/strong>\u00a0\u00e8 semplice e ha la massima qualit\u00e0. Il costo del flubrotizolam \u00e8 inferiore rispetto ad altre organizzazioni.<\/p>\n<p>I prodotti chimici di ricerca, incluso il flubrotizolam, soddisfano tutti i requisiti di sicurezza. I prodotti chimici per la ricerca vengono distribuiti con cura e conservati in un luogo eccellente e asciutto.<\/p>\n<p>Tutti gli articoli vengono costantemente esaminati per qualit\u00e0, sicurezza e purezza.<\/p>\n<p>Il nostro flubrotizolam \u00e8 solo per uso di ricerca. \u00c8 per scopi di ricerca, per cos\u00ec dire.<\/p>\n<p>I nostri articoli hanno un prezzo equo e puoi acquistare il composto di ricerca flubrotizolam online a prezzi eccezionalmente modesti.<\/p>\n<h3><strong>Flubrotizolam testato in laboratorio con risultati.<\/strong><\/h3>\n<p>Rifa il progresso verso la soddisfazione generale dei suoi clienti. Diversi esami hanno dimostrato che i clienti richiedono tutti i dati previsti prima di acquistare prodotti chimici di ricerca sintetici. Inoltre, pubblichiamo tutte le conseguenze di laboratorio di ciascun composto d&#039;esame su un record PDF.<\/p>\n<p>Nostro\u00a0<strong>pellet di flubrotizolam\u00a0<\/strong>soddisfano costantemente i principi attivi e possono essere visti da tutti.<\/p>\n<p>Distribuiamo tutte le conseguenze di laboratorio di ciascuna sostanza chimica di ricerca su un documento PDF.<\/p>\n<h3><strong>Ordina in sicurezza dal flubrotizolam.<\/strong><\/h3>\n<p>I prodotti chimici di ricerca designer TRRC SHOP sono di ottima qualit\u00e0 e hanno un costo giusto. Pertanto, quando richiedi i tuoi prodotti chimici di ricerca presso TRRC SHOP, ti garantiamo che trasmetteremo la tua richiesta al tuo laboratorio di ricerca in modo rapido e sicuro, poich\u00e9 la vendita di prodotti chimici di ricerca \u00e8 sempre disponibile presso TRRC SHOP.<\/p>\n<p>Richiedere composti di ricerca sintetici con Bitcoin o bonifico bancario \u00e8 semplice su TRRC SHOP.<\/p>\n<p>Spediamo prodotti chimici di ricerca lo stesso giorno lavorativo se il pagamento viene ricevuto prima delle 15:00 CEST.<\/p>\n<p>Non forniamo articoli a persone di et\u00e0 inferiore ai 18 anni!<\/p>\n<p><strong>Pellet di flubrotizolam in vendita<\/strong>\u00a0sono solo a scopo di ricerca.<\/p>\n<h3><strong>Spedizione discreta di prodotti chimici per la ricerca.<\/strong><\/h3>\n<p>TRRC SHOP imballer\u00e0 il tuo ordine in modo sicuro e protetto per garantire un trasporto adeguato. Inoltre, facciamo le valigie con la massima discrezione e all&#039;esterno non verr\u00e0 mostrato alcun segno di ci\u00f2 che potrebbe esserci all&#039;interno<\/p>","protected":false},"excerpt":{"rendered":"<p><strong>Nome IUPAC: <\/strong>4-bromo-7-(2-fluorofenil)-13-metil-3-tia-1,8,11,12-tetrazatriciclo[8.3.0.02,6]trideca-2(6),4,7,10,12 -pentaene<\/p>\n<p><strong>CAS# <\/strong>57801-95-3<\/p>\n<p><strong>Altro nome: <\/strong>Fanax<\/p>\n<p><strong>Analisi NMR: <\/strong>C15H10BrFN4S<\/p>","protected":false},"featured_media":8432,"comment_status":"open","ping_status":"closed","template":"","meta":[],"product_brand":[],"product_cat":[93],"product_tag":[],"class_list":{"0":"post-8381","1":"product","2":"type-product","3":"status-publish","4":"has-post-thumbnail","6":"product_cat-order-pills-online","8":"first","9":"instock","10":"shipping-taxable","11":"purchasable","12":"product-type-variable"},"jetpack_sharing_enabled":true,"_links":{"self":[{"href":"https:\/\/rezeptfrei-apotheke.net\/it\/wp-json\/wp\/v2\/product\/8381","targetHints":{"allow":["GET"]}}],"collection":[{"href":"https:\/\/rezeptfrei-apotheke.net\/it\/wp-json\/wp\/v2\/product"}],"about":[{"href":"https:\/\/rezeptfrei-apotheke.net\/it\/wp-json\/wp\/v2\/types\/product"}],"replies":[{"embeddable":true,"href":"https:\/\/rezeptfrei-apotheke.net\/it\/wp-json\/wp\/v2\/comments?post=8381"}],"wp:featuredmedia":[{"embeddable":true,"href":"https:\/\/rezeptfrei-apotheke.net\/it\/wp-json\/wp\/v2\/media\/8432"}],"wp:attachment":[{"href":"https:\/\/rezeptfrei-apotheke.net\/it\/wp-json\/wp\/v2\/media?parent=8381"}],"wp:term":[{"taxonomy":"product_brand","embeddable":true,"href":"https:\/\/rezeptfrei-apotheke.net\/it\/wp-json\/wp\/v2\/product_brand?post=8381"},{"taxonomy":"product_cat","embeddable":true,"href":"https:\/\/rezeptfrei-apotheke.net\/it\/wp-json\/wp\/v2\/product_cat?post=8381"},{"taxonomy":"product_tag","embeddable":true,"href":"https:\/\/rezeptfrei-apotheke.net\/it\/wp-json\/wp\/v2\/product_tag?post=8381"}],"curies":[{"name":"wp","href":"https:\/\/api.w.org\/{rel}","templated":true}]}}