{"id":8643,"date":"2023-10-21T10:58:57","date_gmt":"2023-10-21T10:58:57","guid":{"rendered":"https:\/\/rezeptfrei-apotheke.net\/?post_type=product&#038;p=8643"},"modified":"2023-10-21T11:00:27","modified_gmt":"2023-10-21T11:00:27","slug":"pyrazolam-pellets-3mg","status":"publish","type":"product","link":"https:\/\/rezeptfrei-apotheke.net\/it\/product\/pyrazolam-pellets-3mg\/","title":{"rendered":"granuli di pirazolam 3 mg"},"content":{"rendered":"<h2><strong>Informazioni generali sul pirazolam<\/strong><\/h2>\n<p>Il pirazolam \u00e8 un derivato delle benzodiazepine sintetizzato per la prima volta negli anni &#039;70. Il pirazolam \u00e8 una sostanza chimica di ricerca che appartiene alla classe delle benzodiazepine, note per le loro propriet\u00e0 uniche. \u00c8 un composto relativamente nuovo che ha attirato l&#039;attenzione dei ricercatori.<\/p>\n<p>Sostanze che non agiscono come antagonisti o agonisti ma influenzano il complesso recettore-ionoforo dell&#039;ACIDO GAMMA-AMINOBUTIRRICO. I recettori GABA-A (RECETTORI, GABA-A) sembrano avere un minimo di tre siti allosterici in cui reagiscono i modulatori: un sito in cui le BENZODIAZEPINE agiscono aumentando la frequenza di apertura dei canali del cloruro attivati dall&#039;ACIDO GAMMA-AMINOBUTIRRICO.<\/p>\n<p>&nbsp;<\/p>\n<h3><strong>Composizione chimica del pirazolam<\/strong><\/h3>\n<p>La composizione chimica del pirazolam \u00e8 la seguente:<\/p>\n<p>\u2013 Nome chimico: 8-bromo-1-metil-6-(piridin-2-il)-4H-[1,2,4]triazolo[4,3-a][1,4]benzodiazepina<\/p>\n<p>\u2013 Formula molecolare: C16H12BrN5<\/p>\n<p>\u2013 Massa molare: 354,2 grammi\/mol<\/p>\n<p>Questa struttura chimica indica che il pirazolam \u00e8 composto da sedici atomi di carbonio (C16), dodici atomi di idrogeno (H12), un atomo di bromo (Br) e cinque atomi di azoto (N5). La disposizione specifica e il legame di questi atomi creano la struttura molecolare distinta del pirazolam.<\/p>\n<p>&nbsp;<\/p>\n<h3><strong>Acquista pellet di pirazolam di alta qualit\u00e0.<\/strong><\/h3>\n<p><strong>NEGOZIO TRRC\u00a0<\/strong>vanta molti anni di esperienza nel settore della progettazione chimica di ricerca, il che ci consente di garantire la massima qualit\u00e0 di questi prodotti chimici di ricerca.\u00a0<strong>Acquisto di pirazolam<\/strong>\u00a0\u00e8 facile e ha la massima qualit\u00e0. Il costo del pirazolam \u00e8 relativamente basso rispetto ad altre societ\u00e0.\u00a0<strong>Ricerca prodotti chimici<\/strong>, compreso il pirazolam, soddisfano tutti i requisiti di sicurezza. I prodotti chimici per la ricerca vengono distribuiti con cura e conservati in un luogo fresco e asciutto.<\/p>\n<p>Tutti i prodotti vengono regolarmente ispezionati per qualit\u00e0, purezza e sicurezza. \u00c8 solo a scopo di ricerca.<\/p>\n<p>I nostri prodotti hanno un prezzo giusto e tu puoi\u00a0<strong>comprare pirazolam<\/strong>\u00a0<strong>prodotto chimico di ricerca<\/strong>\u00e8 online a tariffe molto economiche.<\/p>\n<p>&nbsp;<\/p>\n<h3><strong>Pirazolam testato in laboratorio con risultati.<\/strong><\/h3>\n<p>Rifa il progresso verso la soddisfazione generale dei suoi clienti. Diversi esami hanno dimostrato che i clienti richiedono tutti i dati previsti prima di acquistare prodotti chimici di ricerca sintetici. Inoltre, pubblichiamo tutte le conseguenze di laboratorio di ciascun composto d&#039;esame su un record PDF.<\/p>\n<p>Nostro\u00a0<strong>pellet di pirazolam\u00a0<\/strong>rispetta costantemente i principi attivi e pu\u00f2 essere visto da tutti.<\/p>\n<p>Distribuiamo tutte le conseguenze di laboratorio di ciascuna sostanza chimica di ricerca su un documento PDF.<\/p>\n<p>&nbsp;<\/p>\n<h3><strong>Ordina in sicurezza da pirazolam.<\/strong><\/h3>\n<p>I prodotti chimici di ricerca designer TRRC SHOP sono di ottima qualit\u00e0 e hanno un costo giusto. Pertanto, quando richiedi i tuoi prodotti chimici di ricerca su TRRC SHOP, ti garantiamo che trasmetteremo la tua richiesta al tuo laboratorio di ricerca in modo rapido e sicuro, poich\u00e9 la vendita di prodotti chimici di ricerca \u00e8 sempre disponibile su TRRC SHOP.<\/p>\n<p>Richiedere composti di ricerca sintetici con Bitcoin o bonifico bancario \u00e8 semplice su TRRC SHOP.<\/p>\n<p>Spediamo prodotti chimici di ricerca lo stesso giorno lavorativo se il pagamento viene ricevuto prima delle 15:00 CEST.<\/p>\n<p>Non forniamo articoli a persone di et\u00e0 inferiore ai 18 anni!<\/p>\n<p><strong>Pirazolam in vendita<\/strong>\u00a0\u00e8 solo a scopo di ricerca.<\/p>\n<p>&nbsp;<\/p>\n<h3><strong>Spedizione discreta di prodotti chimici per la ricerca.<\/strong><\/h3>\n<p>TRRC SHOP imballer\u00e0 il tuo ordine in modo sicuro e protetto per garantire un trasporto adeguato. Inoltre, facciamo le valigie con la massima discrezione e all&#039;esterno non verr\u00e0 mostrato alcun segno di ci\u00f2 che potrebbe esserci all&#039;interno.<\/p>","protected":false},"excerpt":{"rendered":"<p><strong>Modulo: <\/strong>pellet<\/p>\n<p><strong>Analisi NMR: <\/strong>N \/ A<\/p>","protected":false},"featured_media":8670,"comment_status":"open","ping_status":"closed","template":"","meta":[],"product_brand":[],"product_cat":[93],"product_tag":[],"class_list":{"0":"post-8643","1":"product","2":"type-product","3":"status-publish","4":"has-post-thumbnail","6":"product_cat-order-pills-online","8":"first","9":"instock","10":"shipping-taxable","11":"purchasable","12":"product-type-variable"},"jetpack_sharing_enabled":true,"_links":{"self":[{"href":"https:\/\/rezeptfrei-apotheke.net\/it\/wp-json\/wp\/v2\/product\/8643","targetHints":{"allow":["GET"]}}],"collection":[{"href":"https:\/\/rezeptfrei-apotheke.net\/it\/wp-json\/wp\/v2\/product"}],"about":[{"href":"https:\/\/rezeptfrei-apotheke.net\/it\/wp-json\/wp\/v2\/types\/product"}],"replies":[{"embeddable":true,"href":"https:\/\/rezeptfrei-apotheke.net\/it\/wp-json\/wp\/v2\/comments?post=8643"}],"wp:featuredmedia":[{"embeddable":true,"href":"https:\/\/rezeptfrei-apotheke.net\/it\/wp-json\/wp\/v2\/media\/8670"}],"wp:attachment":[{"href":"https:\/\/rezeptfrei-apotheke.net\/it\/wp-json\/wp\/v2\/media?parent=8643"}],"wp:term":[{"taxonomy":"product_brand","embeddable":true,"href":"https:\/\/rezeptfrei-apotheke.net\/it\/wp-json\/wp\/v2\/product_brand?post=8643"},{"taxonomy":"product_cat","embeddable":true,"href":"https:\/\/rezeptfrei-apotheke.net\/it\/wp-json\/wp\/v2\/product_cat?post=8643"},{"taxonomy":"product_tag","embeddable":true,"href":"https:\/\/rezeptfrei-apotheke.net\/it\/wp-json\/wp\/v2\/product_tag?post=8643"}],"curies":[{"name":"wp","href":"https:\/\/api.w.org\/{rel}","templated":true}]}}