{"id":8675,"date":"2023-10-21T10:59:18","date_gmt":"2023-10-21T10:59:18","guid":{"rendered":"https:\/\/rezeptfrei-apotheke.net\/?post_type=product&#038;p=8675"},"modified":"2023-10-31T08:32:22","modified_gmt":"2023-10-31T08:32:22","slug":"2-fma-pellets-50mg","status":"publish","type":"product","link":"https:\/\/rezeptfrei-apotheke.net\/it\/product\/2-fma-pellets-50mg\/","title":{"rendered":"Granuli 2-FMA 50 mg"},"content":{"rendered":"<p>2-FMA (2-fluorometamfetamina) \u00e8 uno stimolante chimico che fa parte della classe delle anfetamine. La 2-FMA produce i suoi effetti attraverso i recettori della dopamina e della norepinefrina nel cervello. Questa sostanza chimica \u00e8 paragonata a 2-FA, 4-MA e 3-FA ed \u00e8 anche un analogo strutturale della metanfetamina. Dalla fine degli anni 2000, questo prodotto \u00e8 disponibile sul mercato dei prodotti chimici di ricerca ed \u00e8 ora uno dei nostri stimolanti pi\u00f9 popolari. Rapporti aneddotici hanno affermato che i partecipanti hanno mostrato effetti di aumento della libido, euforia fisica, distorsione del tempo e miglioramento della concentrazione.<\/p>\n<p>*Disclaimer: i nostri prodotti NON sono progettati per il consumo umano ma SOLO per scopi di ricerca. \u00c8 necessario adottare adeguate precauzioni di sicurezza durante la ricerca su queste sostanze chimiche.*<\/p>","protected":false},"excerpt":{"rendered":"<p><strong>Nome IUPAC:<\/strong><\/p>\n<p><strong>Aspetto: <\/strong>pellet<\/p>\n<p><strong>Analisi NMR: <\/strong>N \/ A<\/p>","protected":false},"featured_media":8711,"comment_status":"open","ping_status":"closed","template":"","meta":[],"product_brand":[],"product_cat":[93],"product_tag":[],"class_list":{"0":"post-8675","1":"product","2":"type-product","3":"status-publish","4":"has-post-thumbnail","6":"product_cat-order-pills-online","8":"first","9":"instock","10":"shipping-taxable","11":"purchasable","12":"product-type-variable"},"jetpack_sharing_enabled":true,"_links":{"self":[{"href":"https:\/\/rezeptfrei-apotheke.net\/it\/wp-json\/wp\/v2\/product\/8675","targetHints":{"allow":["GET"]}}],"collection":[{"href":"https:\/\/rezeptfrei-apotheke.net\/it\/wp-json\/wp\/v2\/product"}],"about":[{"href":"https:\/\/rezeptfrei-apotheke.net\/it\/wp-json\/wp\/v2\/types\/product"}],"replies":[{"embeddable":true,"href":"https:\/\/rezeptfrei-apotheke.net\/it\/wp-json\/wp\/v2\/comments?post=8675"}],"wp:featuredmedia":[{"embeddable":true,"href":"https:\/\/rezeptfrei-apotheke.net\/it\/wp-json\/wp\/v2\/media\/8711"}],"wp:attachment":[{"href":"https:\/\/rezeptfrei-apotheke.net\/it\/wp-json\/wp\/v2\/media?parent=8675"}],"wp:term":[{"taxonomy":"product_brand","embeddable":true,"href":"https:\/\/rezeptfrei-apotheke.net\/it\/wp-json\/wp\/v2\/product_brand?post=8675"},{"taxonomy":"product_cat","embeddable":true,"href":"https:\/\/rezeptfrei-apotheke.net\/it\/wp-json\/wp\/v2\/product_cat?post=8675"},{"taxonomy":"product_tag","embeddable":true,"href":"https:\/\/rezeptfrei-apotheke.net\/it\/wp-json\/wp\/v2\/product_tag?post=8675"}],"curies":[{"name":"wp","href":"https:\/\/api.w.org\/{rel}","templated":true}]}}