{"id":8682,"date":"2023-10-21T10:59:19","date_gmt":"2023-10-21T10:59:19","guid":{"rendered":"https:\/\/rezeptfrei-apotheke.net\/?post_type=product&#038;p=8682"},"modified":"2023-10-30T21:47:55","modified_gmt":"2023-10-30T21:47:55","slug":"5-meo-mipt-pellets-15mg","status":"publish","type":"product","link":"https:\/\/rezeptfrei-apotheke.net\/it\/product\/5-meo-mipt-pellets-15mg\/","title":{"rendered":"Granuli di 5-MeO-MiPT 15 mg"},"content":{"rendered":"<h2><span class=\"\">Moxy Order 5-MeO-MiPT 10mg Pellet<\/span><\/h2>\n<p><strong>5-MeO-MiPT<\/strong>\u00a0\u00e8 una sostanza che viene venduta solo a fini di ricerca e quindi non \u00e8 destinata al consumo.<\/p>\n<p><strong>Ottieni 5 blister (50 pellet), pagane 4!\u00a0<\/strong><em>(gi\u00e0 compreso nel prezzo graduato.)<\/em><\/p>\n<p>5-MeO-MiPT mantiene la sua stabilit\u00e0 fino a 2 anni se conservato nell&#039;ambiente appropriato. 5-MeOMiPT \u00e8 destinato a scopi di ricerca e non al consumo. \u00c8 quindi importante che il prodotto sia tenuto fuori dalla portata di bambini e animali domestici.<\/p>\n<p>Offriamo prodotti chimici di ricerca di buona qualit\u00e0 a un prezzo ragionevole. Il tuo ordine verr\u00e0 spedito ogni giorno entro 24 ore. Pertanto, ordine\u00a0<em>5MeOMiPT<\/em>\u00a0in modo sicuro e veloce tramite professor.nl!<\/p>\n<h3>Propriet\u00e0 5-MeO-MiPT<\/h3>\n<p><strong>Sinonimo:<\/strong>\u00a05-metossi-N-isopropil-N-metiltriptamina cloridrato<br \/>\n<strong>Numero CAS:<\/strong>\u00a096096-55-8<br \/>\n<strong>Formula:<\/strong>\u00a0N-[2-(5-metossi-1H-indol-3-il)etil]-N-metilpropan-2 -ammina<br \/>\n<strong>Massa della talpa:<\/strong>\u00a0246.354 gmol<br \/>\n<strong>Purezza:<\/strong>\u00a0&gt;97%<\/p>\n<h3>Cos&#039;\u00e8 il 5-MeO-MiPT?<\/h3>\n<p>Il 5-MeO-MiPT, noto anche come &quot;Moxy&quot;, \u00e8 una sostanza chimica di ricerca che appartiene alla famiglia delle triptamine. \u00c8 stato sintetizzato e studiato per la prima volta dagli scienziati alla fine degli anni &#039;80 come parte della ricerca in corso sulla struttura e sugli effetti dei composti psicoattivi. La ricerca iniziale sul 5-MeO-MiPT si \u00e8 concentrata sui suoi effetti nei modelli animali, con l&#039;obiettivo di comprenderne il profilo farmacologico e le potenziali applicazioni terapeutiche. Studiando le sue interazioni con diversi sistemi di neurotrasmettitori, i ricercatori miravano a scoprire il meccanismo d&#039;azione del composto ed esplorarne i potenziali effetti sul comportamento, sulla percezione e sulla cognizione.<\/p>\n<p>I ricercatori continuano a studiare il 5-MeO-MiPT per ampliare la nostra comprensione dei suoi effetti sul cervello e sul comportamento. Esplorano le sue potenziali applicazioni terapeutiche, come il suo utilizzo nella ricerca sulla salute mentale e nel trattamento di vari disturbi psicologici. Inoltre, sono in corso studi che mirano a chiarire il ruolo di questa sostanza nelle neuroscienze, nella ricerca sulla coscienza e nell&#039;esplorazione degli stati alterati di coscienza.<\/p>\n<h3>Come \u00e8 nato 5-MeO-MiPT?<\/h3>\n<p>5-MeO-MiPT \u00e8 un RC che rientra nella categoria delle triptamine. \u00c8 stato sintetizzato e studiato per la prima volta dagli scienziati alla fine degli anni &#039;80 come parte della loro ricerca in corso sui composti psicoattivi e sui loro effetti sul cervello. L&#039;obiettivo principale della ricerca sul 5-MeO-MiPT era acquisire maggiori informazioni sulla sua struttura chimica, sulle sue propriet\u00e0 e sui possibili effetti psicoattivi. Gli scienziati erano particolarmente interessati ad esplorare le sue somiglianze con altre triptamine e il suo potenziale come composto psichedelico.<\/p>\n<p>La sintesi di 5-MeO-MiPT ha coinvolto una serie di procedure di laboratorio attentamente progettate per garantire purezza e stabilit\u00e0. Gli scienziati hanno condotto analisi approfondite della sua struttura molecolare e condotto vari test per valutarne la potenza e le interazioni con i recettori nel cervello. Inizialmente, la ricerca sul 5-MeO-MiPT si \u00e8 concentrata sullo studio dei suoi effetti su modelli animali. Ci\u00f2 ha consentito ai ricercatori di studiare il profilo farmacologico ed esplorare potenziali applicazioni terapeutiche. Studiando le interazioni con diversi sistemi di neurotrasmettitori, gli scienziati miravano a rivelare il meccanismo d&#039;azione e ottenere informazioni dettagliate sull&#039;influenza su comportamento, percezione e cognizione.<\/p>\n<p>La ricerca in corso sul 5-MeO-MiPT mira ad espandere la nostra comprensione dei suoi effetti sul cervello e sul comportamento. Gli scienziati continuano a studiare potenziali applicazioni terapeutiche, come l\u2019uso nella ricerca sulla salute mentale e nel trattamento di vari disturbi psicologici. Inoltre, sono in corso studi per esplorare il suo ruolo nelle neuroscienze, nella ricerca sulla coscienza e nell&#039;esplorazione degli stati alterati di coscienza.<\/p>\n<h3>Dichiarazione di pericolo<\/h3>\n<p>Il 5-MeO-MiPT pu\u00f2 causare irritazione respiratoria.<br \/>\n5-MeO-MiPT pu\u00f2 causare irritazione agli occhi.<br \/>\n\u00c8 vietato scaricare sostanze chimiche di ricerca nell&#039;ambiente.<\/p>","protected":false},"excerpt":{"rendered":"<p><strong>Nome IUPAC:<\/strong><\/p>\n<p><strong>CAS# <\/strong>96096-55-8<\/p>\n<p><strong>Aspetto: <\/strong>Verde<\/p>\n<p><strong>Modulo: <\/strong>pellet<\/p>\n<p><strong>Analisi NMR: <\/strong>C15H22N2O<\/p>","protected":false},"featured_media":8721,"comment_status":"open","ping_status":"closed","template":"","meta":[],"product_brand":[],"product_cat":[93],"product_tag":[],"class_list":{"0":"post-8682","1":"product","2":"type-product","3":"status-publish","4":"has-post-thumbnail","6":"product_cat-order-pills-online","8":"first","9":"instock","10":"shipping-taxable","11":"purchasable","12":"product-type-variable"},"jetpack_sharing_enabled":true,"_links":{"self":[{"href":"https:\/\/rezeptfrei-apotheke.net\/it\/wp-json\/wp\/v2\/product\/8682","targetHints":{"allow":["GET"]}}],"collection":[{"href":"https:\/\/rezeptfrei-apotheke.net\/it\/wp-json\/wp\/v2\/product"}],"about":[{"href":"https:\/\/rezeptfrei-apotheke.net\/it\/wp-json\/wp\/v2\/types\/product"}],"replies":[{"embeddable":true,"href":"https:\/\/rezeptfrei-apotheke.net\/it\/wp-json\/wp\/v2\/comments?post=8682"}],"wp:featuredmedia":[{"embeddable":true,"href":"https:\/\/rezeptfrei-apotheke.net\/it\/wp-json\/wp\/v2\/media\/8721"}],"wp:attachment":[{"href":"https:\/\/rezeptfrei-apotheke.net\/it\/wp-json\/wp\/v2\/media?parent=8682"}],"wp:term":[{"taxonomy":"product_brand","embeddable":true,"href":"https:\/\/rezeptfrei-apotheke.net\/it\/wp-json\/wp\/v2\/product_brand?post=8682"},{"taxonomy":"product_cat","embeddable":true,"href":"https:\/\/rezeptfrei-apotheke.net\/it\/wp-json\/wp\/v2\/product_cat?post=8682"},{"taxonomy":"product_tag","embeddable":true,"href":"https:\/\/rezeptfrei-apotheke.net\/it\/wp-json\/wp\/v2\/product_tag?post=8682"}],"curies":[{"name":"wp","href":"https:\/\/api.w.org\/{rel}","templated":true}]}}