{"id":8683,"date":"2023-10-21T10:59:19","date_gmt":"2023-10-21T10:59:19","guid":{"rendered":"https:\/\/rezeptfrei-apotheke.net\/?post_type=product&#038;p=8683"},"modified":"2023-10-30T21:55:34","modified_gmt":"2023-10-30T21:55:34","slug":"3-fpm-pellets-60mg","status":"publish","type":"product","link":"https:\/\/rezeptfrei-apotheke.net\/it\/product\/3-fpm-pellets-60mg\/","title":{"rendered":"Granuli 3-FPM 60 mg"},"content":{"rendered":"<h2><strong>Cos&#039;\u00e8 il 3-FPM?<\/strong><\/h2>\n<p>3-FPM \u00e8 l&#039;abbreviazione di 3-fluorofenmetrazina. 3-FPM \u00e8 una sostanza chimica di ricerca che ha forti propriet\u00e0 stimolanti. Il 3-FPM rientra nella classe dei prodotti chimici fenolici-morfolinici. I risultati sperimentali del 3-FPM sono generalmente considerati molto simili e quasi identici a quelli dell&#039;anfetamina. I risultati sperimentali del 3-FPM sono spesso descritti come meno intensi di quelli dell&#039;anfetamina o di altri stimolanti.<\/p>\n<h2><strong>Dove acquistare 3-FPM?<\/strong><\/h2>\n<p>Qui a <a href=\"https:\/\/rezeptfrei-apotheke.net\/it\/\">Rchemshop<\/a> abbiamo 3-FPM di altissima qualit\u00e0 in vendita. Il nostro 3-FPM \u00e8 disponibile sia in polvere che in pellet. Quindi, indipendentemente dallo stato chimico che preferisci tra queste due opzioni, abbiamo la soluzione per te.<\/p>\n<p>Il 3-FPM che abbiamo in vendita \u00e8 destinato esclusivamente a scopi di ricerca. Non \u00e8 pensato per uso interno. Devi anche avere pi\u00f9 di 18 anni per acquistare 3-FPM da noi ed essere in piena conformit\u00e0 legale con le leggi della tua nazione.<\/p>\n<h2><strong>Stato giuridico 3-FPM<\/strong><\/h2>\n<p>\u00c8 illegale acquistare, vendere o possedere 3-FPM in Israele, Svizzera e negli Stati Uniti. Nel Regno Unito, \u00e8 considerato un analogo della fenmetrazina, che \u00e8 un farmaco della tabella II se utilizzato per il consumo umano.<\/p>","protected":false},"excerpt":{"rendered":"<p><strong>Nome IUPAC: <\/strong>2-(3-fluorofenil)-3-metilmorfolina, monocloridrato<\/p>\n<p><strong>CAS# <\/strong>1803562-83-5<\/p>\n<p><strong>Altro nome: <\/strong>3-fluorofenmetrazina (cloridrato)<\/p>\n<p><strong>Aspetto: <\/strong>pellet<\/p>\n<p><strong>Analisi NMR: <\/strong>C11H14FNO \u2022HCl<\/p>","protected":false},"featured_media":8736,"comment_status":"open","ping_status":"closed","template":"","meta":[],"product_brand":[],"product_cat":[93],"product_tag":[],"class_list":{"0":"post-8683","1":"product","2":"type-product","3":"status-publish","4":"has-post-thumbnail","6":"product_cat-order-pills-online","8":"first","9":"instock","10":"shipping-taxable","11":"purchasable","12":"product-type-variable"},"jetpack_sharing_enabled":true,"_links":{"self":[{"href":"https:\/\/rezeptfrei-apotheke.net\/it\/wp-json\/wp\/v2\/product\/8683","targetHints":{"allow":["GET"]}}],"collection":[{"href":"https:\/\/rezeptfrei-apotheke.net\/it\/wp-json\/wp\/v2\/product"}],"about":[{"href":"https:\/\/rezeptfrei-apotheke.net\/it\/wp-json\/wp\/v2\/types\/product"}],"replies":[{"embeddable":true,"href":"https:\/\/rezeptfrei-apotheke.net\/it\/wp-json\/wp\/v2\/comments?post=8683"}],"wp:featuredmedia":[{"embeddable":true,"href":"https:\/\/rezeptfrei-apotheke.net\/it\/wp-json\/wp\/v2\/media\/8736"}],"wp:attachment":[{"href":"https:\/\/rezeptfrei-apotheke.net\/it\/wp-json\/wp\/v2\/media?parent=8683"}],"wp:term":[{"taxonomy":"product_brand","embeddable":true,"href":"https:\/\/rezeptfrei-apotheke.net\/it\/wp-json\/wp\/v2\/product_brand?post=8683"},{"taxonomy":"product_cat","embeddable":true,"href":"https:\/\/rezeptfrei-apotheke.net\/it\/wp-json\/wp\/v2\/product_cat?post=8683"},{"taxonomy":"product_tag","embeddable":true,"href":"https:\/\/rezeptfrei-apotheke.net\/it\/wp-json\/wp\/v2\/product_tag?post=8683"}],"curies":[{"name":"wp","href":"https:\/\/api.w.org\/{rel}","templated":true}]}}