{"id":8685,"date":"2023-10-21T10:59:19","date_gmt":"2023-10-21T10:59:19","guid":{"rendered":"https:\/\/rezeptfrei-apotheke.net\/?post_type=product&#038;p=8685"},"modified":"2023-10-30T21:51:48","modified_gmt":"2023-10-30T21:51:48","slug":"4-ho-mipt-pellets-20mg","status":"publish","type":"product","link":"https:\/\/rezeptfrei-apotheke.net\/it\/product\/4-ho-mipt-pellets-20mg\/","title":{"rendered":"Granuli 4-HO-MIPT 20 mg"},"content":{"rendered":"<h2><strong>Cos&#039;\u00e8 4-HO-MiPT?<\/strong><\/h2>\n<p>4-HO-MiPT \u00e8 l&#039;abbreviazione di 4-idrossi-N-metil-N-isopropiltriptamina. Questa sostanza rientra nella classe delle sostanze chimiche triptamine. \u00c8 molto simile alla psilocina, che \u00e8 il principio attivo dei funghi magici. Come la psilocina, il 4-HO-MiPT \u00e8 noto per produrre risultati psichedelici durante gli esperimenti di ricerca di laboratorio.<\/p>\n<p>La 4-HO-MiPT sta diventando sempre pi\u00f9 popolare e sta diventando una delle triptamine sintetiche pi\u00f9 comuni utilizzate dai ricercatori chimici.<\/p>\n<p>&nbsp;<\/p>\n<h2><strong>Dove acquistare 4-HO-MiPT?<\/strong><\/h2>\n<p>Vendiamo 4-HO-MiPT di alta qualit\u00e0 qui su Chemical Planet. Offriamo questa sostanza chimica di ricerca sotto forma di polvere di hcl o fumarato, perfetta per esperimenti di laboratorio. Tuttavia, se lo preferisci in un formato diverso, puoi contattarci per vedere quando potremmo avere un altro modulo disponibile.<\/p>\n<p>Devi avere almeno 18 anni per acquistare il nostro 4-HO-MiPT. Inoltre, devi essere pienamente conforme alle leggi della tua nazione. Il nostro 4-HO-MiPT non \u00e8 destinato all&#039;uso umano o animale. \u00c8 solo a scopo di ricerca.<\/p>\n<p>&nbsp;<\/p>\n<h2><strong>Legalit\u00e0 4-HO-MiPT<\/strong><\/h2>\n<p>4-HO-MiPT \u00e8 illegale in Brasile e Svezia. Nel Regno Unito \u00e8 classificato come farmaco di classe A. Negli Stati Uniti non \u00e8 programmato. Tuttavia, \u00e8 spesso considerata un analogo della psilocina. Pertanto, le persone che possiedono o vendono 4-HO-MiPT potrebbero essere perseguite ai sensi della legge analogica federale.<\/p>\n<p><strong>Misure sperimentali<\/strong>: Come con la maggior parte dei 4-idrossi, \u00e8 necessario assicurarsi che il proprio laboratorio disponga di scale funzionali in milligrammi o della capacit\u00e0 di quantificazione volumetrica. Ci\u00f2 \u00e8 particolarmente importante con 4-AcO-MiPT poich\u00e9 i livelli di reattivit\u00e0 iniziano a partire da 5 mg.<\/p>","protected":false},"excerpt":{"rendered":"<p><strong>Nome IUPAC: <\/strong>3-(2-[Isopropil (metil)ammino]etil)-1H-indol-4-olo<\/p>\n<p><strong>Altro nome: <\/strong>4-idrossi-N-metil-N-isopropiltriptamina<\/p>\n<p><strong>Modulo: <\/strong>pellet<\/p>\n<p><strong>Analisi NMR: <\/strong>N \/ A<\/p>","protected":false},"featured_media":8738,"comment_status":"open","ping_status":"closed","template":"","meta":[],"product_brand":[],"product_cat":[93],"product_tag":[],"class_list":{"0":"post-8685","1":"product","2":"type-product","3":"status-publish","4":"has-post-thumbnail","6":"product_cat-order-pills-online","8":"first","9":"instock","10":"shipping-taxable","11":"purchasable","12":"product-type-variable"},"jetpack_sharing_enabled":true,"_links":{"self":[{"href":"https:\/\/rezeptfrei-apotheke.net\/it\/wp-json\/wp\/v2\/product\/8685","targetHints":{"allow":["GET"]}}],"collection":[{"href":"https:\/\/rezeptfrei-apotheke.net\/it\/wp-json\/wp\/v2\/product"}],"about":[{"href":"https:\/\/rezeptfrei-apotheke.net\/it\/wp-json\/wp\/v2\/types\/product"}],"replies":[{"embeddable":true,"href":"https:\/\/rezeptfrei-apotheke.net\/it\/wp-json\/wp\/v2\/comments?post=8685"}],"wp:featuredmedia":[{"embeddable":true,"href":"https:\/\/rezeptfrei-apotheke.net\/it\/wp-json\/wp\/v2\/media\/8738"}],"wp:attachment":[{"href":"https:\/\/rezeptfrei-apotheke.net\/it\/wp-json\/wp\/v2\/media?parent=8685"}],"wp:term":[{"taxonomy":"product_brand","embeddable":true,"href":"https:\/\/rezeptfrei-apotheke.net\/it\/wp-json\/wp\/v2\/product_brand?post=8685"},{"taxonomy":"product_cat","embeddable":true,"href":"https:\/\/rezeptfrei-apotheke.net\/it\/wp-json\/wp\/v2\/product_cat?post=8685"},{"taxonomy":"product_tag","embeddable":true,"href":"https:\/\/rezeptfrei-apotheke.net\/it\/wp-json\/wp\/v2\/product_tag?post=8685"}],"curies":[{"name":"wp","href":"https:\/\/api.w.org\/{rel}","templated":true}]}}