{"id":8688,"date":"2023-10-21T10:59:19","date_gmt":"2023-10-21T10:59:19","guid":{"rendered":"https:\/\/rezeptfrei-apotheke.net\/?post_type=product&#038;p=8688"},"modified":"2023-10-31T07:35:07","modified_gmt":"2023-10-31T07:35:07","slug":"bk-2c-b-hcl","status":"publish","type":"product","link":"https:\/\/rezeptfrei-apotheke.net\/it\/product\/bk-2c-b-hcl\/","title":{"rendered":"bk-2C-B HCL"},"content":{"rendered":"<h2><strong>Informazioni generali su bk-2C-B HCL<\/strong><\/h2>\n<p><strong>bk-2C-B HCL<\/strong>\u00a0\u00e8 un prodotto chimico di ricerca pianificatore, tanto pi\u00f9 esplicitamente un catinone semplice della sostanza controllata 2C-B (2,5-dimetossi-4-bromofenetilammina), che Alexander Shulgin incorpor\u00f2 per primo. Non \u00e8 noto chi abbia sintetizzato per primo bk-2C-B, ma era gi\u00e0 disponibile a met\u00e0 del 2013 come sostanza chimica per l\u2019esplorazione sportiva.<\/p>\n<p>Negli anni sono apparsi alcuni documenti che rivelano caratterizzazioni analitiche della sostanza. \u00c8 disponibile sui siti Web ed \u00e8 denominato un farmaco allucinogeno sintetico.<\/p>\n<p>Dal 12 ottobre 2016, bk-2C-B \u00e8 diventata la sostanza controllata in Canada (Calendario III). \u00c8 altrettanto illegale in Germania, Svizzera e nel Regno Unito.<\/p>\n<h3><strong>Composizione chimica di bk-2C-B HCL<\/strong><\/h3>\n<p>Il suo nome convenzionale \u00e8 2-ammino-1-(4-Bromo-2, 5-dimetossifenil)-etanone, monocloridrato, e la sua equazione subatomica \u00e8 C10H12BrNO3 \u2022 HCl.<\/p>\n<p>Bk-2C-B \u00e8 una fenetilammina sostituita. Evidenzia i sostituenti metossi in R2 e R5 e il bromo in R4. Un gruppo chetonico \u00e8 disponibile nella posizione beta (\u03b2) del utile gruppo amminico associato al carbonio alfa (\u03b1), da cui il suo nome indica che \u00e8 un semplice primario di 2C-B. A causa dell&#039;utile raccolta del chetone, viene spesso definito catinone sostituito.<\/p>\n<h3><strong>Farmacologia bk-2C-B HCL<\/strong><\/h3>\n<p>Bk-2C-B probabilmente agisce come un agonista a met\u00e0 strada del 5-HT2A. Si ritiene che gli effetti psichedelici derivino dalla sua vitalit\u00e0 sui recettori 5-HT2A. Tuttavia, il ruolo di queste connessioni e il modo in cui determinano l&#039;esperienza psichedelica rimane sfuggente.<\/p>\n<p>Bk-2C-B, o beta-cheto 2C-B, \u00e8 una fenetilammina che evidenzia un anello fenilico legato ad un gruppo amminico (NH2) attraverso una catena etilica. Bk-2C-B contiene il design del 2C-B sostituito con un gruppo chetonico nel carbonio beta della costruzione (R1). Inoltre, bk-2C-B include gruppi metossi utilitaristici CH3O collegati ai carboni R2 e R5 e una molecola di bromo unita al carbonio R4 dell&#039;anello fenilico.<\/p>\n<p>Bk-2C-B occupa un posto con il gruppo 2C delle fenetilammine che contengono gruppi metossilici nelle posizioni 2-5 dell&#039;anello benzenico.<\/p>\n<h3><strong>bk-2C-B HCL di alta qualit\u00e0<\/strong><\/h3>\n<p><strong>Farmaci panacei<\/strong>\u00a0vanta molti anni di esperienza nel settore della progettazione di prodotti chimici di ricerca, il che ci consente di garantire la massima qualit\u00e0 di questi prodotti chimici di ricerca. Il gruppo chimico di ricerca vende bk-2C-B HCL.\u00a0<strong>Ricerca prodotti chimici<\/strong>, compresi gli HCL bk-2C-B, soddisfano tutti i requisiti di sicurezza. I prodotti chimici per la ricerca vengono distribuiti con cura e conservati in un luogo fresco e asciutto.<\/p>\n<p>Tutti i prodotti vengono regolarmente ispezionati per qualit\u00e0, purezza e sicurezza. Conservare sempre bk-2C-B HCL a temperatura ambiente e fuori dalla portata di bambini e animali domestici. Il nostro bk-2C-B HCL non \u00e8 destinato all&#039;uso personale. \u00c8 solo a scopo di ricerca.<\/p>\n<p>Non deve essere mescolato con alcol o sostanze chimiche di ricerca durante la ricerca di questa sostanza chimica di ricerca!<\/p>\n<p>Tutti i nostri prodotti hanno un prezzo equo!<\/p>\n<h3><strong>bk-2C-B HCL testato in laboratorio con risultati.<\/strong><\/h3>\n<p>Rifa il progresso verso la soddisfazione generale dei suoi clienti. Diversi esami hanno dimostrato che i clienti richiedono tutti i dati previsti prima di acquistare prodotti chimici di ricerca sintetici. Inoltre, pubblichiamo tutte le conseguenze di laboratorio di ciascun composto d&#039;esame su un record PDF.<\/p>\n<p>Nostro\u00a0<strong>bk-2C-B HCL polvere<\/strong>\u00a0rispetta costantemente i principi attivi e pu\u00f2 essere visto direttamente da tutti.<\/p>\n<p>Distribuiamo tutte le conseguenze di laboratorio di ciascuna sostanza chimica di ricerca su un documento PDF.<\/p>\n<h3><strong>Ordina in sicurezza da bk-2C-B HCL.<\/strong><\/h3>\n<p>I prodotti chimici di ricerca di progettazione Panacea Chems sono di eccellente qualit\u00e0 e hanno un costo ragionevole. Pertanto, quando richiedi i tuoi prodotti chimici di ricerca a Panacea Chems, ti garantiamo che trasmetteremo la tua richiesta a casa tua in modo rapido e sicuro, poich\u00e9 la vendita di prodotti chimici di ricerca \u00e8 sempre disponibile su Panacea Chems.<\/p>\n<p>Richiedere composti di ricerca sintetici con Bitcoin o bonifico bancario \u00e8 semplice presso Panacea Chems.<\/p>\n<p>Spediamo la polvere di prodotti chimici per la ricerca lo stesso giorno lavorativo se il pagamento viene ricevuto prima delle 15:00 CEST.<\/p>\n<p>Non forniamo articoli a persone di et\u00e0 inferiore ai 18 anni!<\/p>\n<p>La vendita di prodotti chimici di ricerca \u00e8 solo a scopo di ricerca.<\/p>\n<p>&nbsp;<\/p>\n<h3><strong>Spedizione discreta di prodotti chimici per la ricerca.<\/strong><\/h3>\n<p>Panacea Chems imballer\u00e0 il tuo ordine in modo sicuro e protetto per assicurare un trasporto adeguato. Inoltre, facciamo le valigie con la massima discrezione e all&#039;esterno non verr\u00e0 mostrato alcun segno di ci\u00f2 che potrebbe esserci all&#039;interno.<\/p>\n<h3><strong>Precauzioni<\/strong><\/h3>\n<ul>\n<li>Acquista bk-2C-B HCL gli adeguati dispositivi di protezione individuale come occhiali e guanti. Puliscili e prenditi cura di loro in modo appropriato. Segui sistemi sicuri quando maneggi prodotti chimici di ricerca e non prendere scorciatoie.<\/li>\n<li>Se la sostanza chimica di ricerca entra in contatto con gli occhi, sciacquare bene ed eliminare le lenti a contatto se fondamentale.<\/li>\n<li>Prova a usare una maschera mentre usi queste sostanze chimiche in modo che non ti entrino dentro mentre respiri.<\/li>\n<li>Come indicato dai metodi supportati, maneggiare, conservare e smaltire in modo sicuro i materiali pericolosi. Non versarli mai in fogne o canali.<\/li>\n<li>Conservare i prodotti chimici di ricerca in modo appropriato, come indicato sui loro nomi. Le sostanze chimiche infiammabili dovrebbero essere conservate in cannabis eccellente e asciutta, lontano dall&#039;intensit\u00e0 e dalla luce del giorno. Alcuni materiali sintetici, come gli acidi, dovrebbero essere conservati indipendentemente l&#039;uno dall&#039;altro.<\/li>\n<li>Panacea Chems offerti per scopi di ricerca; il consumo umano \u00e8 altamente proibito.<\/li>\n<\/ul>","protected":false},"excerpt":{"rendered":"<p><strong>Nome IUPAC:<\/strong><\/p>\n<p>2-ammino-1-(4-bromo-2,5-dimetossifenil)-etanone, monocloridrato<\/p>\n<p><strong>CAS#<\/strong><\/p>\n<p>807631-09-0<\/p>\n<p><strong>Altro nome:<\/strong><\/p>\n<p>bk-4-bromo-2,5-dimetossifenetilammina<\/p>\n<p><strong>Aspetto:<\/strong><\/p>\n<p>polvere<\/p>\n<p><strong>Modulo:<\/strong><\/p>\n<p>L&#039;HCL<\/p>\n<p><strong>Analisi NMR:<\/strong><\/p>\n<p>C10H12BrNO3<\/p>","protected":false},"featured_media":8741,"comment_status":"open","ping_status":"closed","template":"","meta":[],"product_brand":[],"product_cat":[94],"product_tag":[],"class_list":{"0":"post-8688","1":"product","2":"type-product","3":"status-publish","4":"has-post-thumbnail","6":"product_cat-phenethylamine-derivatives","8":"first","9":"instock","10":"shipping-taxable","11":"purchasable","12":"product-type-variable"},"jetpack_sharing_enabled":true,"_links":{"self":[{"href":"https:\/\/rezeptfrei-apotheke.net\/it\/wp-json\/wp\/v2\/product\/8688","targetHints":{"allow":["GET"]}}],"collection":[{"href":"https:\/\/rezeptfrei-apotheke.net\/it\/wp-json\/wp\/v2\/product"}],"about":[{"href":"https:\/\/rezeptfrei-apotheke.net\/it\/wp-json\/wp\/v2\/types\/product"}],"replies":[{"embeddable":true,"href":"https:\/\/rezeptfrei-apotheke.net\/it\/wp-json\/wp\/v2\/comments?post=8688"}],"wp:featuredmedia":[{"embeddable":true,"href":"https:\/\/rezeptfrei-apotheke.net\/it\/wp-json\/wp\/v2\/media\/8741"}],"wp:attachment":[{"href":"https:\/\/rezeptfrei-apotheke.net\/it\/wp-json\/wp\/v2\/media?parent=8688"}],"wp:term":[{"taxonomy":"product_brand","embeddable":true,"href":"https:\/\/rezeptfrei-apotheke.net\/it\/wp-json\/wp\/v2\/product_brand?post=8688"},{"taxonomy":"product_cat","embeddable":true,"href":"https:\/\/rezeptfrei-apotheke.net\/it\/wp-json\/wp\/v2\/product_cat?post=8688"},{"taxonomy":"product_tag","embeddable":true,"href":"https:\/\/rezeptfrei-apotheke.net\/it\/wp-json\/wp\/v2\/product_tag?post=8688"}],"curies":[{"name":"wp","href":"https:\/\/api.w.org\/{rel}","templated":true}]}}