{"id":8691,"date":"2023-10-21T10:59:19","date_gmt":"2023-10-21T10:59:19","guid":{"rendered":"https:\/\/rezeptfrei-apotheke.net\/?post_type=product&#038;p=8691"},"modified":"2023-10-30T21:43:37","modified_gmt":"2023-10-30T21:43:37","slug":"4f-mph","status":"publish","type":"product","link":"https:\/\/rezeptfrei-apotheke.net\/it\/product\/4f-mph\/","title":{"rendered":"4F-mph"},"content":{"rendered":"<h2><strong>Informazioni generali su 4F-MPH<\/strong><\/h2>\n<p>Acquista 4F-MPH, noto anche come 4-fluorometilfenidato, \u00e8 un prodotto chimico di ricerca sintetico che appartiene alla classe dei fenidati. \u00c8 un analogo strettamente correlato del metilfenidato (Ritalin) e condivide molte propriet\u00e0 simili. Queste sostanze vengono spesso sviluppate per esplorare nuove strutture chimiche.<\/p>\n<p>4F-MPH \u00e8 un composto relativamente nuovo e la sua storia di ricerca \u00e8 limitata. \u00c8 stato sintetizzato e riportato per la prima volta nella letteratura scientifica all&#039;inizio degli anni 2000. Essendo una sostanza chimica di ricerca, le sue propriet\u00e0 e i suoi effetti sono ancora in fase di studio e potrebbero essere in corso ricerche per comprenderne la farmacologia, le potenziali applicazioni e i rischi.<\/p>\n<p>4F-MPH \u00e8 strutturalmente simile al metilfenidato (Ritalin) ma contiene una sostituzione dell&#039;atomo di fluoro.<\/p>\n<p>&nbsp;<\/p>\n<h3><strong>Composizione chimica di 4F-MPH<\/strong><\/h3>\n<p>4F-MPH, noto anche come 4-fluorometilfenidato, \u00e8 una sostanza chimica di ricerca che appartiene alle classi fenetilammina e piperidina. La composizione chimica di 4F-MPH \u00e8 la seguente:<\/p>\n<p>Nome chimico: acido 2-(4-fluorofenil)-2-metil-3-(piperidin-2-il)propanoico, estere metilico<\/p>\n<p>Formula molecolare: C14H18FNO2<\/p>\n<p>Peso molecolare: 251,3 g\/mol<\/p>\n<p>Questa formula indica che 4F-MPH \u00e8 costituito da quattordici atomi di carbonio (C14), diciotto atomi di idrogeno (H18), un atomo di fluoro (F), un atomo di azoto (N) e due atomi di ossigeno (O2).<\/p>\n<p>Il composto \u00e8 costituito da un anello fenilico sostituito con un atomo di fluoro in posizione para (posizione 4). Contiene anche un anello piperidinico attaccato all&#039;anello fenilico tramite un ponte a due atomi di carbonio. L&#039;anello piperidinico \u00e8 una caratteristica comune in molti prodotti chimici di ricerca.<\/p>\n<p>&nbsp;<\/p>\n<h3><strong>Acquista 4F-MPH di alta qualit\u00e0.<\/strong><\/h3>\n<p><strong>Farmaci panacei\u00a0<\/strong>ha diversi periodi di coinvolgimento nel settore dei prodotti chimici per la ricerca, impegnandoci a garantire il meglio di questi prodotti chimici per la ricerca esplorativa.\u00a0<strong>Acquisto di 4F-mph<\/strong>\u00a0\u00e8 essenziale e ha la massima qualit\u00e0.\u00a0<strong>4F-mph<\/strong>L&#039;acquisto di \u00e8 inferiore a quello di varie organizzazioni.<\/p>\n<p>Prodotti chimici di ricerca, inclusi\u00a0<strong>4F-mph<\/strong>, soddisfare tutti i requisiti di sicurezza. I prodotti chimici per la ricerca vengono distribuiti e maneggiati con cura in un luogo superbo e asciutto.<\/p>\n<p>Tutti gli articoli vengono esplorati in modo affidabile per qualit\u00e0, sicurezza e purezza. Mantenere con insistenza\u00a0<strong>4F-mph<\/strong>\u00a0a temperatura ambiente. \u00c8 solo a scopo di ricerca.<\/p>\n<p>Il prezzo dei nostri prodotti chimici \u00e8 molto ragionevole e puoi farlo\u00a0<strong>acquistare 4F-MPH\u00a0<\/strong>online a prezzi incredibilmente convenienti.<\/p>\n<p>&nbsp;<\/p>\n<h3><strong>Polvere 4F-MPH testata in laboratorio con risultati.<\/strong><\/h3>\n<p>Rifa il progresso verso la soddisfazione generale dei suoi clienti. Diversi esami hanno dimostrato che i clienti richiedono tutti i dati previsti prima di acquistare prodotti chimici di ricerca sintetici. Inoltre, pubblichiamo tutte le conseguenze di laboratorio di ciascun composto d&#039;esame su un record PDF.<\/p>\n<p>Nostro\u00a0<strong>4F-MPH acquista online\u00a0<\/strong>soddisfano costantemente i principi attivi e possono essere visti da tutti.<\/p>\n<p>Distribuiamo tutte le conseguenze di laboratorio di ciascuna sostanza chimica di ricerca su un documento PDF.<\/p>\n<p>&nbsp;<\/p>\n<h3><strong>Ordina in sicurezza da 4F-MPH.<\/strong><\/h3>\n<p>I prodotti chimici di ricerca di progettazione Panacea Chems sono di eccellente qualit\u00e0 e hanno un costo ragionevole. Pertanto, quando richiedi i tuoi prodotti chimici di ricerca a Panacea Chems, ti garantiamo che trasmetteremo la tua richiesta al tuo laboratorio di ricerca in modo rapido e sicuro, poich\u00e9 la vendita di prodotti chimici di ricerca \u00e8 sempre disponibile presso Panacea Chems.<\/p>\n<p>Richiedere composti di ricerca sintetici con Bitcoin o bonifico bancario \u00e8 semplice con Panacea Chems.<\/p>\n<p>Spediamo prodotti chimici di ricerca lo stesso giorno lavorativo se il pagamento viene ricevuto prima delle 15:00 CEST.<\/p>\n<p>Non forniamo articoli a persone di et\u00e0 inferiore ai 18 anni!<\/p>\n<p><strong>4F-mph in vendita<\/strong>\u00a0\u00e8 solo a scopo di ricerca.<\/p>\n<p>&nbsp;<\/p>\n<h3><strong>Spedizione discreta di prodotti chimici per la ricerca.<\/strong><\/h3>\n<p>Panacea Chems imballer\u00e0 il tuo ordine in modo sicuro e protetto per garantire un trasporto adeguato. Inoltre, facciamo le valigie con la massima discrezione e all&#039;esterno non verr\u00e0 mostrato alcun segno di ci\u00f2 che potrebbe esserci all&#039;interno.<\/p>","protected":false},"excerpt":{"rendered":"<p><strong>Nome IUPAC: <\/strong>Metile 2-(4-fluorofenil)-2-(piperidin-2-il)acetato<\/p>\n<p><strong>CAS# <\/strong>1354631-33-6<\/p>\n<p><strong>Altro nome: <\/strong>4-fluorometilfenidato, 4-FMPH<\/p>\n<p><strong>Aspetto: <\/strong>polvere<\/p>\n<p><strong>Analisi NMR: <\/strong>C14H18FNO2<\/p>","protected":false},"featured_media":8744,"comment_status":"open","ping_status":"closed","template":"","meta":[],"product_brand":[],"product_cat":[95],"product_tag":[],"class_list":{"0":"post-8691","1":"product","2":"type-product","3":"status-publish","4":"has-post-thumbnail","6":"product_cat-buy-piperidines-online","8":"first","9":"instock","10":"shipping-taxable","11":"purchasable","12":"product-type-variable"},"jetpack_sharing_enabled":true,"_links":{"self":[{"href":"https:\/\/rezeptfrei-apotheke.net\/it\/wp-json\/wp\/v2\/product\/8691","targetHints":{"allow":["GET"]}}],"collection":[{"href":"https:\/\/rezeptfrei-apotheke.net\/it\/wp-json\/wp\/v2\/product"}],"about":[{"href":"https:\/\/rezeptfrei-apotheke.net\/it\/wp-json\/wp\/v2\/types\/product"}],"replies":[{"embeddable":true,"href":"https:\/\/rezeptfrei-apotheke.net\/it\/wp-json\/wp\/v2\/comments?post=8691"}],"wp:featuredmedia":[{"embeddable":true,"href":"https:\/\/rezeptfrei-apotheke.net\/it\/wp-json\/wp\/v2\/media\/8744"}],"wp:attachment":[{"href":"https:\/\/rezeptfrei-apotheke.net\/it\/wp-json\/wp\/v2\/media?parent=8691"}],"wp:term":[{"taxonomy":"product_brand","embeddable":true,"href":"https:\/\/rezeptfrei-apotheke.net\/it\/wp-json\/wp\/v2\/product_brand?post=8691"},{"taxonomy":"product_cat","embeddable":true,"href":"https:\/\/rezeptfrei-apotheke.net\/it\/wp-json\/wp\/v2\/product_cat?post=8691"},{"taxonomy":"product_tag","embeddable":true,"href":"https:\/\/rezeptfrei-apotheke.net\/it\/wp-json\/wp\/v2\/product_tag?post=8691"}],"curies":[{"name":"wp","href":"https:\/\/api.w.org\/{rel}","templated":true}]}}