{"id":8692,"date":"2023-10-21T10:59:20","date_gmt":"2023-10-21T10:59:20","guid":{"rendered":"https:\/\/rezeptfrei-apotheke.net\/?post_type=product&#038;p=8692"},"modified":"2026-02-16T10:23:58","modified_gmt":"2026-02-16T10:23:58","slug":"hdmp-28","status":"publish","type":"product","link":"https:\/\/rezeptfrei-apotheke.net\/it\/product\/hdmp-28\/","title":{"rendered":"HDMP-28"},"content":{"rendered":"<div class=\"wpb-content-wrapper\"><div class=\"vc_row wpb_row vc_row-fluid\"><div class=\"wpb_column vc_column_container vc_col-sm-12\"><div class=\"vc_column-inner\"><div class=\"wpb_wrapper\">\n\t<div class=\"wpb_text_column wpb_content_element\" >\n\t\t<div class=\"wpb_wrapper\">\n\t\t\t<h2>Acquista HDMP-28<\/h2>\n<p>L&#039;1-(2-idrossi-2,5-dimetilesil)-3-(2-metossi-3-metilpentil)urea, nota anche come HDMP-28, \u00e8 un composto sintetico appartenente alla classe dei catinoni. \u00c8 stato sintetizzato per la prima volta alla fine degli anni 2000 e da allora ha guadagnato popolarit\u00e0 come sostanza chimica di ricerca. L&#039;HDMP-28 \u00e8 noto per le sue propriet\u00e0 stimolanti ed \u00e8 spesso utilizzato in esperimenti di laboratorio per studiarne gli effetti sul sistema nervoso centrale.<br \/>\nMetodo di sintesi:<br \/>\nLa sintesi dell&#039;acquisto HDMP-28 prevede la reazione del 2,5-dimetil-2-idrossiesan-1-olo con 3-metil-2-(2-metossietil)pentan-2-ammina in presenza di urea e di un catalizzatore. Il prodotto risultante viene quindi purificato utilizzando varie tecniche come la ricristallizzazione e la cromatografia su colonna. La purezza del prodotto finale viene solitamente determinata utilizzando tecniche analitiche come la gascromatografia-spettrometria di massa (GC-MS) e la spettroscopia di risonanza magnetica nucleare (NMR).<br \/>\nApplicazione della ricerca scientifica:<br \/>\nL&#039;HDMP-28 \u00e8 comunemente usato negli esperimenti di laboratorio per studiare i suoi effetti sul sistema nervoso centrale. \u00c8 noto che agisce come un inibitore della ricaptazione della dopamina e della ricaptazione della norepinefrina, il che porta ad un aumento dei livelli di questi neurotrasmettitori nel cervello. Si ritiene che questo aumento dei livelli di neurotrasmettitore sia responsabile degli effetti stimolanti dell&#039;HDMP-28.<br \/>\nMeccanismo di azione:<br \/>\nIl meccanismo d&#039;azione dell&#039;HDMP-28 prevede l&#039;inibizione dei trasportatori della ricaptazione della dopamina e della norepinefrina. Ci\u00f2 porta ad un aumento dei livelli di questi neurotrasmettitori nella fessura sinaptica, che potenzia i loro effetti sui recettori postsinaptici. Ci\u00f2 alla fine porta agli effetti stimolanti dell&#039;HDMP-28.<\/p>\n\n\t\t<\/div>\n\t<\/div>\n<\/div><\/div><\/div><\/div>\n<\/div>","protected":false},"excerpt":{"rendered":"<p><strong>Nome IUPAC: <\/strong>Metil (2R)-2-naftil[(2R)-2-piperidinil]acetato<\/p>\n<p><strong>CAS# <\/strong>219915-69-2<\/p>\n<p><strong>Aspetto: <\/strong>polvere<\/p>\n<p><strong>Analisi NMR: <\/strong>C18H21NO2<\/p>","protected":false},"featured_media":8745,"comment_status":"open","ping_status":"closed","template":"","meta":[],"product_brand":[],"product_cat":[95],"product_tag":[],"class_list":{"0":"post-8692","1":"product","2":"type-product","3":"status-publish","4":"has-post-thumbnail","6":"product_cat-buy-piperidines-online","8":"first","9":"instock","10":"shipping-taxable","11":"purchasable","12":"product-type-variable"},"jetpack_sharing_enabled":true,"_links":{"self":[{"href":"https:\/\/rezeptfrei-apotheke.net\/it\/wp-json\/wp\/v2\/product\/8692","targetHints":{"allow":["GET"]}}],"collection":[{"href":"https:\/\/rezeptfrei-apotheke.net\/it\/wp-json\/wp\/v2\/product"}],"about":[{"href":"https:\/\/rezeptfrei-apotheke.net\/it\/wp-json\/wp\/v2\/types\/product"}],"replies":[{"embeddable":true,"href":"https:\/\/rezeptfrei-apotheke.net\/it\/wp-json\/wp\/v2\/comments?post=8692"}],"wp:featuredmedia":[{"embeddable":true,"href":"https:\/\/rezeptfrei-apotheke.net\/it\/wp-json\/wp\/v2\/media\/8745"}],"wp:attachment":[{"href":"https:\/\/rezeptfrei-apotheke.net\/it\/wp-json\/wp\/v2\/media?parent=8692"}],"wp:term":[{"taxonomy":"product_brand","embeddable":true,"href":"https:\/\/rezeptfrei-apotheke.net\/it\/wp-json\/wp\/v2\/product_brand?post=8692"},{"taxonomy":"product_cat","embeddable":true,"href":"https:\/\/rezeptfrei-apotheke.net\/it\/wp-json\/wp\/v2\/product_cat?post=8692"},{"taxonomy":"product_tag","embeddable":true,"href":"https:\/\/rezeptfrei-apotheke.net\/it\/wp-json\/wp\/v2\/product_tag?post=8692"}],"curies":[{"name":"wp","href":"https:\/\/api.w.org\/{rel}","templated":true}]}}