{"id":8694,"date":"2023-10-21T10:59:20","date_gmt":"2023-10-21T10:59:20","guid":{"rendered":"https:\/\/rezeptfrei-apotheke.net\/?post_type=product&#038;p=8694"},"modified":"2026-02-13T15:32:21","modified_gmt":"2026-02-13T15:32:21","slug":"desoxypipradrol","status":"publish","type":"product","link":"https:\/\/rezeptfrei-apotheke.net\/it\/product\/desoxypipradrol\/","title":{"rendered":"desossipipradrolo"},"content":{"rendered":"<div class=\"wpb-content-wrapper\"><div class=\"vc_row wpb_row vc_row-fluid\"><div class=\"wpb_column vc_column_container vc_col-sm-12\"><div class=\"vc_column-inner\"><div class=\"wpb_wrapper\">\n\t<div class=\"wpb_text_column wpb_content_element\" >\n\t\t<div class=\"wpb_wrapper\">\n\t\t\t<h2>IL MODO MIGLIORE PER OTTENERE EFFETTI LEGALI CON NOI ACQUISTARE 2-DPMP IN VENDITA<\/h2>\n<p>Desossipipradrolo, noto anche come 2-difenilmetilpiperidina<a href=\"#\">\u00a0Acquista 2-DPMP<\/a>, \u00e8 stato sviluppato da Ciba negli anni &#039;50. Nonostante non sia mai stata venduta o concessa una licenza per uso medicinale, ha sviluppato la reputazione di sostanza potente e controversa.\u00a0<a href=\"https:\/\/en.wikipedia.org\/wiki\/Desoxypipradrol\" target=\"_blank\" rel=\"noopener\">Desossipipradrolo<\/a>, un NDRI (inibitore della ricaptazione della norepinefrina-dopamina), \u00e8 stato abusato per i suoi effetti euforici e stimolanti. Il farmaco \u00e8 stato in gran parte ignorato per decenni nonostante il suo potenziale e non \u00e8 mai stato commercializzato o concesso in licenza per uso medicinale.<\/p>\n<h3>GLI EFFETTI DEL DESOXYPIPRADROLO<\/h3>\n<p>Il desossipipradrolo aumenta i livelli di dopamina e norepinefrina nel cervello come NDRI. I benefici di questo includono un miglioramento dell\u2019umore, dell\u2019energia e della vigilanza, nonch\u00e9 una ridotta necessit\u00e0 di cibo e sonno. Gli effetti del desoxypipradrol sono paragonabili a quelli di altri farmaci stimolanti come le anfetamine e la cocaina. Il farmaco \u00e8 significativamente pi\u00f9 potente, tuttavia, e pu\u00f2 avere importanti effetti collaterali come ansia, psicosi e palpitazioni cardiache. Il desossipipradrolo non \u00e8 diventato noto come droga ricreativa fino alla fine degli anni &#039;90 e all&#039;inizio degli anni 2000. \u00c8 diventata subito popolare tra i festaioli e gli amanti del brivido grazie ai suoi forti effetti stimolanti ed euforici. Tuttavia, gli effetti del desossipipradrolo sul corpo umano non erano ancora ampiamente conosciuti.<\/p>\n<h3>I PERICOLI DEL DESOXYPIPRADROLO<\/h3>\n<p>Insieme agli effetti collaterali sopra elencati, il medicinale ha la capacit\u00e0 di causare attacchi di cuore, palpitazioni e persino ipertensione. Il desossipipradrolo \u00e8 una sostanza potente che pu\u00f2 provocare rapidamente un sovradosaggio. Ci\u00f2 \u00e8 particolarmente vero per i nuovi consumatori e per coloro che assumono grandi quantit\u00e0 di farmaco. Insieme ai suoi rischi fisici, il desossipipradrolo ha il potenziale di causare seri problemi di salute mentale come ansia, paranoia e persino allucinazioni. Questi effetti potrebbero durare molto a lungo dopo l\u2019effetto del farmaco e potrebbero turbare seriamente il paziente.<\/p>\n<h3>IL DESOXYPIPRADROLO NEL PANORAMA ATTUALE DELLA FARMACIA<\/h3>\n<p>Nonostante i suoi rischi, in particolare nelle feste e nei club, il desossipipradrolo \u00e8 comunque una droga ricreativa ampiamente utilizzata. Le forze dell&#039;ordine e gli specialisti della sanit\u00e0 pubblica lo stanno ora esaminando pi\u00f9 da vicino a causa della sua reputazione di tossina letale. rendendolo illegale o aggiungendolo a un elenco di sostanze vietate. Ci\u00f2 ha portato a una diminuzione del suo utilizzo in varie situazioni, tuttavia \u00e8 ancora il farmaco preferito da alcune persone.<\/p>\n\n\t\t<\/div>\n\t<\/div>\n<\/div><\/div><\/div><\/div>\n<\/div>","protected":false},"excerpt":{"rendered":"<p>Nome IUPAC: 2-benzidrilpiperidina<br \/>\nCAS#519-74-4<br \/>\nAspetto: polvere<br \/>\nAnalisi NMR: C18H21N<\/p>","protected":false},"featured_media":8747,"comment_status":"open","ping_status":"closed","template":"","meta":[],"product_brand":[],"product_cat":[95],"product_tag":[],"class_list":{"0":"post-8694","1":"product","2":"type-product","3":"status-publish","4":"has-post-thumbnail","6":"product_cat-buy-piperidines-online","8":"first","9":"instock","10":"shipping-taxable","11":"purchasable","12":"product-type-variable"},"jetpack_sharing_enabled":true,"_links":{"self":[{"href":"https:\/\/rezeptfrei-apotheke.net\/it\/wp-json\/wp\/v2\/product\/8694","targetHints":{"allow":["GET"]}}],"collection":[{"href":"https:\/\/rezeptfrei-apotheke.net\/it\/wp-json\/wp\/v2\/product"}],"about":[{"href":"https:\/\/rezeptfrei-apotheke.net\/it\/wp-json\/wp\/v2\/types\/product"}],"replies":[{"embeddable":true,"href":"https:\/\/rezeptfrei-apotheke.net\/it\/wp-json\/wp\/v2\/comments?post=8694"}],"wp:featuredmedia":[{"embeddable":true,"href":"https:\/\/rezeptfrei-apotheke.net\/it\/wp-json\/wp\/v2\/media\/8747"}],"wp:attachment":[{"href":"https:\/\/rezeptfrei-apotheke.net\/it\/wp-json\/wp\/v2\/media?parent=8694"}],"wp:term":[{"taxonomy":"product_brand","embeddable":true,"href":"https:\/\/rezeptfrei-apotheke.net\/it\/wp-json\/wp\/v2\/product_brand?post=8694"},{"taxonomy":"product_cat","embeddable":true,"href":"https:\/\/rezeptfrei-apotheke.net\/it\/wp-json\/wp\/v2\/product_cat?post=8694"},{"taxonomy":"product_tag","embeddable":true,"href":"https:\/\/rezeptfrei-apotheke.net\/it\/wp-json\/wp\/v2\/product_tag?post=8694"}],"curies":[{"name":"wp","href":"https:\/\/api.w.org\/{rel}","templated":true}]}}