{"id":8695,"date":"2023-10-21T10:59:20","date_gmt":"2023-10-21T10:59:20","guid":{"rendered":"https:\/\/rezeptfrei-apotheke.net\/?post_type=product&#038;p=8695"},"modified":"2023-10-30T21:12:44","modified_gmt":"2023-10-30T21:12:44","slug":"4-mpm","status":"publish","type":"product","link":"https:\/\/rezeptfrei-apotheke.net\/it\/product\/4-mpm\/","title":{"rendered":"4 MPD"},"content":{"rendered":"<h2><strong><span data-preserver-spaces=\"true\">Acquista 4-MPD online:<\/span><\/strong><\/h2>\n<p><span data-preserver-spaces=\"true\">Stiamo offrendo il luogo ideale per acquistare la tua polvere o farmaco ricreativo Acquista 4-MPD. Questo farmaco \u00e8 aumentato per farti sentire bene. \u00c8 una bellissima droga. Ora, questo farmaco \u00e8 diventato pi\u00f9 conosciuto tra gli adulti e i giovani. \u00c8 una polvere proibita che inoltre viene utilizzata in tutto il mondo per il benessere. \u00c8 un farmaco artificiale. \u00c8 disponibile in diverse forme, come pillola, capsula o polvere. Ti stiamo dando la polvere, il consueto processo vitale per praticare questo farmaco. Stiamo presentando in una fascia di prezzo ragionevole.\u00a0<\/span><\/p>\n<h4><strong><span data-preserver-spaces=\"true\">Tutto su: 4-mpd Acquista online<\/span><\/strong><\/h4>\n<p><span data-preserver-spaces=\"true\">Questo \u00e8 un farmaco prodotto noto come 4-Methylpentedrone, noto anche come 4-MPD o 4-Methyl-methylamino-valerophenone. Questa polvere appartiene alla classe degli stimolanti dei catinoni. Questo\u00a0<\/span><strong><em>droga sintetica<\/em><\/strong><span data-preserver-spaces=\"true\">\u00a0viene spesso utilizzato per basi ricreative per le sue propriet\u00e0 euforiche e stimolanti. Nonostante il suo utilizzo complessivo, crearlo, venderlo o abusarne senza prescrizione medica \u00e8 illegale.<\/span><\/p>\n<p><span data-preserver-spaces=\"true\">Sebbene il 4-metilpentedrone sia spesso venduto come un&#039;alternativa sicura ai farmaci consolidati, \u00e8 necessario identificare che la mancanza di ordinanze e controlli sulla sua produzione ed emissione lo rende una sostanza chimica potenzialmente dannosa. Attraverso queste informazioni, ci occuperemo della storia, degli effetti e dei rischi del 4-metilpentedrone e della condizione per cui si desidera un aiuto professionale per l&#039;uso di sostanze.<\/span><\/p>\n<h4><strong><span data-preserver-spaces=\"true\">CHE COS&#039;\u00c8 4-MPD?<\/span><\/strong><\/h4>\n<p><span data-preserver-spaces=\"true\">Il 4-MPD \u00e8 uno stimolante prodotto classificato come catinone. \u00c8 il p-metil derivato dal pentedrone e un omologo pi\u00f9 elevato del 4-metilmethcathinone (mefedrone) e del 4-metilbufedrone (4-MeMABP). Questo trattamento \u00e8 considerato un farmaco creatore poich\u00e9 \u00e8 simulato in laboratorio e non \u00e8 approvato per benefici medici.<\/span><\/p>\n<p><span data-preserver-spaces=\"true\">Dalla sua scoperta all&#039;inizio del 2011, il 4-metilpentedrone si \u00e8 evoluto in un popolare farmaco di abuso. Nonostante la sua popolarit\u00e0, si sa molto poco sui risultati a lungo termine del 4-metilpentedrone e i pericoli associati al suo utilizzo non sono ancora del tutto riconosciuti.<\/span><\/p>\n<h4><strong><span data-preserver-spaces=\"true\">Effetti DI 4-MPD:<\/span><\/strong><\/h4>\n<p><span data-preserver-spaces=\"true\">\u00c8 una stimolazione del sistema nervoso centrale che alimenta una combinazione di risultati, come miglioramento di energia, attenzione e cordialit\u00e0. I risultati del 4-metilpentedrone sono simili a quelli della metanfetamina o della cocaina e di solito durano dalle due alle tre ore.<\/span><\/p>\n<p><span data-preserver-spaces=\"true\">Altri dichiarano che \u00e8 aumentato lo stress, la follia e la paranoia dopo l&#039;uso del 4-metilpentedrone. I risultati del 4-metilpentedrone differiscono in base all&#039;individuo, al dosaggio e alla modalit\u00e0 di gestione.<\/span><\/p>\n<h4><strong><span data-preserver-spaces=\"true\">Pericoli del 4-METILPENTEDRONE:<\/span><\/strong><\/h4>\n<p><span data-preserver-spaces=\"true\">Nonostante tutti i suoi risultati plausibilmente piacevoli, il 4-metilpentedrone \u00e8 una sostanza chimica pericolosa e potenzialmente letale. Tutti gli utenti corrono il rischio di mangiare un prodotto che contiene contaminanti o combinazioni dannose a causa della mancanza di ordinanze e controlli sulla sua produzione e distribuzione.<\/span><\/p>\n<p><span data-preserver-spaces=\"true\">Miglioramento della frequenza cardiaca, dolore toracico, ansia,\u00a0<a href=\"https:\/\/en.wikipedia.org\/wiki\/Paranoia\" target=\"_blank\" rel=\"noopener\"><strong><em>paranoia<\/em><\/strong><\/a>e le allucinazioni sono alcuni effetti collaterali estremi dell&#039;uso di 4-metilpentedrone. Oltre a pericolosi aumenti della pressione sanguigna, il farmaco induce arresto cardiaco, convulsioni e ictus.<\/span><\/p>\n<p><span data-preserver-spaces=\"true\">Oltre ai rischi fisici, il 4-metilpentedrone pu\u00f2 avere un impatto sostanziale sulla salute mentale. L\u2019abuso di essenze pu\u00f2 generare tristezza, ansia, altre malattie mentali e danni cerebrali infiniti.<\/span><\/p>","protected":false},"excerpt":{"rendered":"<p><strong>Nome IUPAC: <\/strong>3-metil-2-(p-tolil)mofolina<\/p>\n<p><strong>CAS# <\/strong>N \/ A<\/p>\n<p><strong>Altro nome: <\/strong>4-metilfenmetrazina<\/p>\n<p><strong>Aspetto: <\/strong>cristalli<\/p>\n<p><strong>Analisi NMR: <\/strong>N \/ A<\/p>","protected":false},"featured_media":8748,"comment_status":"open","ping_status":"closed","template":"","meta":[],"product_brand":[],"product_cat":[95],"product_tag":[],"class_list":{"0":"post-8695","1":"product","2":"type-product","3":"status-publish","4":"has-post-thumbnail","6":"product_cat-buy-piperidines-online","8":"first","9":"instock","10":"shipping-taxable","11":"purchasable","12":"product-type-variable"},"jetpack_sharing_enabled":true,"_links":{"self":[{"href":"https:\/\/rezeptfrei-apotheke.net\/it\/wp-json\/wp\/v2\/product\/8695","targetHints":{"allow":["GET"]}}],"collection":[{"href":"https:\/\/rezeptfrei-apotheke.net\/it\/wp-json\/wp\/v2\/product"}],"about":[{"href":"https:\/\/rezeptfrei-apotheke.net\/it\/wp-json\/wp\/v2\/types\/product"}],"replies":[{"embeddable":true,"href":"https:\/\/rezeptfrei-apotheke.net\/it\/wp-json\/wp\/v2\/comments?post=8695"}],"wp:featuredmedia":[{"embeddable":true,"href":"https:\/\/rezeptfrei-apotheke.net\/it\/wp-json\/wp\/v2\/media\/8748"}],"wp:attachment":[{"href":"https:\/\/rezeptfrei-apotheke.net\/it\/wp-json\/wp\/v2\/media?parent=8695"}],"wp:term":[{"taxonomy":"product_brand","embeddable":true,"href":"https:\/\/rezeptfrei-apotheke.net\/it\/wp-json\/wp\/v2\/product_brand?post=8695"},{"taxonomy":"product_cat","embeddable":true,"href":"https:\/\/rezeptfrei-apotheke.net\/it\/wp-json\/wp\/v2\/product_cat?post=8695"},{"taxonomy":"product_tag","embeddable":true,"href":"https:\/\/rezeptfrei-apotheke.net\/it\/wp-json\/wp\/v2\/product_tag?post=8695"}],"curies":[{"name":"wp","href":"https:\/\/api.w.org\/{rel}","templated":true}]}}