{"id":8696,"date":"2023-10-21T10:59:20","date_gmt":"2023-10-21T10:59:20","guid":{"rendered":"https:\/\/rezeptfrei-apotheke.net\/?post_type=product&#038;p=8696"},"modified":"2023-10-30T21:26:49","modified_gmt":"2023-10-30T21:26:49","slug":"3-fpm","status":"publish","type":"product","link":"https:\/\/rezeptfrei-apotheke.net\/it\/product\/3-fpm\/","title":{"rendered":"3-FPM"},"content":{"rendered":"<h2>Acquistare <strong>3-FPM <\/strong><strong>Informazioni generali 3-FPM<\/strong><\/h2>\n<p>La 3-fluorofenmetrazina \u00e8 una sostanza energizzante originale della classe delle fenilmorfoline. Il 3-FPM \u00e8 una filiale della fenmetrazina, una sostanza energizzante precedentemente nota e utilizzata clinicamente come anoressizzante in Europa negli anni &#039;50. Fornisce la sua azione aumentando i livelli di serotonina, dopamina e norepinefrina nel cervello.<\/p>\n<h3><strong>Composizione chimica 3-FPM<\/strong><\/h3>\n<p>La formula di 3-FPM accessibile da noi \u00e8 C11H14FNO \u2013 peso atomico 285,42 g. 3-FPM o 3-fluorofenmetrazina \u00e8 considerato 3-FPH e PAL-593; questo prodotto \u00e8 un subordinato fluorurato della fenmetrazina. 3-FPM (PAL-593) \u00e8 un semplice fluorurato alla luce dell&#039;energizzante e della fenilmorfolina fluorurata della fenmetrazina tre fluorofenmetrazina.<\/p>\n<p>La formula chimica \u00e8 C11H14FNO. La 3-fluorofenmetrazina \u00e8 una semplice 3F-fenmetrazina e 3-fluorofenmetrazina, un&#039;altra sostanza di ricerca nella famiglia degli energizzanti 2-3-fluorofenil, 3-metil morfolina e 3-fluorofenmetrazina.<\/p>\n<p>3- La fluorofenmetrazina contiene una molecola di fluoro integrata nello scheletro dell&#039;anfetamina.<\/p>\n<h3><strong>Farmacologia del 3-FPM<\/strong><\/h3>\n<p>3-FPM (FPM 3) aumenta l&#039;azione mentale attivando i livelli di serotonina, dopamina e norepinefrina. Gli impatti astratti incorporano una migliore concentrazione e ispirazione, accelerando i pensieri e maggiore felicit\u00e0 ed eccitazione. L&#039;insieme delle sinapsi provoca effetti di rapimento ed esperienze stimolanti.<\/p>\n<h3><strong>Acquista 3-FPM di alta qualit\u00e0<\/strong><\/h3>\n<p>TRRCSHOP \u00e8 coinvolto da molti anni nell&#039;acquisto di prodotti chimici di ricerca di design in modo da poter garantire il meglio per ogni prodotto. Di conseguenza, i prodotti chimici di ricerca che vendiamo sul sito web, incluso 3-FPM 3-fluorofenmetrazina, soddisfano le nostre rigorose linee guida e vengono spediti, stoccati e conservati con la massima cura in luoghi freschi e asciutti.<\/p>\n<p>Tutti gli articoli hanno un costo equo e l&#039;acquisto su TRRCSHOP \u00e8 esente da danni.<\/p>\n<h3><strong>3-FPM testato in laboratorio con il risultato<\/strong><\/h3>\n<p>Il TRRCSHOP fa progressi verso l&#039;espansione della soddisfazione dei consumatori. La ricerca mostra che il nuovo cliente ha molte domande riguardanti sostanze chimiche di ricerca come 3-FPM, 2-FMA o FPM3. Un record gode di molti vantaggi nel rispondere a ciascuna delle tue richieste.<\/p>\n<p>Distribuiamo tutte le conseguenze di laboratorio di ciascun complesso esplorativo su un documento PDF, che dovrebbe essere visibile su questo testo!<\/p>\n<p>Il nostro 3-FPM generalmente concorda con i fissaggi funzionanti ed \u00e8 disponibile per tutti. Inoltre, sono solitamente presenti i risultati di laboratorio del Research Chemicals Team.<\/p>\n<h3><strong>Ordina in sicurezza da 3-FPM.<\/strong><\/h3>\n<p>I prodotti chimici di ricerca designer di TRRCSHOP sono di ottima qualit\u00e0 e hanno un costo giusto. Nel momento in cui richiedi il tuo 3-FPM su TRRCSHOP, ti garantiamo che la tua richiesta arriver\u00e0 a casa tua in modo rapido e sicuro.<\/p>\n<p>Richiedere composti di ricerca sintetici con Bitcoin o trasferimento bancario \u00e8 semplice su TRRCSHOP.<\/p>\n<p>Spediamo 3-FPM nello stesso giorno lavorativo se il pagamento viene ricevuto prima delle 14:00 CEST. Non effettuiamo spedizioni il sabato, la domenica o nei giorni festivi nazionali\/internazionali<strong>.<\/strong><\/p>\n<h3><strong>Spedizione discreta di prodotti chimici per la ricerca.<\/strong><\/h3>\n<p>Anche se i prodotti chimici di ricerca di progettazione sono legalmente accessibili online, noi di TRRCSHOP ci impegniamo a fornire prodotti nel modo pi\u00f9 sicuro e ragionevole. Innanzitutto, l&#039;oggetto viene inserito in un sacchetto a scatto prima di entrare in un sacchetto dove viene doppiamente bruciato. Facciamo le valigie con molta discrezione e all&#039;esterno non verr\u00e0 mostrato alcun segno di ci\u00f2 che potrebbe esserci all&#039;interno.<\/p>\n<p>Scegli una consegna tracciata da tracciare e seguire in modo da poter seguire il tuo ordine progressivamente. Ad esempio, inviamo ordini superiori a 500 euro con la traccia gratuita.<\/p>\n<p>Non forniamo articoli a persone di et\u00e0 inferiore ai 18 anni!<\/p>\n<h3><strong>Precauzioni<\/strong><\/h3>\n<ul>\n<li>RC offerti a <a href=\"https:\/\/rezeptfrei-apotheke.net\/it\/\">rchemshop<\/a> sono a scopo di ricerca, il consumo umano \u00e8 altamente proibito.<\/li>\n<li>Acquistare i dispositivi di protezione individuale adeguati come occhiali e guanti. Puliscili e prenditi cura di loro in modo appropriato. Segui sistemi sicuri quando maneggi prodotti chimici di ricerca e non prendere scorciatoie.<\/li>\n<li>Se la sostanza chimica di ricerca entra in contatto con gli occhi, sciacquare bene ed eliminare le lenti a contatto se fondamentale.<\/li>\n<li>Prova a usare una maschera mentre usi queste sostanze chimiche in modo che non ti entrino dentro mentre respiri.<\/li>\n<li>Come indicato dai metodi supportati, maneggiare, conservare e smaltire i materiali pericolosi in modo sicuro. Non versarli mai in fogne o canali.<\/li>\n<li>Conservare i prodotti chimici di ricerca in modo appropriato, come indicato sui loro nomi. I prodotti chimici infiammabili devono essere conservati in un luogo eccellente e asciutto, lontano dalla luce e dalla luce del giorno. Alcuni materiali sintetici come gli acidi dovrebbero essere conservati indipendentemente l&#039;uno dall&#039;altro.<\/li>\n<\/ul>","protected":false},"excerpt":{"rendered":"<p>Nome IUPAC: 2-(3-fluorofenil)-3-metilmorfolina, monocloridrato<br \/>\nCAS#1803562-83-5<br \/>\nAltro nome: 3-fluorofenmetrazina (cloridrato)<br \/>\nAspetto: polvere<br \/>\nAnalisi NMR: C11H14FNO \u2022 HCl<\/p>","protected":false},"featured_media":8749,"comment_status":"open","ping_status":"closed","template":"","meta":[],"product_brand":[],"product_cat":[95],"product_tag":[],"class_list":{"0":"post-8696","1":"product","2":"type-product","3":"status-publish","4":"has-post-thumbnail","6":"product_cat-buy-piperidines-online","8":"first","9":"instock","10":"shipping-taxable","11":"purchasable","12":"product-type-variable"},"jetpack_sharing_enabled":true,"_links":{"self":[{"href":"https:\/\/rezeptfrei-apotheke.net\/it\/wp-json\/wp\/v2\/product\/8696","targetHints":{"allow":["GET"]}}],"collection":[{"href":"https:\/\/rezeptfrei-apotheke.net\/it\/wp-json\/wp\/v2\/product"}],"about":[{"href":"https:\/\/rezeptfrei-apotheke.net\/it\/wp-json\/wp\/v2\/types\/product"}],"replies":[{"embeddable":true,"href":"https:\/\/rezeptfrei-apotheke.net\/it\/wp-json\/wp\/v2\/comments?post=8696"}],"wp:featuredmedia":[{"embeddable":true,"href":"https:\/\/rezeptfrei-apotheke.net\/it\/wp-json\/wp\/v2\/media\/8749"}],"wp:attachment":[{"href":"https:\/\/rezeptfrei-apotheke.net\/it\/wp-json\/wp\/v2\/media?parent=8696"}],"wp:term":[{"taxonomy":"product_brand","embeddable":true,"href":"https:\/\/rezeptfrei-apotheke.net\/it\/wp-json\/wp\/v2\/product_brand?post=8696"},{"taxonomy":"product_cat","embeddable":true,"href":"https:\/\/rezeptfrei-apotheke.net\/it\/wp-json\/wp\/v2\/product_cat?post=8696"},{"taxonomy":"product_tag","embeddable":true,"href":"https:\/\/rezeptfrei-apotheke.net\/it\/wp-json\/wp\/v2\/product_tag?post=8696"}],"curies":[{"name":"wp","href":"https:\/\/api.w.org\/{rel}","templated":true}]}}