{"id":8698,"date":"2023-10-21T10:59:20","date_gmt":"2023-10-21T10:59:20","guid":{"rendered":"https:\/\/rezeptfrei-apotheke.net\/?post_type=product&#038;p=8698"},"modified":"2026-02-13T14:25:45","modified_gmt":"2026-02-13T14:25:45","slug":"nb-5-meo-dalt-oxalate","status":"publish","type":"product","link":"https:\/\/rezeptfrei-apotheke.net\/it\/product\/nb-5-meo-dalt-oxalate\/","title":{"rendered":"NB-5-MeO-DALT (ossalato)"},"content":{"rendered":"<h2><strong>Cos&#039;\u00e8 il 5-MEO-DALT?<\/strong><\/h2>\n<p>Il nome completo di 5-MeO-DALT \u00e8 N-allil-N-[2-(5-metossi-1H-indol-3-il)etil]prop-2-en-1-ammina. \u00c8 correlato in molti modi ai composti Acquista 5-MeO-DPT e DALT (N, N-Dialliltriptamina). 5-MeO-DALT prende il nome commerciale dai componenti della sua struttura chimica 5-MethOxy-DiALlyl Tryptamine. Ha un gruppo amminico a cui sono legati due gruppi allilici, nonch\u00e9 un anello indolico di triptamina con un gruppo 5-metossi legato ad esso. Ha molte somiglianze strutturali con DALT e 5-MeO-DiPT.<\/p>\n<p>&nbsp;<\/p>\n<p>\u00c8 stato sintetizzato per la prima volta da Alexander Shulgin. Ha inviato il primo materiale riguardante la sintesi di 5-MeO-DALT a un ricercatore associato di nome Murple nel maggio 2004, dopo di che \u00e8 stato diffuso online.<\/p>\n<p>Dopo essere stato sintetizzato in Cina da laboratori commerciali, Acquista 5-MeO-DALT \u00e8 diventato disponibile sul mercato da un fornitore chimico online nel giugno 2004.<\/p>","protected":false},"excerpt":{"rendered":"<p>Cos&#039;\u00e8 il 5-MEO-DALT? Il nome completo di 5-MeO-DALT \u00e8 N-allil-N-[2-(5-metossi-1H-indol-3-il)etil]prop-2-en-1-ammina. \u00c8 legato in molti modi a<\/p>","protected":false},"featured_media":8751,"comment_status":"open","ping_status":"closed","template":"","meta":[],"product_brand":[],"product_cat":[96],"product_tag":[],"class_list":{"0":"post-8698","1":"product","2":"type-product","3":"status-publish","4":"has-post-thumbnail","6":"product_cat-buy-tryptamines-online","8":"first","9":"instock","10":"shipping-taxable","11":"purchasable","12":"product-type-variable"},"jetpack_sharing_enabled":true,"_links":{"self":[{"href":"https:\/\/rezeptfrei-apotheke.net\/it\/wp-json\/wp\/v2\/product\/8698","targetHints":{"allow":["GET"]}}],"collection":[{"href":"https:\/\/rezeptfrei-apotheke.net\/it\/wp-json\/wp\/v2\/product"}],"about":[{"href":"https:\/\/rezeptfrei-apotheke.net\/it\/wp-json\/wp\/v2\/types\/product"}],"replies":[{"embeddable":true,"href":"https:\/\/rezeptfrei-apotheke.net\/it\/wp-json\/wp\/v2\/comments?post=8698"}],"wp:featuredmedia":[{"embeddable":true,"href":"https:\/\/rezeptfrei-apotheke.net\/it\/wp-json\/wp\/v2\/media\/8751"}],"wp:attachment":[{"href":"https:\/\/rezeptfrei-apotheke.net\/it\/wp-json\/wp\/v2\/media?parent=8698"}],"wp:term":[{"taxonomy":"product_brand","embeddable":true,"href":"https:\/\/rezeptfrei-apotheke.net\/it\/wp-json\/wp\/v2\/product_brand?post=8698"},{"taxonomy":"product_cat","embeddable":true,"href":"https:\/\/rezeptfrei-apotheke.net\/it\/wp-json\/wp\/v2\/product_cat?post=8698"},{"taxonomy":"product_tag","embeddable":true,"href":"https:\/\/rezeptfrei-apotheke.net\/it\/wp-json\/wp\/v2\/product_tag?post=8698"}],"curies":[{"name":"wp","href":"https:\/\/api.w.org\/{rel}","templated":true}]}}