{"id":8724,"date":"2023-10-21T10:59:44","date_gmt":"2023-10-21T10:59:44","guid":{"rendered":"https:\/\/rezeptfrei-apotheke.net\/?post_type=product&#038;p=8724"},"modified":"2025-09-17T03:38:34","modified_gmt":"2025-09-17T03:38:34","slug":"5-cl-dmt-fumarate","status":"publish","type":"product","link":"https:\/\/rezeptfrei-apotheke.net\/it\/product\/5-cl-dmt-fumarate\/","title":{"rendered":"5-CL-DMT"},"content":{"rendered":"<h2><strong>ACQUISTA 5-MEO-DMT<\/strong><\/h2>\n<p>La 5-MeO-DMT, nota anche come 5-Metossi-N, N-dimetiltriptamina \u00e8 uno psichedelico naturale della classe delle triptamine, la 5-MeO-DMT presenta somiglianze strutturali con la N, N-dimetiltriptamina (DMT), tuttavia gli studi hanno dimostrato caratteristiche chimiche che possono somigliare ad una potenza maggiore rispetto al composto pi\u00f9 conosciuto. \u00c8 distribuito in un&#039;ampia variet\u00e0 di specie vegetali e nel veleno di alcuni agenti patogeni psicoattivi come Bufo Alvaris.<\/p>\n<p>Il 5-MeO-DMT si trova nel veleno bianco lattiginoso del rospo del fiume Colorado. Gli sciamani sudamericani usano il veleno del rospo da migliaia di anni. Oggi vengono studiati sia gli estratti del veleno del rospo che la forma di polvere sintetica. La sua sintesi e i suoi risultati sono stati documentati per la prima volta nel libro TiHKAL di Alexander Shulgin del 1997 (\u201cTriptamine che ho conosciuto e amato\u201d). Studi recenti hanno dimostrato che pu\u00f2 fornire risultati mistici durante la ricerca ed \u00e8 cresciuto in popolarit\u00e0 negli ultimi anni.<\/p>\n<p>&nbsp;<\/p>\n<h2><strong>COME USARE IL 5-MEO-DMT?<\/strong><\/h2>\n<p>Su Realchems puoi acquistare 5-MeO-DMT nella forma base libera e cloridrato della massima qualit\u00e0. Abbiamo 5-MeO-DMT disponibile in quantit\u00e0 di 5gr, 10gr e sfuso. Assicurarsi di conservare il 5-MeO-DMT in un luogo fresco e asciutto per la massima durata. Quando si maneggiano sostanze chimiche di ricerca, assicurarsi di prendere sempre le precauzioni adeguate in laboratorio, come pulire le superfici e indossare guanti, maschera e indumenti protettivi. Consigliamo particolare cautela con 5-MeO-DMT a causa della sua elevata potenza.<\/p>\n<p>&nbsp;<\/p>\n<h2><strong>DEFINIZIONE 5-MEO-DMT<\/strong><\/h2>\n<p>La definizione di 5-MeO-DMT \u00e8 ufficialmente nota come 5-metossi-N, N-dimetiltriptamina. La 5-MeO-DMT \u00e8 uno psichedelico naturale ma molto potente della classe delle triptamine. \u00c8 addirittura considerato lo psichedelico pi\u00f9 potente nella storia della ricerca chimica.<\/p>\n<p>&nbsp;<\/p>\n<h2><strong>INFORMAZIONI DI BASE SULLA CHIMICA 5-MEO-DMT<\/strong><\/h2>\n<p>La ricerca indica che la 5-MeO-DMT produce i suoi effetti legandosi ai recettori della serotonina, sebbene il meccanismo esatto sia sconosciuto. La 5-metossi-N,N-dimetiltriptamina \u00e8 una triptamina alcaloide indolica sostituita dall&#039;anello. e condivide un nucleo di un eterociclo indolico bicilico attaccato in R3 a un gruppo amminico terminale tramite una catena laterale etilica. Si presume che il 5-MeO-DMT sia molto potente. La ricerca indica che \u00e8 probabile che questa sostanza produca risultati ampi e drammatici in quel laboratorio. Pertanto, si consiglia vivamente di utilizzare pratiche di riduzione del danno quando si conducono ricerche su questa sostanza.<\/p>\n<p>&nbsp;<\/p>\n<h2><strong>DOVE ACQUISTARE 5-MEO-DMT<\/strong><\/h2>\n<p>5-MeO-DMT pu\u00f2 essere acquistato qui su <a href=\"https:\/\/rezeptfrei-apotheke.net\/it\/\">Rchemshop<\/a> sito web. Vendiamo 5-MeO-DMT di alta qualit\u00e0, generalmente in polvere. Tuttavia, spesso disponiamo di altre forme di sostanza, quindi sentiti libero di contattarci per vedere se abbiamo in magazzino la forma di sostanza che preferisci. Devi avere almeno 18 anni per acquistare 5-MeO-DMT da noi.<\/p>","protected":false},"excerpt":{"rendered":"<p><strong>Nome IUPAC: <\/strong>2-(5-cloro-1H-indol-3-il)-N,N-dimetiletan-1-ammina Sinonimi: 5-CL-N,N-dimetiltriptamina<\/p>\n<p><strong>Modulo: <\/strong>polvere<\/p>\n<p><strong>Analisi NMR: <\/strong>C12H15ClN2<\/p>","protected":false},"featured_media":8771,"comment_status":"open","ping_status":"closed","template":"","meta":[],"product_brand":[],"product_cat":[96],"product_tag":[],"class_list":{"0":"post-8724","1":"product","2":"type-product","3":"status-publish","4":"has-post-thumbnail","6":"product_cat-buy-tryptamines-online","8":"first","9":"instock","10":"shipping-taxable","11":"purchasable","12":"product-type-variable"},"jetpack_sharing_enabled":true,"_links":{"self":[{"href":"https:\/\/rezeptfrei-apotheke.net\/it\/wp-json\/wp\/v2\/product\/8724","targetHints":{"allow":["GET"]}}],"collection":[{"href":"https:\/\/rezeptfrei-apotheke.net\/it\/wp-json\/wp\/v2\/product"}],"about":[{"href":"https:\/\/rezeptfrei-apotheke.net\/it\/wp-json\/wp\/v2\/types\/product"}],"replies":[{"embeddable":true,"href":"https:\/\/rezeptfrei-apotheke.net\/it\/wp-json\/wp\/v2\/comments?post=8724"}],"wp:featuredmedia":[{"embeddable":true,"href":"https:\/\/rezeptfrei-apotheke.net\/it\/wp-json\/wp\/v2\/media\/8771"}],"wp:attachment":[{"href":"https:\/\/rezeptfrei-apotheke.net\/it\/wp-json\/wp\/v2\/media?parent=8724"}],"wp:term":[{"taxonomy":"product_brand","embeddable":true,"href":"https:\/\/rezeptfrei-apotheke.net\/it\/wp-json\/wp\/v2\/product_brand?post=8724"},{"taxonomy":"product_cat","embeddable":true,"href":"https:\/\/rezeptfrei-apotheke.net\/it\/wp-json\/wp\/v2\/product_cat?post=8724"},{"taxonomy":"product_tag","embeddable":true,"href":"https:\/\/rezeptfrei-apotheke.net\/it\/wp-json\/wp\/v2\/product_tag?post=8724"}],"curies":[{"name":"wp","href":"https:\/\/api.w.org\/{rel}","templated":true}]}}