{"id":8725,"date":"2023-10-21T10:59:44","date_gmt":"2023-10-21T10:59:44","guid":{"rendered":"https:\/\/rezeptfrei-apotheke.net\/?post_type=product&#038;p=8725"},"modified":"2023-10-30T20:46:24","modified_gmt":"2023-10-30T20:46:24","slug":"amt-succinate","status":"publish","type":"product","link":"https:\/\/rezeptfrei-apotheke.net\/it\/product\/amt-succinate\/","title":{"rendered":"AMT succinato"},"content":{"rendered":"<h2><strong>Cos&#039;\u00e8 l&#039;aMT succinato?<\/strong><\/h2>\n<p>Acquista aMT Succinate che \u00e8 un composto a base di triptamina. \u00c8 noto anche come alfa-metiltriptamina succinato, composto di acido succinico con 3-(2-amminopropil)indolo, -metiltriptamina succinato, alfaMT succinato, MT succinato, composto di acido butandioico con -metil-1H-indolo-3-etanamina e acido butandioico composto con -metil-1H-in (1:1).<\/p>\n<p>&nbsp;<\/p>\n<p>L&#039;1-(1H-indol-3-il)propano-2-ammina, spesso nota come aMT o -metiltriptamina, \u00e8 una molecola di alcaloide indolico sintetico della classe delle triptamine. Le triptamine sono un metabolita dell&#039;indolamina del triptofano, un importante amminoacido. Alcuni neuromodulatori aminergici condividono la struttura della triptamina.<\/p>\n<p>&nbsp;<\/p>\n<p>aMT Il carbonio alfa della triptamina succinato \u00e8 sostituito con un gruppo metilico. Ha una relazione chimica con la triptamina che \u00e8 simile alla relazione dell&#039;anfetamina con la fenetilammina. Il neurotrasmettitore serotonina \u00e8 fortemente correlato all&#039;aMT (5-idrossitriptamina). L&#039;aMT viene scoperto come un racemo dei suoi enantiomeri (R-) e (S-) in forma di base libera.<\/p>\n<p>&nbsp;<\/p>\n<p>Upjohn originariamente produsse aMT Succinate negli anni &#039;60. Per produrre aMT \u00e8 possibile utilizzare la condensazione nitroaldolica di indolo-3-carbossaldeide e nitroetano sotto catalisi di acetato di ammonio, nonch\u00e9 la condensazione di indolo-3-acetone e idrossilammina, seguita dalla riduzione della chetossima risultante con litio alluminio idruro. aMT funziona come un inibitore bilanciato della ricaptazione e come un agente di rilascio per tre diverse monoammine.<\/p>\n<p>&nbsp;<\/p>\n<h2><strong>Disclaimer<\/strong><\/h2>\n<p>Questo prodotto non deve essere somministrato agli esseri umani e agli animali. \u00c8 disponibile esclusivamente per uso di laboratorio. Raccomandiamo inoltre di maneggiare il prodotto con dispositivi di protezione individuale per evitare qualsiasi pericolo che possa derivare dalla manipolazione della sostanza chimica.<\/p>\n<p>&nbsp;<\/p>\n<h2><strong>aMT Succinato \u00e8 legale?<\/strong><\/h2>\n<p>Prima di acquistare aMT Succinate, ti consigliamo di verificare la legalit\u00e0 di questa sostanza chimica con le autorit\u00e0 competenti nella tua zona o luogo di spedizione.<\/p>\n<p>&nbsp;<\/p>\n<p>Per garantire la sicurezza del cliente, adottiamo le misure appropriate implementando rigorose misure di salvaguardia nella vendita di questi beni. Non saremo ritenuti responsabili per eventuali problemi legali che potrebbero emergere a seguito dell&#039;acquisto di aMT Succinate nel tuo paese.<\/p>\n<p>&nbsp;<\/p>\n<h2><strong>Dove acquistare aMT succinato?<\/strong><\/h2>\n<p>Chemical Planet \u00e8 un fornitore e distributore leader di aMT Succinato e prodotti chimici correlati. aMT Succinate viene fornito esclusivamente per scopi di ricerca di laboratorio ed \u00e8 disponibile sotto forma di polvere. Questa sostanza \u00e8 disponibile solo per gli adulti dai 18 anni in su e non deve essere utilizzata su esseri umani o animali.<\/p>","protected":false},"excerpt":{"rendered":"<p><strong>Nome IUPAC:<\/strong><\/p>\n<p><strong>CAS# <\/strong>299-26-3<\/p>\n<p><strong>Altro nome: <\/strong>alfa-metiltriptamina<\/p>\n<p><strong>Analisi NMR: <\/strong>C11H14N2<\/p>","protected":false},"featured_media":8772,"comment_status":"open","ping_status":"closed","template":"","meta":[],"product_brand":[],"product_cat":[96],"product_tag":[],"class_list":{"0":"post-8725","1":"product","2":"type-product","3":"status-publish","4":"has-post-thumbnail","6":"product_cat-buy-tryptamines-online","8":"first","9":"instock","10":"shipping-taxable","11":"purchasable","12":"product-type-variable"},"jetpack_sharing_enabled":true,"_links":{"self":[{"href":"https:\/\/rezeptfrei-apotheke.net\/it\/wp-json\/wp\/v2\/product\/8725","targetHints":{"allow":["GET"]}}],"collection":[{"href":"https:\/\/rezeptfrei-apotheke.net\/it\/wp-json\/wp\/v2\/product"}],"about":[{"href":"https:\/\/rezeptfrei-apotheke.net\/it\/wp-json\/wp\/v2\/types\/product"}],"replies":[{"embeddable":true,"href":"https:\/\/rezeptfrei-apotheke.net\/it\/wp-json\/wp\/v2\/comments?post=8725"}],"wp:featuredmedia":[{"embeddable":true,"href":"https:\/\/rezeptfrei-apotheke.net\/it\/wp-json\/wp\/v2\/media\/8772"}],"wp:attachment":[{"href":"https:\/\/rezeptfrei-apotheke.net\/it\/wp-json\/wp\/v2\/media?parent=8725"}],"wp:term":[{"taxonomy":"product_brand","embeddable":true,"href":"https:\/\/rezeptfrei-apotheke.net\/it\/wp-json\/wp\/v2\/product_brand?post=8725"},{"taxonomy":"product_cat","embeddable":true,"href":"https:\/\/rezeptfrei-apotheke.net\/it\/wp-json\/wp\/v2\/product_cat?post=8725"},{"taxonomy":"product_tag","embeddable":true,"href":"https:\/\/rezeptfrei-apotheke.net\/it\/wp-json\/wp\/v2\/product_tag?post=8725"}],"curies":[{"name":"wp","href":"https:\/\/api.w.org\/{rel}","templated":true}]}}