{"id":8726,"date":"2023-10-21T10:59:44","date_gmt":"2023-10-21T10:59:44","guid":{"rendered":"https:\/\/rezeptfrei-apotheke.net\/?post_type=product&#038;p=8726"},"modified":"2023-10-30T20:35:17","modified_gmt":"2023-10-30T20:35:17","slug":"5-meo-dipt","status":"publish","type":"product","link":"https:\/\/rezeptfrei-apotheke.net\/it\/product\/5-meo-dipt\/","title":{"rendered":"5-MEO-DIPT"},"content":{"rendered":"<h2><strong>ACQUISTA 5-MEO-MIPT<\/strong><\/h2>\n<p>Il 5-MeO-MiPT noto anche come 5-metossi-N-metil-N-isopropiltriptamina e moxy \u00e8 uno psichedelico meno conosciuto della classe delle triptamine. 5-MeO-MiPT \u00e8 strutturalmente correlato ad altre triptamine come 5-MeO-DMT e 5-MeO-DiPT. \u00c8 raro rispetto alla dietilamide dell&#039;acido lisergico e alla psilocina, ma esiste gi\u00e0 da un paio di decenni. 5-MeO-MiPT fa s\u00ec che il reagente ehrlich diventi viola e poi sbiadisca in blu tenue. Fa s\u00ec che il reagente marchese diventi giallo fino al nero. Si ritiene che i risultati della ricerca psicoattiva derivino dall&#039;attivit\u00e0 dei recettori della serotonina.<\/p>\n<p>La sintesi di 5-MeO-MiPT \u00e8 stata segnalata per la prima volta nel 1985 da David Repke e Alexander Shulgin e descritta nel libro di Shulgin TiHKAL \u201cTriptamine che ho conosciuto e amato\u201d.<\/p>\n<p>I rapporti di ricerca descrivono gli effetti del 5-MeO-MiPT come altamente stimolanti e leggermente entattogeni, privi dei tipici esiti psichedelici. Si sa molto poco del 5-MeO-MiPT e ha una storia limitata nel mercato dei prodotti chimici per la ricerca. Raccomandiamo vivamente di utilizzare pratiche di riduzione del danno durante la ricerca su questa sostanza.<\/p>\n<p>&nbsp;<\/p>\n<h2><strong>COME USARE 5-MEO-MIPT IN POLVERE E PELLET?<\/strong><\/h2>\n<p>Su Realchems puoi acquistare 5-MeO-MIPT online sotto forma di polvere e pellet della massima qualit\u00e0. Acquista polvere 5-MeO-MIPT in quantit\u00e0 di 0,25 gr, 0,5 gr, 1 gr e 2 gr o acquista pellet 5-MeO-MIPT in quantit\u00e0 comprese tra 1 e 25. Assicurarsi di conservare la polvere o i pellet 5-MeO-MIPT in un luogo fresco e asciutto per la massima durata di conservazione. Quando si maneggiano sostanze chimiche di ricerca, assicurarsi di prendere sempre le precauzioni adeguate in laboratorio, come pulire le superfici e indossare guanti, maschera e indumenti protettivi.<\/p>\n<p>&nbsp;<\/p>\n<h2><strong>DEFINIZIONE 5-MEO-MIPT<\/strong><\/h2>\n<p>La definizione di 5-MeO-MIPT \u00e8 ufficialmente nota come 5-metossi-N-metil-N-isopropiltriptamina e comunemente nota come mossi. \u00c8 una triptamina meno conosciuta strutturalmente correlata alla 5-MeO-DMT e alla 5-MeO-DiPT.<\/p>\n<p>&nbsp;<\/p>\n<h2><strong>INFORMAZIONI DI BASE SULLA CHIMICA 5-MEO-MIPT<\/strong><\/h2>\n<p>Il 5-MeO-MiPT \u00e8 strutturalmente simile alla sostanza pi\u00f9 popolare 5-MeO-DiPT nota anche come foxy metossi, quindi 5-MeO-MiPT \u00e8 chiamata &quot;moxy&quot;. 5-MeO-MiPT \u00e8 stato sintetizzato per la prima volta nel 1985 da David Repke e Alexander Shulgin. Alcuni ricercatori riportano i risultati tipici del 5-MeO-DiPT senza nessuno degli effetti indesiderati e molto pi\u00f9 psichedelici rispetto al 5-MeO-DMT.<\/p>\n<p>I ricercatori ritengono che il 5-MeO-MiPT agisca principalmente a causa dell&#039;agonismo del recettore 5-HT2A. Si lega pi\u00f9 fortemente ai recettori 5-HT1A; mostra anche un&#039;affinit\u00e0 di legame piuttosto forte per SERT e NET, agendo come un inibitore della ricaptazione della serotonina-norepinefrina moderatamente potente. Si sa molto poco del 5-MeO-MiPT e ha una breve storia nel mercato dei prodotti chimici per la ricerca. Raccomandiamo vivamente di utilizzare pratiche di riduzione del danno quando si studia questa sostanza.<\/p>\n<p>&nbsp;<\/p>\n<h2><strong>DOVE ACQUISTARE 5-MEO-MIPT<\/strong><\/h2>\n<p>5-MeO-MIPT pu\u00f2 essere acquistato qui su <a href=\"https:\/\/rezeptfrei-apotheke.net\/it\/\">Rchemsho<\/a>sito web p. Vendiamo 5-MeO-MIPT di alta qualit\u00e0, generalmente in polvere e pellet. Tuttavia, spesso disponiamo di altre forme di sostanza, quindi sentiti libero di contattarci per vedere se abbiamo in magazzino la forma di sostanza che preferisci. Devi avere almeno 18 anni per acquistare 5-MeO-MIPT da noi.<\/p>","protected":false},"excerpt":{"rendered":"<p><strong>Nome IUPAC: <\/strong>5-metossi-N,N-diisopropiltriptamina \u2013 cloridrato<\/p>\n<p><strong>CAS# <\/strong>4021-34-5<\/p>\n<p><strong>Modulo: <\/strong>HCl<\/p>\n<p><strong>Analisi NMR: <\/strong>C17H26N2O<\/p>","protected":false},"featured_media":8773,"comment_status":"open","ping_status":"closed","template":"","meta":[],"product_brand":[],"product_cat":[96],"product_tag":[],"class_list":{"0":"post-8726","1":"product","2":"type-product","3":"status-publish","4":"has-post-thumbnail","6":"product_cat-buy-tryptamines-online","8":"first","9":"instock","10":"shipping-taxable","11":"purchasable","12":"product-type-variable"},"jetpack_sharing_enabled":true,"_links":{"self":[{"href":"https:\/\/rezeptfrei-apotheke.net\/it\/wp-json\/wp\/v2\/product\/8726","targetHints":{"allow":["GET"]}}],"collection":[{"href":"https:\/\/rezeptfrei-apotheke.net\/it\/wp-json\/wp\/v2\/product"}],"about":[{"href":"https:\/\/rezeptfrei-apotheke.net\/it\/wp-json\/wp\/v2\/types\/product"}],"replies":[{"embeddable":true,"href":"https:\/\/rezeptfrei-apotheke.net\/it\/wp-json\/wp\/v2\/comments?post=8726"}],"wp:featuredmedia":[{"embeddable":true,"href":"https:\/\/rezeptfrei-apotheke.net\/it\/wp-json\/wp\/v2\/media\/8773"}],"wp:attachment":[{"href":"https:\/\/rezeptfrei-apotheke.net\/it\/wp-json\/wp\/v2\/media?parent=8726"}],"wp:term":[{"taxonomy":"product_brand","embeddable":true,"href":"https:\/\/rezeptfrei-apotheke.net\/it\/wp-json\/wp\/v2\/product_brand?post=8726"},{"taxonomy":"product_cat","embeddable":true,"href":"https:\/\/rezeptfrei-apotheke.net\/it\/wp-json\/wp\/v2\/product_cat?post=8726"},{"taxonomy":"product_tag","embeddable":true,"href":"https:\/\/rezeptfrei-apotheke.net\/it\/wp-json\/wp\/v2\/product_tag?post=8726"}],"curies":[{"name":"wp","href":"https:\/\/api.w.org\/{rel}","templated":true}]}}