{"id":8995,"date":"2023-10-21T11:00:54","date_gmt":"2023-10-21T11:00:54","guid":{"rendered":"https:\/\/rezeptfrei-apotheke.net\/?post_type=product&#038;p=8995"},"modified":"2025-11-01T23:20:28","modified_gmt":"2025-11-01T23:20:28","slug":"buy-4-ho-malt","status":"publish","type":"product","link":"https:\/\/rezeptfrei-apotheke.net\/it\/product\/buy-4-ho-malt\/","title":{"rendered":"4-ACO-MALTO"},"content":{"rendered":"<h2><strong>ACQUISTA 4-HO-MALTO<\/strong><\/h2>\n<p>Il 4-HO-MALT noto anche come 4-acetossi-MALT \u00e8 una sostanza relativamente rara e molto rara della classe delle triptamine ed \u00e8 simile al 4-acetossi-DMT e al 5-MeO-MALT. La struttura molecolare e gli effetti farmacologici del 4-HO-MALT somigliano in qualche modo a quelli della triptamina psilocina, che \u00e8 la principale sostanza chimica psicoattiva nei funghi magici. I funghi psilocibina, meglio conosciuti come funghi magici, funghi psichedelici, funghi magici e funghi, sono una famiglia di funghi psicoattivi che contengono psilocibina, una classe psichedelica di triptamina. La psilocina \u00e8 una sostanza psichedelica presente in natura e il principale costituente psicoattivo in alcune specie di funghi. I funghi psilocibina si trovano in tutti i continenti e sono classificati in pi\u00f9 di 200 specie.<\/p>\n<p>&nbsp;<\/p>\n<h2><strong>COME USARE LA POLVERE DI 4-HO-MALTO?<\/strong><\/h2>\n<p>Acquista 4-HO-MALT e una delle migliori triptamine psichedeliche online sotto forma di polvere della massima qualit\u00e0. 4-HO-MALT \u00e8 disponibile nelle quantit\u00e0 0,25gr, 0,5gr, 1gr e 2gr. Assicurarsi di conservare la polvere 4-HO-MALT in un luogo fresco e asciutto per la massima durata. Quando si maneggiano sostanze chimiche di ricerca, assicurarsi di prendere sempre le precauzioni adeguate in laboratorio, come pulire le superfici e indossare guanti, maschera e indumenti protettivi. Abbiamo fortemente consigliato di adottare pratiche di riduzione del danno quando si utilizzano prodotti chimici di ricerca.<\/p>\n<p>&nbsp;<\/p>\n<h2><strong>DEFINIZIONE 4-HO-MALTO<\/strong><\/h2>\n<p>La definizione di 4-HO-MALT \u00e8 ufficialmente conosciuta come 4-Acetossi-MALT \u00e8 una sostanza relativamente rara e molto rara della classe delle triptamine.<\/p>\n<p>&nbsp;<\/p>\n<h2><strong>INFORMAZIONI DI BASE SULLA CHIMICA 4-HO-MALT<\/strong><\/h2>\n<p>Il 4-HO-MALT \u00e8 simile al 4-acetossi-DMT e al 5-MeO-MALT. La struttura molecolare del 4-acetossi-MALT e i risultati farmacologici somigliano in qualche modo a quelli della triptamina psilocina, che \u00e8 la principale sostanza chimica psicoattiva nei funghi magici. La psilocibina \u00e8 chimicamente correlata all&#039;amminoacido triptofano e strutturalmente simile al neurotrasmettitore serotonina. Le sostanze della classe delle triptamine condividono il nucleo di un ciclo biciclico dell&#039;indolo.<\/p>\n<p>&nbsp;<\/p>\n<h2><strong>DOVE ACQUISTARE 4-HO-MALT<\/strong><\/h2>\n<p>4-HO-MALT pu\u00f2 essere acquistato qui su <a href=\"https:\/\/rezeptfrei-apotheke.net\/it\/\">rchemshop<\/a> sito web. Vendiamo 4-HO-MALT di prima qualit\u00e0, generalmente in polvere. Tuttavia, spesso disponiamo di altre forme di sostanza, quindi sentiti libero di contattarci per vedere se abbiamo in magazzino la forma di sostanza che preferisci. Devi avere almeno 18 anni per acquistare 4-HO-MALT da noi.<\/p>","protected":false},"excerpt":{"rendered":"<p><strong>Nome IUPAC: <\/strong>3-(2-(allil(metil)ammino)etil)-1H-indol-4-il acetato<\/p>\n<p><strong>Altro nome: <\/strong>4-acetossi-MALTO<\/p>\n<p><strong>Analisi NMR: <\/strong>C16H20N2O2<\/p>","protected":false},"featured_media":9018,"comment_status":"open","ping_status":"closed","template":"","meta":[],"product_brand":[],"product_cat":[96],"product_tag":[],"class_list":{"0":"post-8995","1":"product","2":"type-product","3":"status-publish","4":"has-post-thumbnail","6":"product_cat-buy-tryptamines-online","8":"first","9":"instock","10":"shipping-taxable","11":"purchasable","12":"product-type-variable"},"jetpack_sharing_enabled":true,"_links":{"self":[{"href":"https:\/\/rezeptfrei-apotheke.net\/it\/wp-json\/wp\/v2\/product\/8995","targetHints":{"allow":["GET"]}}],"collection":[{"href":"https:\/\/rezeptfrei-apotheke.net\/it\/wp-json\/wp\/v2\/product"}],"about":[{"href":"https:\/\/rezeptfrei-apotheke.net\/it\/wp-json\/wp\/v2\/types\/product"}],"replies":[{"embeddable":true,"href":"https:\/\/rezeptfrei-apotheke.net\/it\/wp-json\/wp\/v2\/comments?post=8995"}],"wp:featuredmedia":[{"embeddable":true,"href":"https:\/\/rezeptfrei-apotheke.net\/it\/wp-json\/wp\/v2\/media\/9018"}],"wp:attachment":[{"href":"https:\/\/rezeptfrei-apotheke.net\/it\/wp-json\/wp\/v2\/media?parent=8995"}],"wp:term":[{"taxonomy":"product_brand","embeddable":true,"href":"https:\/\/rezeptfrei-apotheke.net\/it\/wp-json\/wp\/v2\/product_brand?post=8995"},{"taxonomy":"product_cat","embeddable":true,"href":"https:\/\/rezeptfrei-apotheke.net\/it\/wp-json\/wp\/v2\/product_cat?post=8995"},{"taxonomy":"product_tag","embeddable":true,"href":"https:\/\/rezeptfrei-apotheke.net\/it\/wp-json\/wp\/v2\/product_tag?post=8995"}],"curies":[{"name":"wp","href":"https:\/\/api.w.org\/{rel}","templated":true}]}}