{"id":8997,"date":"2023-10-21T11:00:54","date_gmt":"2023-10-21T11:00:54","guid":{"rendered":"https:\/\/rezeptfrei-apotheke.net\/?post_type=product&#038;p=8997"},"modified":"2025-09-17T03:09:10","modified_gmt":"2025-09-17T03:09:10","slug":"dpt-hcl","status":"publish","type":"product","link":"https:\/\/rezeptfrei-apotheke.net\/it\/product\/dpt-hcl\/","title":{"rendered":"DPT HCL"},"content":{"rendered":"<h2><strong>Cos&#039;\u00e8 il DPT<\/strong><strong>?<\/strong><\/h2>\n<p>Acquista DPT o Dipropiltriptamina o N,N-Dipropiltriptamina \u00e8 un membro della classe delle triptamine. La DPT \u00e8 una sostanza chimica che si dice porti forti cambiamenti psichedelici, \u00e8 associata agli effetti di potenziamento spirituale sinonimo di DMT e Ayahuasca. Rapporti aneddotici hanno menzionato esperienze come l&#039;eternalismo, il predeterminismo e l&#039;esposizione percepita ai meccanismi interni della coscienza. A causa della forza del DPT \u00e8 sconsigliabile sottoporlo al test su partecipanti con poca esperienza psichedelica. I rapporti hanno affermato che \u00e8 molto simile alla DMT sia negli effetti che nell&#039;imprevedibilit\u00e0 degli effetti collaterali. Il DPT pu\u00f2 causare risultati altamente imprevedibili, pertanto \u00e8 necessario garantire che vengano messe in atto misure preventive di riduzione del danno prima che abbia luogo la sperimentazione. \u00c8 importante notare che il DPT non \u00e8 destinato al consumo umano, pertanto dovrebbero essere adottate misure adeguate quando si svolge la ricerca sperimentale.<\/p>\n<h2><strong>Propriet\u00e0 chimiche del DPT<\/strong><\/h2>\n<p>Formula chimica: C16H24N2<\/p>\n<p>Massa molare: 244,37 g\/mol<\/p>\n<p>Il DPT \u00e8 un membro della classe delle triptamine, \u00e8 una molecola di indolo sintetico. Tutte le triptamine condividono una struttura centrale costituita da un eterociclo indolico biciclico che pu\u00f2 essere trovato attaccato in R3 tramite una catena laterale etilica a un gruppo amminico. Due catene di carbonio propilico possono essere trovate nel DPT legate all&#039;ammina terminale RN della sua struttura portante triptamina.<\/p>\n<h2><strong>Utilizzo del DPT<\/strong><\/h2>\n<p>Sebbene siano state condotte poche ricerche sul DPT, sembra esserci una certa coerenza per quanto riguarda gli effetti della sostanza chimica di ricerca sui partecipanti alla ricerca sperimentale.<\/p>\n<p>Di seguito sono riportati alcuni potenziali effetti del DPT, a causa della mancanza di ricerche condotte sul DPT, questo \u00e8 lungi dall&#039;essere un elenco esaustivo:<\/p>\n<ul>\n<li>Euforia fisica<\/li>\n<li>Cambiamenti nella gravit\u00e0 percepita<\/li>\n<li>Cambiamenti nella forma corporea percepita<\/li>\n<li>Miglioramento del controllo corporeo<\/li>\n<li>Effetto deriva sulla percezione visiva (mutazione, fusione, flusso, respirazione)<\/li>\n<\/ul>\n<h2><strong>Quali sono i potenziali effetti collaterali del DPT?<\/strong><\/h2>\n<p>\u00c8 importante prestare attenzione quando si sperimenta il DPT a causa della mancanza di ricerche condivise sulla sostanza chimica e sui suoi effetti sugli esseri umani.<\/p>\n<p>Quello che segue non \u00e8 affatto un elenco esaustivo dei potenziali effetti collaterali del DPT, ma dar\u00e0 un&#039;idea dei potenziali effetti collaterali che potrebbero verificarsi quando la ricerca viene condotta con la sostanza chimica.<\/p>\n<p><strong>Alcuni degli effetti collaterali noti del DPT includono:<\/strong><\/p>\n<ul>\n<li><strong>Perdita di controllo del motore:\u00a0<\/strong>questo sembra essere un effetto collaterale comune per sostanze come il DPT.<\/li>\n<li><strong>Dilatazione della pupilla:\u00a0<\/strong>\u00e8 stato riferito che i partecipanti hanno mostrato pupille pi\u00f9 grandi del normale sotto l&#039;influenza del DPT.<\/li>\n<li><strong>Rossore cutaneo:<\/strong>\u00a0L&#039;arrossamento della pelle e una sensazione di calore sono un altro potenziale effetto collaterale.<\/li>\n<li><strong>Disorientamento spaziale:\u00a0<\/strong>comune tra gli effetti di quelli della famiglia delle triptamine, soprattutto con gli psichedelici pi\u00f9 forti.<\/li>\n<\/ul>\n<h2><strong>Tolleranza DPT<\/strong><\/h2>\n<p>Si dice che la tolleranza al DPT sia simile a quella del DMT. Pertanto, entro 2 ore il partecipante torna al basale. A differenza di molte altre triptamine, l&#039;uso della DPT non presenta alcun conflitto di tolleranza incrociata con altri psichedelici, quindi la loro potenza rimarr\u00e0 la stessa.<\/p>\n<h2><strong>Legalit\u00e0:<\/strong><\/h2>\n<p><strong>UK<\/strong>\u00a0\u2013 Il DPT \u00e8 considerato un farmaco di classe A.<\/p>\n<p><strong>Germania -\u00a0<\/strong>Il DPT \u00e8 controllato da NpSG.<\/p>\n<p><strong>Svizzera -\u00a0<\/strong>lo troverai nominato come sostanza controllata in Svizzera sotto Verzeichnis E.<\/p>\n<p><strong>Svezia -\u00a0<\/strong>Il DPT \u00e8 una sostanza controllata dal 2016 in Svezia.<\/p>\n<p><strong>STATI UNITI D&#039;AMERICA -\u00a0<\/strong>Il DPT non \u00e8 programmato, tuttavia \u00e8 un analogo del DET che \u00e8 un narcotico programmato negli Stati Uniti. Pertanto, uno sperimentatore potrebbe trovarsi nei guai con la legge ai sensi della legge analogica federale.<\/p>\n<h2><strong>Dove comprare <\/strong><strong>DPT HCL<\/strong><strong>?<\/strong><\/h2>\n<p>Qui a Chemical Planet offriamo DPT di alta qualit\u00e0. Tutti i nostri prodotti chimici sono testati da terze parti. Non vendiamo alcun prodotto chimico per il consumo umano. Devi avere almeno 18 anni per effettuare l&#039;acquisto <a href=\"https:\/\/rezeptfrei-apotheke.net\/it\/\">Rchemshop<\/a><\/p>","protected":false},"excerpt":{"rendered":"<p><strong>Nome IUPAC: <\/strong>N-[2-(1H-indol-3-il)]etil-N-propilpropan-1-ammina<\/p>\n<p><strong>CAS# <\/strong>61-52-9<\/p>\n<p><strong>Altro nome: <\/strong>N,N-Dipropiltriptamina<\/p>\n<p><strong>Aspetto: <\/strong>polvere<\/p>\n<p><strong>Modulo: <\/strong>hcl<\/p>\n<p><strong>Analisi NMR: <\/strong>C16H24N2<\/p>","protected":false},"featured_media":9020,"comment_status":"open","ping_status":"closed","template":"","meta":[],"product_brand":[],"product_cat":[96],"product_tag":[],"class_list":{"0":"post-8997","1":"product","2":"type-product","3":"status-publish","4":"has-post-thumbnail","6":"product_cat-buy-tryptamines-online","8":"first","9":"instock","10":"shipping-taxable","11":"purchasable","12":"product-type-variable"},"jetpack_sharing_enabled":true,"_links":{"self":[{"href":"https:\/\/rezeptfrei-apotheke.net\/it\/wp-json\/wp\/v2\/product\/8997","targetHints":{"allow":["GET"]}}],"collection":[{"href":"https:\/\/rezeptfrei-apotheke.net\/it\/wp-json\/wp\/v2\/product"}],"about":[{"href":"https:\/\/rezeptfrei-apotheke.net\/it\/wp-json\/wp\/v2\/types\/product"}],"replies":[{"embeddable":true,"href":"https:\/\/rezeptfrei-apotheke.net\/it\/wp-json\/wp\/v2\/comments?post=8997"}],"wp:featuredmedia":[{"embeddable":true,"href":"https:\/\/rezeptfrei-apotheke.net\/it\/wp-json\/wp\/v2\/media\/9020"}],"wp:attachment":[{"href":"https:\/\/rezeptfrei-apotheke.net\/it\/wp-json\/wp\/v2\/media?parent=8997"}],"wp:term":[{"taxonomy":"product_brand","embeddable":true,"href":"https:\/\/rezeptfrei-apotheke.net\/it\/wp-json\/wp\/v2\/product_brand?post=8997"},{"taxonomy":"product_cat","embeddable":true,"href":"https:\/\/rezeptfrei-apotheke.net\/it\/wp-json\/wp\/v2\/product_cat?post=8997"},{"taxonomy":"product_tag","embeddable":true,"href":"https:\/\/rezeptfrei-apotheke.net\/it\/wp-json\/wp\/v2\/product_tag?post=8997"}],"curies":[{"name":"wp","href":"https:\/\/api.w.org\/{rel}","templated":true}]}}