{"id":9007,"date":"2023-10-21T11:00:55","date_gmt":"2023-10-21T11:00:55","guid":{"rendered":"https:\/\/rezeptfrei-apotheke.net\/?post_type=product&#038;p=9007"},"modified":"2026-02-15T15:21:11","modified_gmt":"2026-02-15T15:21:11","slug":"buy-4-aco-mipt-online","status":"publish","type":"product","link":"https:\/\/rezeptfrei-apotheke.net\/it\/product\/buy-4-aco-mipt-online\/","title":{"rendered":"4-ACO-MIPT"},"content":{"rendered":"<div class=\"wpb-content-wrapper\"><div class=\"vc_row wpb_row vc_row-fluid\"><div class=\"wpb_column vc_column_container vc_col-sm-12\"><div class=\"vc_column-inner\"><div class=\"wpb_wrapper\">\n\t<div class=\"wpb_text_column wpb_content_element\" >\n\t\t<div class=\"wpb_wrapper\">\n\t\t\t<h2>Buy 4-ACO-MIPT Online<\/h2>\n<p>4-AcO-MiPT, o 4-Acetossi-MiPT, noto anche come mipracetina, \u00e8 una triptamina psichedelica. Presso RealChems puoi acquistare 4-AcO-MiPT sotto forma di polvere della massima qualit\u00e0, disponibile nelle quantit\u00e0 di 0,25 grammi, 0,5 grammi, 1 grammo e 2 grammi.<\/p>\n<p>Poich\u00e9 il composto \u00e8 relativamente nuovo e poco studiato, non sono disponibili molti dati farmacologici. Tuttavia, la maggior parte dei composti 4-AcO e le triptamine in generale sono spesso sicuri a meno che non vengano utilizzati in eccesso o producano evidenti effetti collaterali come un carico corporeo pesante.<\/p>\n<h2><strong>COME USARE 4-ACO-MIPT POLVERE\u00a0<\/strong><\/h2>\n<p>Realchems ha 4-AcO-MiPT in vendita sotto forma di polvere della massima qualit\u00e0. Puoi acquistare la polvere di 4-AcO-MiPT in quantit\u00e0 di 0,25 grammi, 0,5 grammi, 1 grammo o 2 grammi. Assicurarsi di conservare il 4-AcO-MiPT in un luogo fresco e asciutto per la massima durata. Quando si maneggiano sostanze chimiche di ricerca, assicurarsi di prendere sempre le dovute precauzioni in laboratorio, come pulire le superfici e indossare guanti, maschera e indumenti protettivi.<\/p>\n<p>Per la maggior parte, il 4-AcO-MiPT sotto forma di polvere \u00e8 il modo migliore per sperimentare questa sostanza. La polvere pu\u00f2 essere utilizzata sperimentalmente da sola, ma pu\u00f2 anche essere diluita in un liquido e miscelata con un flacone contagocce. In genere, quando acquisti la polvere 4-AcO-MiPT ottieni un affare migliore rispetto all&#039;acquisto di altre forme perch\u00e9 non stai pagando il costo di preparazione del prodotto.<\/p>\n<h2><strong>DEFINIZIONE 4-ACO-MIPT<\/strong><\/h2>\n<p>La definizione di farmaco 4-AcO-MiPT \u00e8 ufficialmente nota come 4-Acetossi-MiPT, noto anche come mipracetina, \u00e8 un composto psichedelico che viene pi\u00f9 comunemente paragonato alla psilocina o 4-AcO MiPT.<\/p>\n<h2><strong>INFORMAZIONI DI BASE SULLA CHIMICA 4-ACO-MIPT<\/strong><\/h2>\n<p>A causa delle somiglianze condivise tra 4-AcO-MiPT e 4-HO-MiPT, i ricercatori hanno ipotizzato se il 4-Acetossi-MiPT non si trasformi facilmente in 4-HO-MiPT. Questo \u00e8 simile alla conversione della psilocibina che viene facilmente convertita in psilocina.<\/p>\n<p>Per questo motivo, gli effetti sia del 4-AcO-MiPT che del 4-HO-MiPT sono estremamente simili, anche se ci si potrebbe aspettare da ci\u00f2 che la quantit\u00e0 richiesta di 4-AcO-MiPT richiesta per la ricerca sarebbe leggermente superiore. Se la sostanza venisse effettivamente convertita facilmente in 4-HO-MiPT, \u00e8 probabile che una parte andrebbe persa nel processo di conversione e quindi sarebbe necessaria una dose pi\u00f9 elevata.<\/p>\n<h2><strong>DOVE ACQUISTARE 4-ACO-MIPT<\/strong><\/h2>\n<p>4-AcO-MiPT pu\u00f2 essere acquistato qui su <a href=\"https:\/\/rezeptfrei-apotheke.net\/it\/\">Rchemshop<\/a> Vendiamo 4-AcO-MiPT di alta qualit\u00e0, generalmente in polvere. Tuttavia, spesso disponiamo di altre forme di sostanza, quindi sentiti libero di contattarci per vedere se abbiamo in magazzino la forma di sostanza che preferisci. Devi avere almeno 18 anni per acquistare 4-AcO-MiPT da noi.<\/p>\n\n\t\t<\/div>\n\t<\/div>\n<\/div><\/div><\/div><\/div>\n<\/div>","protected":false},"excerpt":{"rendered":"<p><strong>Nome IUPAC: <\/strong>[3-[2-[isopropil(metil)ammino]etil]-1H-indol-4-il] acetato<\/p>\n<p><strong>Altro nome: <\/strong>4-acetossi-N-isopropil-N-metiltriptamina<\/p>\n<p><strong>Aspetto: <\/strong>polvere<\/p>\n<p><strong>Modulo: <\/strong>fumarato<\/p>\n<p><strong>Analisi NMR: <\/strong>N \/ A<\/p>","protected":false},"featured_media":9027,"comment_status":"open","ping_status":"closed","template":"","meta":[],"product_brand":[],"product_cat":[96],"product_tag":[],"class_list":{"0":"post-9007","1":"product","2":"type-product","3":"status-publish","4":"has-post-thumbnail","6":"product_cat-buy-tryptamines-online","8":"first","9":"instock","10":"shipping-taxable","11":"purchasable","12":"product-type-variable"},"jetpack_sharing_enabled":true,"_links":{"self":[{"href":"https:\/\/rezeptfrei-apotheke.net\/it\/wp-json\/wp\/v2\/product\/9007","targetHints":{"allow":["GET"]}}],"collection":[{"href":"https:\/\/rezeptfrei-apotheke.net\/it\/wp-json\/wp\/v2\/product"}],"about":[{"href":"https:\/\/rezeptfrei-apotheke.net\/it\/wp-json\/wp\/v2\/types\/product"}],"replies":[{"embeddable":true,"href":"https:\/\/rezeptfrei-apotheke.net\/it\/wp-json\/wp\/v2\/comments?post=9007"}],"wp:featuredmedia":[{"embeddable":true,"href":"https:\/\/rezeptfrei-apotheke.net\/it\/wp-json\/wp\/v2\/media\/9027"}],"wp:attachment":[{"href":"https:\/\/rezeptfrei-apotheke.net\/it\/wp-json\/wp\/v2\/media?parent=9007"}],"wp:term":[{"taxonomy":"product_brand","embeddable":true,"href":"https:\/\/rezeptfrei-apotheke.net\/it\/wp-json\/wp\/v2\/product_brand?post=9007"},{"taxonomy":"product_cat","embeddable":true,"href":"https:\/\/rezeptfrei-apotheke.net\/it\/wp-json\/wp\/v2\/product_cat?post=9007"},{"taxonomy":"product_tag","embeddable":true,"href":"https:\/\/rezeptfrei-apotheke.net\/it\/wp-json\/wp\/v2\/product_tag?post=9007"}],"curies":[{"name":"wp","href":"https:\/\/api.w.org\/{rel}","templated":true}]}}