{"id":9009,"date":"2023-10-21T11:00:55","date_gmt":"2023-10-21T11:00:55","guid":{"rendered":"https:\/\/rezeptfrei-apotheke.net\/?post_type=product&#038;p=9009"},"modified":"2025-11-26T22:10:12","modified_gmt":"2025-11-26T22:10:12","slug":"buy-3-fma-online","status":"publish","type":"product","link":"https:\/\/rezeptfrei-apotheke.net\/it\/product\/buy-3-fma-online\/","title":{"rendered":"3-FMA"},"content":{"rendered":"<div class=\"wpb-content-wrapper\"><div class=\"vc_row wpb_row vc_row-fluid\"><div class=\"wpb_column vc_column_container vc_col-sm-12\"><div class=\"vc_column-inner\"><div class=\"wpb_wrapper\">\n\t<div class=\"wpb_text_column wpb_content_element\" >\n\t\t<div class=\"wpb_wrapper\">\n\t\t\t<h2>Buy 3-FMA Online<\/h2>\n<p>3-FMA \u00e8 un nuovo composto anfetaminico sintetico che produce risultati di ricerca entattogeni e stimolanti. In seguito all&#039;introduzione del 3-FEA, il 3-FMA \u00e8 successivamente entrato nel mercato dei prodotti chimici per la ricerca come composto strutturalmente correlato a una serie di anfetamine sostituite fluorurate, che originariamente includevano composti come; 2-FMA, 3-FA, 4-FMA, 4-FA.<\/p>\n<h2><strong>COME USARE LA POLVERE 3-FMA?<\/strong><\/h2>\n<p>Acquista online la sostanza chimica di ricerca 3-FMA sotto forma di polvere della massima qualit\u00e0. Acquista 3-FMA nelle quantit\u00e0 0,5gr, 1gr, 2gr, 5gr o 10g. Assicurarsi di conservare la polvere 3-FMA in un luogo fresco e asciutto per la massima durata. Conservare in un luogo fresco e asciutto per la massima durata di conservazione. Quando si maneggiano sostanze chimiche di ricerca, assicurarsi di prendere sempre le dovute precauzioni in laboratorio, come pulire le superfici e indossare guanti, maschera e indumenti protettivi.<\/p>\n<h2><strong>DEFINIZIONE 3-FMA<\/strong><\/h2>\n<p>La definizione di 3-FMA \u00e8 ufficialmente nota come 3-fluorometamfetamina \u00e8 un composto anfetaminico sintetico. La 3-FMA \u00e8 strutturalmente correlata a una serie di anfetamine che originariamente includevano composti come 2-FMA, 3-FA, 4-FMA, 4-FA.<\/p>\n<h2><strong>INFORMAZIONI DI BASE SULLA CHIMICA 3-FEA<\/strong><\/h2>\n<p>La 3-fluorometanfetamina \u00e8 una molecola della classe delle anfetamine. Le molecole della classe delle anfetamine contengono un gruppo metilico legato all&#039;ammina terminale RN del nucleo dell&#039;anfetamina, una sostituzione che condivide con la metanfetamina. 3-FMA \u00e8 la metanfetamina analogica fluorurata a 3 posizioni. Attualmente si ipotizza di avere pi\u00f9 risultati di ricerca sugli stimolanti entattogeni. Inoltre, 3-FMA \u00e8 strutturalmente simile a 2-FMA e 4-FMA. La 3-FMA non \u00e8 stata studiata allo stesso livello delle anfetamine tradizionali, pertanto si consiglia vivamente di utilizzare misure di sicurezza per la riduzione del danno se si utilizza questa sostanza.<\/p>\n<h2><strong>DOVE ACQUISTARE 3-FMA<\/strong><\/h2>\n<p>3-FMA pu\u00f2 essere acquistato qui su <a href=\"https:\/\/rezeptfrei-apotheke.net\/it\/\">Rchemshop<\/a> sito web. Vendiamo 3-FMA di alta qualit\u00e0, generalmente in polvere. Tuttavia, spesso disponiamo di altre forme di sostanza, quindi sentiti libero di contattarci per vedere se abbiamo in magazzino la forma di sostanza che preferisci. Devi avere almeno 18 anni per acquistare 3-FMA da noi.<\/p>\n\n\t\t<\/div>\n\t<\/div>\n<\/div><\/div><\/div><\/div>\n<\/div>","protected":false},"excerpt":{"rendered":"<p><strong>Nome IUPAC: <\/strong>1-(3-fluorofenil)-N-metilpropan-2-ammina<\/p>\n<p><strong>CAS# <\/strong>13415-59-3<\/p>\n<p><strong>Modulo: <\/strong>polvere<\/p>","protected":false},"featured_media":9029,"comment_status":"open","ping_status":"closed","template":"","meta":[],"product_brand":[],"product_cat":[93],"product_tag":[],"class_list":{"0":"post-9009","1":"product","2":"type-product","3":"status-publish","4":"has-post-thumbnail","6":"product_cat-order-pills-online","8":"first","9":"instock","10":"shipping-taxable","11":"purchasable","12":"product-type-variable"},"jetpack_sharing_enabled":true,"_links":{"self":[{"href":"https:\/\/rezeptfrei-apotheke.net\/it\/wp-json\/wp\/v2\/product\/9009","targetHints":{"allow":["GET"]}}],"collection":[{"href":"https:\/\/rezeptfrei-apotheke.net\/it\/wp-json\/wp\/v2\/product"}],"about":[{"href":"https:\/\/rezeptfrei-apotheke.net\/it\/wp-json\/wp\/v2\/types\/product"}],"replies":[{"embeddable":true,"href":"https:\/\/rezeptfrei-apotheke.net\/it\/wp-json\/wp\/v2\/comments?post=9009"}],"wp:featuredmedia":[{"embeddable":true,"href":"https:\/\/rezeptfrei-apotheke.net\/it\/wp-json\/wp\/v2\/media\/9029"}],"wp:attachment":[{"href":"https:\/\/rezeptfrei-apotheke.net\/it\/wp-json\/wp\/v2\/media?parent=9009"}],"wp:term":[{"taxonomy":"product_brand","embeddable":true,"href":"https:\/\/rezeptfrei-apotheke.net\/it\/wp-json\/wp\/v2\/product_brand?post=9009"},{"taxonomy":"product_cat","embeddable":true,"href":"https:\/\/rezeptfrei-apotheke.net\/it\/wp-json\/wp\/v2\/product_cat?post=9009"},{"taxonomy":"product_tag","embeddable":true,"href":"https:\/\/rezeptfrei-apotheke.net\/it\/wp-json\/wp\/v2\/product_tag?post=9009"}],"curies":[{"name":"wp","href":"https:\/\/api.w.org\/{rel}","templated":true}]}}