{"id":8378,"date":"2023-10-21T10:57:48","date_gmt":"2023-10-21T10:57:48","guid":{"rendered":"https:\/\/rezeptfrei-apotheke.net\/?post_type=product&#038;p=8378"},"modified":"2023-10-21T10:58:55","modified_gmt":"2023-10-21T10:58:55","slug":"o-dsmt-hcl","status":"publish","type":"product","link":"https:\/\/rezeptfrei-apotheke.net\/nl\/product\/o-dsmt-hcl\/","title":{"rendered":"O-DSMT-HCL"},"content":{"rendered":"<h2><strong>Algemene informatie over O-DSMT HCL<\/strong><\/h2>\n<p>O-Desmethyltramadolhydrochloride (O-DSMT HCl) is een onderzoeksstof die structureel verwant is aan tramadol. Het is algemeen bekend onder andere namen, zoals desmetramadol of O-dsmt. O-DSMT is een metaboliet van tramadol.<\/p>\n<p><strong>O-DSMT-poeder\u00a0<\/strong>is onderzocht op zijn specifieke eigenschappen en er is aangetoond dat het vergelijkbare effecten heeft als tramadol. Het werkt fundamenteel als een mu-opio\u00efdereceptoragonist, waarbij het de mu-opio\u00efdereceptoren bindt en activeert.<\/p>\n<p>Als onderzoeksstof<strong>, O-DSMT-HCl<\/strong>\u00a0kunnen worden verkregen via gespecialiseerde verkopers of leveranciers die zich richten op de onderzoeksgemeenschap. Onderzoekers kunnen het gebruiken om de farmacologische eigenschappen ervan te onderzoeken, de effecten ervan te analyseren of de mogelijke toepassingen ervan op verschillende gebieden te onderzoeken.<\/p>\n<p>Het is noodzakelijk op te merken dat de specifieke farmacologische eigenschappen en mechanismen van O-DSMT nog steeds worden onderzocht, en dat verder onderzoek nodig is om de werking en potenti\u00eble effecten ervan volledig te begrijpen. Bovendien kunnen de farmacokinetiek, het metabolisme en het veiligheidsprofiel van O-DSMT vari\u00ebren van onderzoek tot onderzoek.<\/p>\n<h3><strong>Chemische samenstelling van O-DSMT HCL<\/strong><\/h3>\n<p>De chemische samenstelling van O-Desmethyltramadolhydrochloride (O-DSMT HCl) is als volgt:<\/p>\n<p>&nbsp;<\/p>\n<ol>\n<li>O-Desmethyltramadol (O-DSMT): Het belangrijkste actieve bestanddeel van O-DSMT HCl is O-Desmethyltramadol, de belangrijkste metaboliet van tramadol. O-DSMT is structureel verwant aan tramadol, maar mist de N-methylgroep van de moederverbinding.<\/li>\n<\/ol>\n<p>&nbsp;<\/p>\n<ol start=\"2\">\n<li>Hydrochloride (HCl): O-DSMT wordt gewoonlijk toegediend als een hydrochloridezout, bekend als O-DSMT HCl. Het toevoegen van hydrochloride aan O-DSMT verbetert de stabiliteit en oplosbaarheid ervan, waardoor het geschikt wordt voor onderzoek.<\/li>\n<\/ol>\n<p>&nbsp;<\/p>\n<p>De chemische structuur van O-Desmethyltramadol (O-DSMT) is vergelijkbaar met die van tramadol, maar mist de N-methylgroep. Het kan worden weergegeven als:<\/p>\n<p>&nbsp;<\/p>\n<p>O-desmethyltramadol (O-DSMT):<\/p>\n<p><strong>Chemische formule<\/strong>: C15H23NO2<\/p>\n<p>Deze formule geeft aan dat O-DSMT HCL bestaat uit vijftien koolstofatomen (C15), drie\u00ebntwintig waterstofatomen (H23), \u00e9\u00e9n stikstofatoom (N) en twee zuurstofatomen (O2).<\/p>\n<p>Molecuulgewicht: Ongeveer 249,35 g\/mol<\/p>\n<p>Molecuulgewicht: varieert (het gewicht van de HCl-eenheid wordt toegevoegd aan het gewicht van O-DSMT om O-DSMT HCl te vormen)<\/p>\n<p>&nbsp;<\/p>\n<p>&nbsp;<\/p>\n<h3><strong>Koop O-DSMT HCL van hoge kwaliteit.<\/strong><\/h3>\n<p><strong>Wondermiddel Chems\u00a0<\/strong>heeft vele jaren ervaring in de ontwerpindustrie van onderzoekschemicali\u00ebn, waardoor we de beste van deze onderzoekschemicali\u00ebn kunnen garanderen.\u00a0<strong>O-DSMT HCL-inkoop<\/strong>\u00a0is eenvoudig en heeft topkwaliteit. De kosten van O-DSMT HCL zijn lager dan bij andere organisaties. Onderzoekchemicali\u00ebn, waaronder O-DSMT HCL, voldoen aan alle veiligheidsbehoeften. Onderzoekssynthetische stoffen worden zorgvuldig verdeeld en op een koele, droge plaats bewaard.<\/p>\n<p>.<\/p>\n<p>Alle chemicali\u00ebn worden consequent beoordeeld op kwaliteit, veiligheid en zuiverheid. Bewaar O-DSMT HCL bij kamertemperatuur. Het is als het ware voor onderzoeksdoeleinden.<\/p>\n<p>Onze artikelen hebben een eerlijke prijs en u kunt O-DSMT HCL-onderzoeksstof online kopen tegen uitzonderlijk bescheiden prijzen<strong>.<\/strong><\/p>\n<p>&nbsp;<\/p>\n<h3><strong>In het laboratorium geteste O-DSMT HCL met resultaten.<\/strong><\/h3>\n<p>Maakt opnieuw vooruitgang in de richting van de algemene vervulling van zijn klanten. Uit verschillende onderzoeken is gebleken dat klanten zoveel gegevens opvragen als verwacht voordat ze synthetische onderzoekschemicali\u00ebn kopen. Daarnaast publiceren we alle laboratoriumconsequenties van elk onderzoeksmiddel in een PDF-record.<\/p>\n<p>Ons\u00a0<strong>O-DSMT-HCL\u00a0<\/strong>voldoet consequent aan de actieve ingredi\u00ebnten en is voor iedereen zichtbaar.<\/p>\n<p>We verspreiden alle laboratoriumgevolgen van elke onderzoeksstof in een PDF-document.<\/p>\n<p>&nbsp;<\/p>\n<h3><strong>Veilig bestellen bij O-DSMT poeder.<\/strong><\/h3>\n<p>De designeronderzoekchemicali\u00ebn van Panacea Chems zijn van uitstekende kwaliteit en hebben een eerlijke prijs. Wanneer u uw onderzoekschemicali\u00ebn bij Panacea Chems aanvraagt, garanderen wij daarom dat we uw verzoek snel en veilig naar uw onderzoekslaboratorium zullen overbrengen, aangezien de verkoop van onderzoekschemicali\u00ebn altijd beschikbaar is bij Panacea Chems.<\/p>\n<p>Het aanvragen van synthetische onderzoeksverbindingen met Bitcoin of bankoverschrijving is eenvoudig bij Panacea Chems.<\/p>\n<p>We verzenden onderzoekschemicali\u00ebn op dezelfde werkdag als de betaling v\u00f3\u00f3r 15.00 uur CEST is ontvangen.<\/p>\n<p>Wij leveren geen artikelen aan personen jonger dan 18 jaar!<\/p>\n<p><strong>O-DSMT te koop<\/strong>\u00a0is uitsluitend bedoeld voor onderzoeksdoeleinden.<\/p>\n<p>&nbsp;<\/p>\n<h3><strong>Discrete verzending van onderzoekschemicali\u00ebn.<\/strong><\/h3>\n<p>Panacea Chems verpakt uw bestelling veilig en betrouwbaar om een goed transport te garanderen. Bovendien pakken we in met perfecte stealth, en aan de buitenkant is niets te zien van wat er in zit.<\/p>","protected":false},"excerpt":{"rendered":"<p><strong>IUPAC-naam: <\/strong>3-(2-((dimethylamino)methyl)-1-hydroxycyclohexyl)fenol<\/p>\n<p><strong>CAS# <\/strong>80456-81-1<\/p>\n<p><strong>Andere naam: <\/strong>O-Desmethyltramadol<\/p>\n<p><strong>Uiterlijk: <\/strong>poeder<\/p>\n<p><strong>NMR-analyse: <\/strong>C15H23NO2<\/p>","protected":false},"featured_media":8427,"comment_status":"open","ping_status":"closed","template":"","meta":[],"product_brand":[],"product_cat":[92],"product_tag":[],"class_list":{"0":"post-8378","1":"product","2":"type-product","3":"status-publish","4":"has-post-thumbnail","6":"product_cat-others","8":"first","9":"instock","10":"shipping-taxable","11":"purchasable","12":"product-type-variable"},"jetpack_sharing_enabled":true,"_links":{"self":[{"href":"https:\/\/rezeptfrei-apotheke.net\/nl\/wp-json\/wp\/v2\/product\/8378","targetHints":{"allow":["GET"]}}],"collection":[{"href":"https:\/\/rezeptfrei-apotheke.net\/nl\/wp-json\/wp\/v2\/product"}],"about":[{"href":"https:\/\/rezeptfrei-apotheke.net\/nl\/wp-json\/wp\/v2\/types\/product"}],"replies":[{"embeddable":true,"href":"https:\/\/rezeptfrei-apotheke.net\/nl\/wp-json\/wp\/v2\/comments?post=8378"}],"wp:featuredmedia":[{"embeddable":true,"href":"https:\/\/rezeptfrei-apotheke.net\/nl\/wp-json\/wp\/v2\/media\/8427"}],"wp:attachment":[{"href":"https:\/\/rezeptfrei-apotheke.net\/nl\/wp-json\/wp\/v2\/media?parent=8378"}],"wp:term":[{"taxonomy":"product_brand","embeddable":true,"href":"https:\/\/rezeptfrei-apotheke.net\/nl\/wp-json\/wp\/v2\/product_brand?post=8378"},{"taxonomy":"product_cat","embeddable":true,"href":"https:\/\/rezeptfrei-apotheke.net\/nl\/wp-json\/wp\/v2\/product_cat?post=8378"},{"taxonomy":"product_tag","embeddable":true,"href":"https:\/\/rezeptfrei-apotheke.net\/nl\/wp-json\/wp\/v2\/product_tag?post=8378"}],"curies":[{"name":"wp","href":"https:\/\/api.w.org\/{rel}","templated":true}]}}