{"id":8381,"date":"2023-10-21T10:57:49","date_gmt":"2023-10-21T10:57:49","guid":{"rendered":"https:\/\/rezeptfrei-apotheke.net\/?post_type=product&#038;p=8381"},"modified":"2023-10-21T10:58:55","modified_gmt":"2023-10-21T10:58:55","slug":"flubrotizolam-05mg-bars","status":"publish","type":"product","link":"https:\/\/rezeptfrei-apotheke.net\/nl\/product\/flubrotizolam-05mg-bars\/","title":{"rendered":"FLUBROTIZOLAM 0,5MG repen"},"content":{"rendered":"<h2><strong>Algemene informatie over flubrotizolam<\/strong><\/h2>\n<p>Flubrotizolam is een onderzoeksstof die begin 2010 werd ge\u00efntroduceerd<\/p>\n<p>Flubrotizolam is een krachtig benzodiazepinederivaat en onderzoeksstof die tot de klasse van thi\u00ebnotriazolodiazepines behoort.<\/p>\n<p>Het is een derivaat van de benzodiazepine flubromazolam en er wordt gemeld dat het aanzienlijke chemische effecten heeft.<\/p>\n<p>Flubrotizolam heeft de chemische naam 8-Bromo-6-(2-fluorfenyl)-1-methyl-4H-[1,2,4]triazolo[4,3-a][1,4]benzodiazepine. Het deelt een vergelijkbare structurele ruggengraat met andere benzodiazepines, bestaande uit een benzeenring gefuseerd met een diazepinering.<\/p>\n<p>Vanwege de hoge potentie van flubrotizolam ligt het gebruik dat nodig is voor significante effecten naar verluidt in het bereik van microgrammen. De microgram is een duizendste milligram (mg) en vertegenwoordigt een extreem kleine hoeveelheid van een stof. De potentie van een onderzoeksstof verwijst naar de hoeveelheid van de stof die nodig is om een specifiek effect teweeg te brengen. In het geval van flubrotizolam kunnen, vanwege de hoge potentie, zelfs zeer kleine hoeveelheden significante effecten in het experiment hebben.<\/p>\n<h3>\u00a0<strong>Chemische samenstelling van flubrotizolam<\/strong><\/h3>\n<p>De chemische samenstelling van flubrotizolam is als volgt:<\/p>\n<p>Chemische naam: 8-broom-6-(2-fluorfenyl)-1-methyl-4H-[1, 2, 4]triazolo[4,3-a][1,4]benzodiazepine<\/p>\n<p>Molecuulformule: C15H10BrFN4S<\/p>\n<p>De molecuulformule C15H10BrFN4S vertegenwoordigt een chemische verbinding die bestaat uit vijftien koolstofatomen (C15), tien waterstofatomen (H10), \u00e9\u00e9n broomatoom (Br), \u00e9\u00e9n fluoratoom (F), vier stikstofatomen (N4) en \u00e9\u00e9n zwavelatoom ( S).<\/p>\n<p>Molecuulgewicht: 371,2 g\/mol<\/p>\n<p>Flubrotizolam behoort tot de benzodiazepineklasse van onderzoekschemicali\u00ebn en de chemische structuur is afgeleid van de benzodiazepinekern. Het beschikt over een gefuseerd triazolobenzodiazepine-ringsysteem, waardoor het zijn unieke eigenschappen krijgt.<\/p>\n<p>De benzodiazepinekern, die bestaat uit een diazepinering gefuseerd met een triazoolring.<\/p>\n<h3><strong>Koop Flubrotizolam van hoge kwaliteit.<\/strong><\/h3>\n<p><strong>TRRC-WINKEL\u00a0<\/strong>heeft talloze langdurige betrokkenheid bij de onderzoekschemicali\u00ebnindustrie, waardoor we de beste van deze onderzoekschemicali\u00ebn kunnen garanderen.\u00a0<strong>Flubrotizolam kopen<\/strong>\u00a0is eenvoudig en heeft topkwaliteit. De kosten van Flubrotizolam zijn lager dan bij andere organisaties.<\/p>\n<p>Onderzoekchemicali\u00ebn, waaronder flubrotizolam, voldoen aan alle veiligheidseisen. Onderzoekchemicali\u00ebn worden zorgvuldig verdeeld en op een uitstekende, droge plek opgeborgen.<\/p>\n<p>Alle artikelen worden consequent onderzocht op kwaliteit, veiligheid en zuiverheid.<\/p>\n<p>Onze flubrotizolam is uitsluitend bedoeld voor onderzoeksdoeleinden. Het is als het ware voor onderzoeksdoeleinden.<\/p>\n<p>Onze artikelen hebben een eerlijke prijs en u kunt flubrotizolam-onderzoeksmiddel online kopen tegen uitzonderlijk bescheiden prijzen.<\/p>\n<h3><strong>In het laboratorium geteste flubrotizolam met resultaten.<\/strong><\/h3>\n<p>Maakt opnieuw vooruitgang in de richting van de algemene vervulling van zijn klanten. Uit verschillende onderzoeken is gebleken dat klanten zoveel gegevens opvragen als verwacht voordat ze synthetische onderzoekschemicali\u00ebn kopen. Daarnaast publiceren we alle laboratoriumconsequenties van elk onderzoeksmiddel in een PDF-record.<\/p>\n<p>Ons\u00a0<strong>flubrotizolampellets\u00a0<\/strong>voldoen consequent aan de actieve ingredi\u00ebnten en zijn voor iedereen zichtbaar.<\/p>\n<p>We verspreiden alle laboratoriumgevolgen van elke onderzoeksstof in een PDF-document.<\/p>\n<h3><strong>Veilig bestellen bij flubrotizolam.<\/strong><\/h3>\n<p>TRRC SHOP designer research chemicali\u00ebn zijn van uitstekende kwaliteit en hebben een eerlijke prijs. Wanneer u uw onderzoekschemicali\u00ebn bij TRRC SHOP aanvraagt, garanderen wij daarom dat we uw verzoek snel en veilig naar uw onderzoekslaboratorium zullen overbrengen, aangezien de verkoop van onderzoekschemicali\u00ebn altijd beschikbaar is bij TRRC SHOP.<\/p>\n<p>Het aanvragen van synthetische onderzoeksverbindingen met Bitcoin of bankoverschrijving is eenvoudig bij TRRC SHOP.<\/p>\n<p>We verzenden onderzoekschemicali\u00ebn op dezelfde werkdag als de betaling v\u00f3\u00f3r 15.00 uur CEST is ontvangen.<\/p>\n<p>Wij leveren geen artikelen aan personen jonger dan 18 jaar!<\/p>\n<p><strong>Flubrotizolam-pellets te koop<\/strong>\u00a0zijn alleen bedoeld voor onderzoeksdoeleinden.<\/p>\n<h3><strong>Discrete verzending van onderzoekschemicali\u00ebn.<\/strong><\/h3>\n<p>TRRC SHOP verpakt uw bestelling veilig en betrouwbaar om een goed transport te garanderen. Bovendien pakken we in met perfecte stealth, en aan de buitenkant is niets te zien van wat er in zit<\/p>","protected":false},"excerpt":{"rendered":"<p><strong>IUPAC-naam: <\/strong>4-broom-7-(2-fluorfenyl)-13-methyl-3-thia-1,8,11,12-tetrazatricyclo[8.3.0.02,6]trideca-2(6),4,7,10,12 -pentaeen<\/p>\n<p><strong>CAS# <\/strong>57801-95-3<\/p>\n<p><strong>Andere naam: <\/strong>Fanax<\/p>\n<p><strong>NMR-analyse: <\/strong>C15H10BrFN4S<\/p>","protected":false},"featured_media":8432,"comment_status":"open","ping_status":"closed","template":"","meta":[],"product_brand":[],"product_cat":[93],"product_tag":[],"class_list":{"0":"post-8381","1":"product","2":"type-product","3":"status-publish","4":"has-post-thumbnail","6":"product_cat-order-pills-online","8":"first","9":"instock","10":"shipping-taxable","11":"purchasable","12":"product-type-variable"},"jetpack_sharing_enabled":true,"_links":{"self":[{"href":"https:\/\/rezeptfrei-apotheke.net\/nl\/wp-json\/wp\/v2\/product\/8381","targetHints":{"allow":["GET"]}}],"collection":[{"href":"https:\/\/rezeptfrei-apotheke.net\/nl\/wp-json\/wp\/v2\/product"}],"about":[{"href":"https:\/\/rezeptfrei-apotheke.net\/nl\/wp-json\/wp\/v2\/types\/product"}],"replies":[{"embeddable":true,"href":"https:\/\/rezeptfrei-apotheke.net\/nl\/wp-json\/wp\/v2\/comments?post=8381"}],"wp:featuredmedia":[{"embeddable":true,"href":"https:\/\/rezeptfrei-apotheke.net\/nl\/wp-json\/wp\/v2\/media\/8432"}],"wp:attachment":[{"href":"https:\/\/rezeptfrei-apotheke.net\/nl\/wp-json\/wp\/v2\/media?parent=8381"}],"wp:term":[{"taxonomy":"product_brand","embeddable":true,"href":"https:\/\/rezeptfrei-apotheke.net\/nl\/wp-json\/wp\/v2\/product_brand?post=8381"},{"taxonomy":"product_cat","embeddable":true,"href":"https:\/\/rezeptfrei-apotheke.net\/nl\/wp-json\/wp\/v2\/product_cat?post=8381"},{"taxonomy":"product_tag","embeddable":true,"href":"https:\/\/rezeptfrei-apotheke.net\/nl\/wp-json\/wp\/v2\/product_tag?post=8381"}],"curies":[{"name":"wp","href":"https:\/\/api.w.org\/{rel}","templated":true}]}}