{"id":8643,"date":"2023-10-21T10:58:57","date_gmt":"2023-10-21T10:58:57","guid":{"rendered":"https:\/\/rezeptfrei-apotheke.net\/?post_type=product&#038;p=8643"},"modified":"2023-10-21T11:00:27","modified_gmt":"2023-10-21T11:00:27","slug":"pyrazolam-pellets-3mg","status":"publish","type":"product","link":"https:\/\/rezeptfrei-apotheke.net\/nl\/product\/pyrazolam-pellets-3mg\/","title":{"rendered":"pyrazolampellets 3 mg"},"content":{"rendered":"<h2><strong>Algemene informatie over pyrazolam<\/strong><\/h2>\n<p>Pyrazolam is een benzodiazepinederivaat dat voor het eerst werd gesynthetiseerd in de jaren zeventig. Pyrazolam is een onderzoeksstof die behoort tot de klasse van benzodiazepines, die bekend staan om hun unieke eigenschappen. Het is een relatief nieuwe verbinding die onder onderzoekers de aandacht heeft getrokken.<\/p>\n<p>Stoffen die niet als antagonisten of agonisten werken, maar het GAMMA-AMINOBOTERZUURreceptor-ionofoorcomplex be\u00efnvloeden. GABA-A-receptoren (RECEPTORS, GABA-A) lijken minimaal drie allosterische plaatsen te hebben waarop modulatoren reageren: een plaats waarop BENZODIAZEPINEN werken door de openingsfrequentie van door GAMMA-AMINOBOTERZUUR geactiveerde chloridekanalen te verhogen.<\/p>\n<p>&nbsp;<\/p>\n<h3><strong>Chemische samenstelling van pyrazolam<\/strong><\/h3>\n<p>De chemische samenstelling van pyrazolam is als volgt:<\/p>\n<p>\u2013 Chemische naam: 8-broom-1-methyl-6-(pyridine-2-yl)-4H-[1,2,4]triazolo[4,3-a][1,4]benzodiazepine<\/p>\n<p>\u2013 Molecuulformule: C16H12BrN5<\/p>\n<p>\u2013 Molaire massa: 354,2 gram\/mol<\/p>\n<p>Deze chemische structuur geeft aan dat pyrazolam is samengesteld uit zestien koolstofatomen (C16), twaalf waterstofatomen (H12), \u00e9\u00e9n broomatoom (Br) en vijf stikstofatomen (N5). De specifieke rangschikking en binding van deze atomen cre\u00ebren de aparte moleculaire structuur van pyrazolam.<\/p>\n<p>&nbsp;<\/p>\n<h3><strong>Koop Pyrazolampellets van hoge kwaliteit.<\/strong><\/h3>\n<p><strong>TRRC-WINKEL\u00a0<\/strong>heeft vele jaren ervaring in de onderzoekschemische ontwerpindustrie, waardoor we de hoogste kwaliteit van deze onderzoekschemicali\u00ebn kunnen garanderen.\u00a0<strong>Pyrazolam kopen<\/strong>\u00a0is gemakkelijk en heeft topkwaliteit. De kosten van Pyrazolam zijn relatief laag dan die van andere bedrijven.\u00a0<strong>Onderzoek chemicali\u00ebn<\/strong>, inclusief pyrazolam, voldoen aan alle veiligheidseisen. Onderzoekchemicali\u00ebn worden zorgvuldig verdeeld en op een koele, droge plaats bewaard.<\/p>\n<p>Alle producten worden regelmatig gecontroleerd op kwaliteit, zuiverheid en veiligheid. Het is alleen bedoeld voor onderzoeksdoeleinden.<\/p>\n<p>Onze producten hebben een eerlijke prijs, en dat kan ook\u00a0<strong>pyrazolam kopen<\/strong>\u00a0<strong>onderzoek chemisch<\/strong>s online tegen zeer goedkope tarieven.<\/p>\n<p>&nbsp;<\/p>\n<h3><strong>In het laboratorium geteste pyrazolam met resultaten.<\/strong><\/h3>\n<p>Maakt opnieuw vooruitgang in de richting van de algemene vervulling van zijn klanten. Uit verschillende onderzoeken is gebleken dat klanten zoveel gegevens opvragen als verwacht voordat ze synthetische onderzoekschemicali\u00ebn kopen. Daarnaast publiceren we alle laboratoriumconsequenties van elk onderzoeksmiddel in een PDF-record.<\/p>\n<p>Ons\u00a0<strong>pyrazolampellets\u00a0<\/strong>voldoet consequent aan de actieve ingredi\u00ebnten en is voor iedereen zichtbaar.<\/p>\n<p>We verspreiden alle laboratoriumgevolgen van elke onderzoeksstof in een PDF-document.<\/p>\n<p>&nbsp;<\/p>\n<h3><strong>Veilig bestellen bij pyrazolam.<\/strong><\/h3>\n<p>TRRC SHOP designer research chemicali\u00ebn zijn van uitstekende kwaliteit en hebben een eerlijke prijs. Wanneer u uw onderzoekschemicali\u00ebn bij TRRC SHOP aanvraagt, garanderen wij daarom dat we uw verzoek snel en veilig naar uw onderzoekslaboratorium zullen overbrengen, aangezien de verkoop van onderzoekschemicali\u00ebn altijd beschikbaar is op TRRC SHOP.<\/p>\n<p>Het aanvragen van synthetische onderzoeksverbindingen met Bitcoin of bankoverschrijving is eenvoudig bij TRRC SHOP.<\/p>\n<p>We verzenden onderzoekschemicali\u00ebn op dezelfde werkdag als de betaling v\u00f3\u00f3r 15.00 uur CEST is ontvangen.<\/p>\n<p>Wij leveren geen artikelen aan personen jonger dan 18 jaar!<\/p>\n<p><strong>Pyrazolam te koop<\/strong>\u00a0is uitsluitend bedoeld voor onderzoeksdoeleinden.<\/p>\n<p>&nbsp;<\/p>\n<h3><strong>Discrete verzending van onderzoekschemicali\u00ebn.<\/strong><\/h3>\n<p>TRRC SHOP verpakt uw bestelling veilig en betrouwbaar om een goed transport te garanderen. Bovendien pakken we in met perfecte stealth, en aan de buitenkant is niets te zien van wat er in zit.<\/p>","protected":false},"excerpt":{"rendered":"<p><strong>Formulier: <\/strong>pellets<\/p>\n<p><strong>NMR-analyse: <\/strong>N.v.t<\/p>","protected":false},"featured_media":8670,"comment_status":"open","ping_status":"closed","template":"","meta":[],"product_brand":[],"product_cat":[93],"product_tag":[],"class_list":{"0":"post-8643","1":"product","2":"type-product","3":"status-publish","4":"has-post-thumbnail","6":"product_cat-order-pills-online","8":"first","9":"instock","10":"shipping-taxable","11":"purchasable","12":"product-type-variable"},"jetpack_sharing_enabled":true,"_links":{"self":[{"href":"https:\/\/rezeptfrei-apotheke.net\/nl\/wp-json\/wp\/v2\/product\/8643","targetHints":{"allow":["GET"]}}],"collection":[{"href":"https:\/\/rezeptfrei-apotheke.net\/nl\/wp-json\/wp\/v2\/product"}],"about":[{"href":"https:\/\/rezeptfrei-apotheke.net\/nl\/wp-json\/wp\/v2\/types\/product"}],"replies":[{"embeddable":true,"href":"https:\/\/rezeptfrei-apotheke.net\/nl\/wp-json\/wp\/v2\/comments?post=8643"}],"wp:featuredmedia":[{"embeddable":true,"href":"https:\/\/rezeptfrei-apotheke.net\/nl\/wp-json\/wp\/v2\/media\/8670"}],"wp:attachment":[{"href":"https:\/\/rezeptfrei-apotheke.net\/nl\/wp-json\/wp\/v2\/media?parent=8643"}],"wp:term":[{"taxonomy":"product_brand","embeddable":true,"href":"https:\/\/rezeptfrei-apotheke.net\/nl\/wp-json\/wp\/v2\/product_brand?post=8643"},{"taxonomy":"product_cat","embeddable":true,"href":"https:\/\/rezeptfrei-apotheke.net\/nl\/wp-json\/wp\/v2\/product_cat?post=8643"},{"taxonomy":"product_tag","embeddable":true,"href":"https:\/\/rezeptfrei-apotheke.net\/nl\/wp-json\/wp\/v2\/product_tag?post=8643"}],"curies":[{"name":"wp","href":"https:\/\/api.w.org\/{rel}","templated":true}]}}