{"id":8691,"date":"2023-10-21T10:59:19","date_gmt":"2023-10-21T10:59:19","guid":{"rendered":"https:\/\/rezeptfrei-apotheke.net\/?post_type=product&#038;p=8691"},"modified":"2023-10-30T21:43:37","modified_gmt":"2023-10-30T21:43:37","slug":"4f-mph","status":"publish","type":"product","link":"https:\/\/rezeptfrei-apotheke.net\/nl\/product\/4f-mph\/","title":{"rendered":"4F-mph"},"content":{"rendered":"<h2><strong>Algemene informatie over 4F-MPH<\/strong><\/h2>\n<p>Koop 4F-MPH, ook bekend als 4-Fluoromethylfenidaat, is een synthetische onderzoeksstof die tot de fenidaatklasse behoort. Het is een nauw verwante analoog van methylfenidaat (Ritalin) en heeft veel vergelijkbare eigenschappen. Deze stoffen worden vaak ontwikkeld om nieuwe chemische structuren te verkennen.<\/p>\n<p>4F-MPH is een relatief nieuwe verbinding en de onderzoeksgeschiedenis ervan is beperkt. Het werd voor het eerst gesynthetiseerd en gerapporteerd in de wetenschappelijke literatuur begin jaren 2000. Als onderzoeksstof worden de eigenschappen en effecten ervan nog steeds bestudeerd, en er kan lopend onderzoek plaatsvinden om de farmacologie, potenti\u00eble toepassingen en risico&#039;s ervan te begrijpen.<\/p>\n<p>4F-MPH is structureel vergelijkbaar met methylfenidaat (Ritalin), maar bevat een fluoratoomsubstitutie.<\/p>\n<p>&nbsp;<\/p>\n<h3><strong>Chemische samenstelling van 4F-MPH<\/strong><\/h3>\n<p>4F-MPH, ook bekend als 4-Fluoromethylfenidaat, is een onderzoeksstof die behoort tot de klassen fenethylamine en piperidine. De chemische samenstelling van 4F-MPH is als volgt:<\/p>\n<p>Chemische naam: 2-(4-Fluorfenyl)-2-methyl-3-(piperidine-2-yl)propaanzuur, methylester<\/p>\n<p>Molecuulformule: C14H18FNO2<\/p>\n<p>Molecuulgewicht: 251,3 g\/mol<\/p>\n<p>Deze formule geeft aan dat 4F-MPH bestaat uit veertien koolstofatomen (C14), achttien waterstofatomen (H18), \u00e9\u00e9n fluoratoom (F), \u00e9\u00e9n stikstofatoom (N) en twee zuurstofatomen (O2).<\/p>\n<p>De verbinding bestaat uit een fenylring gesubstitueerd met een fluoratoom op de para-positie (4-positie). Het bevat ook een piperidinering die via een brug met twee koolstofatomen aan de fenylring is bevestigd. De piperidinering is een veel voorkomend kenmerk in veel onderzoekschemicali\u00ebn.<\/p>\n<p>&nbsp;<\/p>\n<h3><strong>Koop hoogwaardige 4F-MPH.<\/strong><\/h3>\n<p><strong>Wondermiddel Chems\u00a0<\/strong>heeft verschillende uitgebreide betrokkenheid bij de onderzoekschemicali\u00ebnindustrie, waarbij we ons inzetten om het beste van deze exploratieonderzoekchemicali\u00ebn te garanderen.\u00a0<strong>4F-MPH kopen<\/strong>\u00a0is essentieel en heeft topkwaliteit.\u00a0<strong>4F-mph<\/strong>&#039;s aankoop is lager dan die van verschillende organisaties.<\/p>\n<p>Onderzoek chemicali\u00ebn, inclusief\u00a0<strong>4F-mph<\/strong>, voldoen aan alle veiligheidseisen. Onderzoekchemicali\u00ebn worden zorgvuldig verdeeld en behandeld op een uitstekende, droge plek.<\/p>\n<p>Alle items worden op betrouwbare wijze onderzocht op kwaliteit, veiligheid en zuiverheid. Volhardend vasthouden\u00a0<strong>4F-mph<\/strong>\u00a0op kamertemperatuur. Het is alleen bedoeld voor onderzoeksdoeleinden.<\/p>\n<p>De prijs van onze chemische stof is zeer redelijk, en dat kan ook\u00a0<strong>koop 4F-MPH\u00a0<\/strong>online tegen ongelooflijk lage tarieven.<\/p>\n<p>&nbsp;<\/p>\n<h3><strong>In het laboratorium getest 4F-MPH-poeder met resultaten.<\/strong><\/h3>\n<p>Maakt opnieuw vooruitgang in de richting van de algemene vervulling van zijn klanten. Uit verschillende onderzoeken is gebleken dat klanten zoveel gegevens opvragen als verwacht voordat ze synthetische onderzoekschemicali\u00ebn kopen. Daarnaast publiceren we alle laboratoriumconsequenties van elk onderzoeksmiddel in een PDF-record.<\/p>\n<p>Ons\u00a0<strong>4F-MPH online kopen\u00a0<\/strong>voldoen consequent aan de actieve ingredi\u00ebnten en zijn voor iedereen zichtbaar.<\/p>\n<p>We verspreiden alle laboratoriumgevolgen van elke onderzoeksstof in een PDF-document.<\/p>\n<p>&nbsp;<\/p>\n<h3><strong>Bestel veilig bij 4F-MPH.<\/strong><\/h3>\n<p>De designeronderzoekchemicali\u00ebn van Panacea Chems zijn van uitstekende kwaliteit en hebben een eerlijke prijs. Wanneer u uw onderzoekschemicali\u00ebn bij Panacea Chems aanvraagt, garanderen wij daarom dat we uw verzoek snel en veilig naar uw onderzoekslaboratorium zullen overbrengen, aangezien de verkoop van onderzoekschemicali\u00ebn altijd beschikbaar is bij Panacea Chems.<\/p>\n<p>Het aanvragen van synthetische onderzoeksverbindingen met Bitcoin of bankoverschrijving is eenvoudig bij Panacea Chems.<\/p>\n<p>We verzenden onderzoekschemicali\u00ebn op dezelfde werkdag als de betaling v\u00f3\u00f3r 15.00 uur CEST is ontvangen.<\/p>\n<p>Wij leveren geen artikelen aan personen jonger dan 18 jaar!<\/p>\n<p><strong>4F-MPH te koop<\/strong>\u00a0is uitsluitend bedoeld voor onderzoeksdoeleinden.<\/p>\n<p>&nbsp;<\/p>\n<h3><strong>Discrete verzending van onderzoekschemicali\u00ebn.<\/strong><\/h3>\n<p>Panacea Chems verpakt uw bestelling veilig en betrouwbaar om een goed transport te garanderen. Bovendien pakken we in met perfecte stealth, en aan de buitenkant is niets te zien van wat er in zit.<\/p>","protected":false},"excerpt":{"rendered":"<p><strong>IUPAC-naam: <\/strong>Methyl-2-(4-fluorfenyl)-2-(piperidine-2-yl)acetaat<\/p>\n<p><strong>CAS# <\/strong>1354631-33-6<\/p>\n<p><strong>Andere naam: <\/strong>4-Fluormethylfenidaat, 4-FMPH<\/p>\n<p><strong>Uiterlijk: <\/strong>poeder<\/p>\n<p><strong>NMR-analyse: <\/strong>C14H18FNO2<\/p>","protected":false},"featured_media":8744,"comment_status":"open","ping_status":"closed","template":"","meta":[],"product_brand":[],"product_cat":[95],"product_tag":[],"class_list":{"0":"post-8691","1":"product","2":"type-product","3":"status-publish","4":"has-post-thumbnail","6":"product_cat-buy-piperidines-online","8":"first","9":"instock","10":"shipping-taxable","11":"purchasable","12":"product-type-variable"},"jetpack_sharing_enabled":true,"_links":{"self":[{"href":"https:\/\/rezeptfrei-apotheke.net\/nl\/wp-json\/wp\/v2\/product\/8691","targetHints":{"allow":["GET"]}}],"collection":[{"href":"https:\/\/rezeptfrei-apotheke.net\/nl\/wp-json\/wp\/v2\/product"}],"about":[{"href":"https:\/\/rezeptfrei-apotheke.net\/nl\/wp-json\/wp\/v2\/types\/product"}],"replies":[{"embeddable":true,"href":"https:\/\/rezeptfrei-apotheke.net\/nl\/wp-json\/wp\/v2\/comments?post=8691"}],"wp:featuredmedia":[{"embeddable":true,"href":"https:\/\/rezeptfrei-apotheke.net\/nl\/wp-json\/wp\/v2\/media\/8744"}],"wp:attachment":[{"href":"https:\/\/rezeptfrei-apotheke.net\/nl\/wp-json\/wp\/v2\/media?parent=8691"}],"wp:term":[{"taxonomy":"product_brand","embeddable":true,"href":"https:\/\/rezeptfrei-apotheke.net\/nl\/wp-json\/wp\/v2\/product_brand?post=8691"},{"taxonomy":"product_cat","embeddable":true,"href":"https:\/\/rezeptfrei-apotheke.net\/nl\/wp-json\/wp\/v2\/product_cat?post=8691"},{"taxonomy":"product_tag","embeddable":true,"href":"https:\/\/rezeptfrei-apotheke.net\/nl\/wp-json\/wp\/v2\/product_tag?post=8691"}],"curies":[{"name":"wp","href":"https:\/\/api.w.org\/{rel}","templated":true}]}}