{"id":8728,"date":"2023-10-21T10:59:44","date_gmt":"2023-10-21T10:59:44","guid":{"rendered":"https:\/\/rezeptfrei-apotheke.net\/?post_type=product&#038;p=8728"},"modified":"2023-10-30T20:42:46","modified_gmt":"2023-10-30T20:42:46","slug":"5-meo-dmt-freebase","status":"publish","type":"product","link":"https:\/\/rezeptfrei-apotheke.net\/nl\/product\/5-meo-dmt-freebase\/","title":{"rendered":"5-MeO-DMT-vrije basis"},"content":{"rendered":"<h2><strong>Algemene informatie over Koop 5-MeO-DMT freebase<\/strong><\/h2>\n<p>5-Meo-DMT freebase is een chemisch psychedelisch onderzoek uit de tryptamineklasse, vier tot meerdere keren indrukwekkender dan zijn bekendere neef, DMT (N, N-dimethyltryptamine).<\/p>\n<p>Het lijkt te worden aangetroffen in een grote verscheidenheid aan bomen en struiken, vaak in de buurt van DMT en bufotenine (5-HO-DMT), evenals in \u00e9\u00e9n soort kikker. 5-Meo-DMT freebase kan eveneens synthetisch worden geproduceerd.<\/p>\n<p>In Midden- en Zuid-Amerika wordt 5-MeO-DMT freebase het vaakst verkregen uit Anadenanthera peregrine en Virola theiodora \u2013 deze twee worden meestal verzameld om psychoactieve snuiftabak te maken.<\/p>\n<p>Het wordt ook aangetroffen in het gladde witte gif van de Sonoran Desert Frog, dat lokaal voorkomt in het zuidwesten van de VS en het noordwesten van Mexico. Het verzamelen van gif heeft de bevolking van deze van nature kwetsbare soort onder druk gezet. Het wordt nu geregistreerd als risicovol of lokaal waargenomen in een paar staten in de VS. Er wordt voorgesteld om opties voor bronnen van 5-MeO DMT te zoeken, bijvoorbeeld synthetische of plantaardige versies.<\/p>\n<h3><strong>Chemische samenstelling van 5-MeO-DMT-vrije base<\/strong><\/h3>\n<p>2-(5-methoxy-1H-indol-3-yl)-N,N-dimethylethanamine (5-methoxy-N,N-dimethyltryptamine, afgekort tot 5-MeO-DMT) is een tryptamine-alkalo\u00efde, een zoetgeurende ether en een tertiair amine met een subatomaire belasting van 218,298 g\/mol en de chemische formule C<sub>13<\/sub>H<sub>18<\/sub>N<sub>2<\/sub>O. Als vrije basis is 5-MeO-DMT een witte, sterke stof met een vloeibaarmakingspunt van 69,5\u00b0C. De oplosbaarheid in water bedraagt &gt;32,7 \u03bcg\/ml.<\/p>\n<h3><strong>Farmacologie 5-MeO-DMT onderzoeksstof<\/strong><\/h3>\n<p>Net als de andere tryptamines heeft 5-MeO-DMT freebase een basisstructuur die vergelijkbaar is met DMT, maar heeft het een methoxygroep in de R5-positie. Het werkt in principe als serotonine (5-HT)-receptoragonist, met een specifieke beperkende voorliefde voor het 5-HT1A-receptorsubtype. Het bindt zich aan 5-HT2A en volgt aminereceptoren, waarbij mogelijk hallucinogene effecten worden bewerkstelligd door gebruik te maken van deze laatste. Er wordt bovendien aangenomen dat remming van de heropname van neurotransmitters, bijvoorbeeld noradrenaline en dopamine, betrokken is bij het vermogen van 5-MeO-DMT.<\/p>\n<h3><strong>Hoogwaardige 5-MeO-DMT kopen<\/strong><\/h3>\n<p>TRRCSHOP heeft vele jaren ervaring in de ontwerpersindustrie van onderzoekschemicali\u00ebn, waardoor we de hoogste kwaliteit van deze onderzoekschemicali\u00ebn kunnen garanderen. Het chemische onderzoeksteam verkoopt 5-MeO-DMT freebase kopen. Onderzoekchemicali\u00ebn, waaronder 5-MeO-DMT-freebases, voldoen aan alle veiligheidseisen. Onderzoekchemicali\u00ebn worden zorgvuldig verdeeld en op een koele, droge plaats bewaard.<\/p>\n<p>Alle producten worden regelmatig gecontroleerd op kwaliteit, zuiverheid en veiligheid. Bewaar 5-MeO-DMT freebase altijd op kamertemperatuur en buiten bereik van kinderen en huisdieren. Onze 5-MeO-DMT freebase is niet bedoeld voor persoonlijk gebruik. Het is alleen bedoeld voor onderzoeksdoeleinden.<\/p>\n<p>Het mag niet worden gemengd met alcohol of onderzoekschemicali\u00ebn bij onderzoek naar deze onderzoekschemicali\u00ebn!<\/p>\n<p>Al onze producten hebben een eerlijke prijs!<\/p>\n<h3><strong>In het laboratorium geteste 5-MeO-DMT-freebase met resultaten.<\/strong><\/h3>\n<p>Maakt opnieuw vooruitgang in de richting van de algemene vervulling van zijn klanten. Uit verschillende onderzoeken is gebleken dat klanten zoveel gegevens opvragen als verwacht voordat ze synthetische onderzoekschemicali\u00ebn kopen. Daarnaast publiceren we alle laboratoriumconsequenties van elk onderzoeksmiddel in een PDF-record.<\/p>\n<p>Onze 5-MeO-DMT freebase voldoet consequent aan de actieve ingredi\u00ebnten en is voor iedereen duidelijk zichtbaar.<\/p>\n<p>We verspreiden alle laboratoriumgevolgen van elke onderzoeksstof in een PDF-document.<\/p>\n<h3><strong>Bestel veilig bij 5-MeO-DMT freebase.<\/strong><\/h3>\n<p>TRRCSHOP designer research chemicali\u00ebn zijn van uitstekende kwaliteit en hebben een eerlijke prijs. Daarom, wanneer u uw aanvraag indient\u00a0<strong>5-MeO-DMT-vrije basis\u00a0<\/strong>bij TRRCSHOP garanderen wij dat wij uw verzoek snel en veilig bij u thuis bezorgen.<\/p>\n<p>Het aanvragen van synthetische onderzoeksverbindingen met Bitcoin of bankoverschrijving is eenvoudig bij de TRRCSHOP.<\/p>\n<p>We verzenden 5-MeO-DMT freebase op dezelfde werkdag als de betaling v\u00f3\u00f3r 14:00 uur CEST is ontvangen. Normaal gesproken verzenden we niet op zaterdag, zondag of nationale\/internationale feestdagen<strong>.<\/strong><\/p>\n<h3><strong>Discrete verzending van onderzoekschemicali\u00ebn.<\/strong><\/h3>\n<p>Ook al zijn designeronderzoekchemicali\u00ebn legaal online verkrijgbaar, wij bij Rchemshop leveren het veiligst en redelijkerwijs. Bovendien pakken we in met perfecte stealth, en aan de buitenkant is niets te zien van wat er in zit.<\/p>\n<p>Bestellingen boven de 500 euro versturen wij met track en follow zodat jij jouw bundel progressief kunt volgen. Bestellingen boven de 500 euro verzenden wij via de toegankelijke route.<\/p>\n<p>Wij leveren geen artikelen aan personen jonger dan 18 jaar!<\/p>\n<h3><strong>Voorzorgsmaatregelen<\/strong><\/h3>\n<ul>\n<li>Koop 5-MeO-DMT-onderzoekschemicali\u00ebn en de juiste individuele beschermingsmiddelen zoals een veiligheidsbril en handschoenen. Maak ze op de juiste manier schoon en verzorg ze. Volg veilige systemen als u met onderzoekschemicali\u00ebn omgaat en neem geen sluiproutes.<\/li>\n<li>Als de onderzoeksstof in contact komt met de ogen, spoel dan goed uit en verwijder indien nodig contactlenzen.<\/li>\n<li>Probeer een masker te gebruiken terwijl u deze chemicali\u00ebn gebruikt, zodat ze tijdens het ademen niet in u terechtkomen.<\/li>\n<li>Zoals ondersteunde methoden aangeven, dient u gevaarlijke materialen veilig te hanteren, op te slaan en af te voeren. Giet ze nooit in riolen of kanalen.<\/li>\n<li>Bewaar onderzoekschemicali\u00ebn op de juiste manier, zoals aangegeven op hun naam. Ontvlambare chemicali\u00ebn moeten worden bewaard in uitstekende, droge cannabis, weg van intensiteit en daglicht. Een aantal synthetische stoffen, zoals zuren, dient u onafhankelijk van elkaar weg te zetten.<\/li>\n<li>TRRCSHOP aangeboden voor onderzoeksdoeleinden; menselijke consumptie is ten strengste verboden.<\/li>\n<\/ul>","protected":false},"excerpt":{"rendered":"<p><strong>IUPAC-naam: <\/strong>2-(5-methoxy-1H-indool-3-yl)-N,N-dimethylethaanamine<\/p>\n<p><strong>CAS# <\/strong>1019-45-0<\/p>\n<p><strong>Andere naam: <\/strong>5-methoxy-N,N-dimethyltryptamine<\/p>\n<p><strong>Uiterlijk: <\/strong>poeder<\/p>\n<p><strong>Formulier: <\/strong>vrije basis<\/p>\n<p><strong>NMR-analyse: <\/strong>C13H18N2O<\/p>","protected":false},"featured_media":8775,"comment_status":"open","ping_status":"closed","template":"","meta":[],"product_brand":[],"product_cat":[96],"product_tag":[],"class_list":{"0":"post-8728","1":"product","2":"type-product","3":"status-publish","4":"has-post-thumbnail","6":"product_cat-buy-tryptamines-online","8":"first","9":"instock","10":"shipping-taxable","11":"purchasable","12":"product-type-variable"},"jetpack_sharing_enabled":true,"_links":{"self":[{"href":"https:\/\/rezeptfrei-apotheke.net\/nl\/wp-json\/wp\/v2\/product\/8728","targetHints":{"allow":["GET"]}}],"collection":[{"href":"https:\/\/rezeptfrei-apotheke.net\/nl\/wp-json\/wp\/v2\/product"}],"about":[{"href":"https:\/\/rezeptfrei-apotheke.net\/nl\/wp-json\/wp\/v2\/types\/product"}],"replies":[{"embeddable":true,"href":"https:\/\/rezeptfrei-apotheke.net\/nl\/wp-json\/wp\/v2\/comments?post=8728"}],"wp:featuredmedia":[{"embeddable":true,"href":"https:\/\/rezeptfrei-apotheke.net\/nl\/wp-json\/wp\/v2\/media\/8775"}],"wp:attachment":[{"href":"https:\/\/rezeptfrei-apotheke.net\/nl\/wp-json\/wp\/v2\/media?parent=8728"}],"wp:term":[{"taxonomy":"product_brand","embeddable":true,"href":"https:\/\/rezeptfrei-apotheke.net\/nl\/wp-json\/wp\/v2\/product_brand?post=8728"},{"taxonomy":"product_cat","embeddable":true,"href":"https:\/\/rezeptfrei-apotheke.net\/nl\/wp-json\/wp\/v2\/product_cat?post=8728"},{"taxonomy":"product_tag","embeddable":true,"href":"https:\/\/rezeptfrei-apotheke.net\/nl\/wp-json\/wp\/v2\/product_tag?post=8728"}],"curies":[{"name":"wp","href":"https:\/\/api.w.org\/{rel}","templated":true}]}}