{"id":265,"date":"2017-06-21T08:08:41","date_gmt":"2017-06-21T08:08:41","guid":{"rendered":"http:\/\/dummy.xtemos.com\/woodmart\/?page_id=265"},"modified":"2026-02-16T09:48:13","modified_gmt":"2026-02-16T09:48:13","slug":"compare","status":"publish","type":"page","link":"https:\/\/rezeptfrei-apotheke.net\/pl\/compare\/","title":{"rendered":"Por\u00f3wnywa\u0107"},"content":{"rendered":"<p class=\"wd-empty-compare wd-empty-page\">\n\t\t\tLista por\u00f3wnawcza jest pusta.\t\t<\/p>\n\t\t\t\t\t<div class=\"wd-empty-page-text\">\n\t\t\t\t\u017badne produkty nie zosta\u0142y dodane do listy por\u00f3wnawczej. Aby je por\u00f3wna\u0107, musisz doda\u0107 kilka produkt\u00f3w.<br> W naszym sklepie znajdziesz wiele ciekawych produkt\u00f3w.\t\t\t<\/div>\n\t\t\t\t<p class=\"return-to-shop\">\n\t\t\t<a class=\"button\" href=\"https:\/\/rezeptfrei-apotheke.net\/pl\/rc-chem-shop\/\">\n\t\t\t\tPowr\u00f3t do sklepu\t\t\t<\/a>\n\t\t<\/p>","protected":false},"excerpt":{"rendered":"Lista por\u00f3wnawcza jest pusta. Nie dodano \u017cadnych produkt\u00f3w do listy por\u00f3wnawczej. Musisz doda\u0107 produkty, aby je por\u00f3wna\u0107. Ty","protected":false},"author":334,"featured_media":0,"parent":0,"menu_order":0,"comment_status":"closed","ping_status":"closed","template":"","meta":{"footnotes":""},"class_list":["post-265","page","type-page","status-publish","hentry"],"jetpack_sharing_enabled":true,"_links":{"self":[{"href":"https:\/\/rezeptfrei-apotheke.net\/pl\/wp-json\/wp\/v2\/pages\/265","targetHints":{"allow":["GET"]}}],"collection":[{"href":"https:\/\/rezeptfrei-apotheke.net\/pl\/wp-json\/wp\/v2\/pages"}],"about":[{"href":"https:\/\/rezeptfrei-apotheke.net\/pl\/wp-json\/wp\/v2\/types\/page"}],"author":[{"embeddable":true,"href":"https:\/\/rezeptfrei-apotheke.net\/pl\/wp-json\/wp\/v2\/users\/334"}],"replies":[{"embeddable":true,"href":"https:\/\/rezeptfrei-apotheke.net\/pl\/wp-json\/wp\/v2\/comments?post=265"}],"version-history":[{"count":2,"href":"https:\/\/rezeptfrei-apotheke.net\/pl\/wp-json\/wp\/v2\/pages\/265\/revisions"}],"predecessor-version":[{"id":9974,"href":"https:\/\/rezeptfrei-apotheke.net\/pl\/wp-json\/wp\/v2\/pages\/265\/revisions\/9974"}],"wp:attachment":[{"href":"https:\/\/rezeptfrei-apotheke.net\/pl\/wp-json\/wp\/v2\/media?parent=265"}],"curies":[{"name":"wp","href":"https:\/\/api.w.org\/{rel}","templated":true}]}}