{"id":8295,"date":"2023-10-21T10:56:57","date_gmt":"2023-10-21T10:56:57","guid":{"rendered":"https:\/\/rezeptfrei-apotheke.net\/?post_type=product&#038;p=8295"},"modified":"2023-10-21T10:58:27","modified_gmt":"2023-10-21T10:58:27","slug":"fluorexetamine-fxe","status":"publish","type":"product","link":"https:\/\/rezeptfrei-apotheke.net\/pl\/product\/fluorexetamine-fxe\/","title":{"rendered":"Fluoreksetamina (FXE)"},"content":{"rendered":"<h2>panaceachems.com oferuje produkty, kt\u00f3re nie s\u0105 przeznaczone do spo\u017cycia przez ludzi.<br \/>\nInformacje og\u00f3lne Fluoreksetamina<\/h2>\n<p>Fluoreksetamina (chlorowodorek) to naukowy standard analityczny sklasyfikowany jako arylocykloheksyloamina. Przedmiot ten przeznaczony jest do cel\u00f3w badawczych i wymiernych zastosowa\u0144.<\/p>\n<p>Fluoreksetamina jest substancj\u0105 chemiczn\u0105 do planowania sportowego o dzia\u0142aniu dysocjacyjnym. Substancja chemiczna do bada\u0144 sportowych znana jako fluoreksetamina (3-fluoro-2-okso-PCE, FXE) jest sprzedawana w Internecie od oko\u0142o 2017 r.<\/p>\n<p>Cho\u0107 zjawisko to wyst\u0119puje ju\u017c od jakiego\u015b czasu, nadal jest rzadko\u015bci\u0105. Fluoreksetamina to substancja chemiczna przeznaczona do planowania sportowego, nale\u017c\u0105ca do rodziny arylocykloheksyloamin, a jej sk\u0142adniki mog\u0105 powodowa\u0107 bardzo dysocjacj\u0119. Jednak od 2017 roku jest gotowy do przeniesienia si\u0119 do Internetu, a jego wykorzystanie pozostaje umiarkowanie bezprecedensowe.<\/p>\n<p>Zmieni\u0142o si\u0119 to w kwietniu 2022 r., kiedy algorytmiczne rozpoznanie badanej substancji chemicznej na Reddicie wywo\u0142a\u0142o alarm. Od tego momentu liczba og\u0142osze\u0144 dotycz\u0105cych fluoreksetaminy wzros\u0142a ponad dwukrotnie, niezale\u017cnie od tego, jak bardzo osi\u0105gn\u0119\u0142a najwy\u017cszy poziom w kwietniu 2022 r. W\u0142a\u015bciwo\u015bci fizjologiczne i toksykologiczne tego zwi\u0105zku nie zosta\u0142y zbadane. Wykorzystanie tej substancji chemicznej powinno mie\u0107 charakter badawczy i wymierny. Ostrze\u017cenie przed tym przedmiotem nie jest przeznaczone do u\u017cytku u ludzi ani weterynarii.<\/p>\n<h3>Sk\u0142ad chemiczny fluoroksetaminy<\/h3>\n<p>Fluoreksetamina (3\u2032-Fluoro-2-okso-PCE, FXE) to chemia badawcza do zastosowa\u0144 sportowych z rodziny arylocykloheksyloamin o dzia\u0142aniu dysocjacyjnym. Podobno jest sprzedawany w Internecie od oko\u0142o 2017 roku. Jednak nadal jest umiarkowanie niezwyk\u0142y.<\/p>\n<p>Jego r\u00f3wnanie to C14H18FNO, a masa molowa wynosi 235,302 g\u00b7mol\u22121.<\/p>\n<p>&nbsp;<\/p>\n<h3>Farmakologia fluoreksetaminy<\/h3>\n<p>Fluoksetyna wywiera swoje dzia\u0142anie poprzez utrudnianie wychwytu zwrotnego serotoniny przez presynaptyczne neurony serotoninowe poprzez hamowanie bia\u0142ka no\u015bnikowego wychwytu zwrotnego znajduj\u0105cego si\u0119 w zako\u0144czeniu presynaptycznym. Fluoksetyna dodatkowo wykazuje delikatne dzia\u0142anie na receptory 5HT2A i 5HT2C.<\/p>\n<p>Fluoksetyna jest przyjmowana po podaniu doustnym, jest silnie zwi\u0105zana z bia\u0142kami i transportowana jest w ogromnej obj\u0119to\u015bci. Okres p\u00f3\u0142trwania fluoksetyny w usuwaniu wynosi oko\u0142o 1 do 4 dni, natomiast w przypadku jej metabolitu norfluoksetyny od 7 do 15 dni. Fluoksetyna ma nieliniowy profil farmakokinetyczny.<\/p>\n<p>&nbsp;<\/p>\n<h3>Kup wysokiej jako\u015bci Fluoreksetamin\u0119<\/h3>\n<p>Panacea Chems posiada wieloletnie do\u015bwiadczenie w bran\u017cy projektant\u00f3w chemikali\u00f3w badawczych, co pozwala nam zapewni\u0107 najwy\u017csz\u0105 jako\u015b\u0107 tych chemikali\u00f3w badawczych. Zesp\u00f3\u0142 badawczy zajmuj\u0105cy si\u0119 chemi\u0105 zajmuje si\u0119 sprzeda\u017c\u0105 fluoreksetaminy. Chemikalia badawcze, w tym fluoroksetaminy, spe\u0142niaj\u0105 wszelkie wymogi bezpiecze\u0144stwa. Chemikalia badawcze s\u0105 starannie dystrybuowane i przechowywane w ch\u0142odnym, suchym miejscu.<\/p>\n<p>Wszystkie produkty s\u0105 regularnie kontrolowane pod k\u0105tem jako\u015bci, czysto\u015bci i bezpiecze\u0144stwa. Zawsze przechowuj Fluoreksetamin\u0119 w temperaturze pokojowej i poza zasi\u0119giem dzieci i zwierz\u0105t domowych. Nasza Fluoreksetamina nie jest przeznaczona do u\u017cytku osobistego. S\u0142u\u017cy wy\u0142\u0105cznie celom badawczym.<\/p>\n<p>Podczas bada\u0144 tej substancji chemicznej nie mo\u017cna jej miesza\u0107 z alkoholem ani chemikaliami badawczymi!<\/p>\n<p>Wszystkie nasze produkty maj\u0105 uczciw\u0105 cen\u0119!<\/p>\n<p>&nbsp;<\/p>\n<h3>Testowana laboratoryjnie fluoreksetamina z wynikami.<\/h3>\n<p>Przerabia post\u0119p w kierunku og\u00f3lnego spe\u0142nienia swoich klient\u00f3w. R\u00f3\u017cne badania wykaza\u0142y, \u017ce klienci przed zakupem syntetycznych substancji chemicznych do cel\u00f3w badawczych \u017c\u0105daj\u0105 tyle danych, ile si\u0119 spodziewaj\u0105. Ponadto publikujemy wszystkie konsekwencje laboratoryjne ka\u017cdego zwi\u0105zku badawczego w pliku PDF.<\/p>\n<p>Nasz kryszta\u0142 fluoroksetaminy konsekwentnie spe\u0142nia sk\u0142adniki aktywne i mo\u017ce by\u0107 \u0142atwo zauwa\u017cony przez ka\u017cdego.<\/p>\n<p>Wszystkie konsekwencje laboratoryjne ka\u017cdej badanej substancji chemicznej rozpowszechniamy w dokumencie PDF.<\/p>\n<p>&nbsp;<\/p>\n<h3>Bezpiecznie zam\u00f3w od Fluorexetamine.<\/h3>\n<p>Designerskie chemikalia badawcze Panacea Chems s\u0105 doskona\u0142ej jako\u015bci i maj\u0105 uczciw\u0105 cen\u0119. Dlatego te\u017c, je\u015bli z\u0142o\u017cysz zam\u00f3wienie na chemikalia badawcze w Panacea Chems, gwarantujemy, \u017ce dostarczymy je szybko i bezpiecznie do Twojego domu, poniewa\u017c sprzeda\u017c chemikali\u00f3w badawczych jest zawsze dost\u0119pna w Panacea Chems.<\/p>\n<p>Zamawianie syntetycznych zwi\u0105zk\u00f3w badawczych za pomoc\u0105 Bitcoina lub przelewu bankowego jest proste w Panacea Chems.<\/p>\n<p>Wysy\u0142amy proszek chemikali\u00f3w badawczych tego samego dnia roboczego, je\u015bli p\u0142atno\u015b\u0107 zostanie otrzymana przed godzin\u0105 15:00 CEST.<\/p>\n<p>Nie dostarczamy artyku\u0142\u00f3w osobom poni\u017cej 18 roku \u017cycia!<\/p>\n<p>Sprzeda\u017c chemikali\u00f3w badawczych s\u0142u\u017cy wy\u0142\u0105cznie celom badawczym.<\/p>\n<p>&nbsp;<\/p>\n<p>Dyskretna wysy\u0142ka chemikali\u00f3w badawczych.<\/p>\n<p>Panacea Chems bezpiecznie zapakuje Twoje zam\u00f3wienie i zapewni odpowiedni transport. Co wi\u0119cej, pakujemy z doskona\u0142\u0105 dyskrecj\u0105, a na zewn\u0105trz nie wida\u0107 \u017cadnych \u015blad\u00f3w tego, co mo\u017ce znajdowa\u0107 si\u0119 w \u015brodku.<\/p>\n<p>&nbsp;<\/p>\n<h3>\u015arodki ostro\u017cno\u015bci<\/h3>\n<ul>\n<li>Kup odpowiedni sprz\u0119t ochrony indywidualnej, taki jak okulary i r\u0119kawice. Czy\u015b\u0107 je i piel\u0119gnuj w odpowiedni spos\u00f3b. Post\u0119puj zgodnie z bezpiecznymi systemami podczas post\u0119powania z chemikaliami badawczymi i nie id\u017a na skr\u00f3ty.<\/li>\n<li>Je\u015bli badana substancja chemiczna wejdzie w kontakt z oczami, nale\u017cy je dobrze przep\u0142uka\u0107 i w razie potrzeby wyeliminowa\u0107 soczewki kontaktowe.<\/li>\n<li>Staraj si\u0119 u\u017cywa\u0107 maski podczas u\u017cywania tych chemikali\u00f3w, aby nie dosta\u0142y si\u0119 do \u015brodka podczas oddychania.<\/li>\n<li>Jak wskazuj\u0105 obs\u0142ugiwane metody, nale\u017cy bezpiecznie obchodzi\u0107 si\u0119 z materia\u0142ami niebezpiecznymi, przechowywa\u0107 je i utylizowa\u0107. Nigdy nie wylewaj ich do \u015bciek\u00f3w lub kana\u0142\u00f3w.<\/li>\n<li>Przechowuj chemikalia badawcze w odpowiedni spos\u00f3b, zgodnie z ich nazwami. \u0141atwopalne chemikalia nale\u017cy przechowywa\u0107 w doskona\u0142ej, suchej marihuanie, z dala od intensywno\u015bci i \u015bwiat\u0142a dziennego. Niekt\u00f3re syntetyki, np. kwasy, nale\u017cy usuwa\u0107 niezale\u017cnie od siebie.<\/li>\n<li>Panacea Chems oferowane w rc s\u0142u\u017c\u0105 celom badawczym; spo\u017cycie przez ludzi jest surowo zabronione.<\/li>\n<\/ul>","protected":false},"excerpt":{"rendered":"<p><strong>Nazwa IUPAC: <\/strong>2-(etyloamino)-2-(3-fluorofenylo)cykloheksan-1-on<\/p>\n<p><strong>Inna nazwa: <\/strong>FXE<\/p>\n<p><strong>Formularz: <\/strong>kryszta\u0142<\/p>\n<p><strong>Analiza NMR: <\/strong>C14H18FNO<\/p>","protected":false},"featured_media":8319,"comment_status":"open","ping_status":"closed","template":"","meta":[],"product_brand":[],"product_cat":[90],"product_tag":[],"class_list":{"0":"post-8295","1":"product","2":"type-product","3":"status-publish","4":"has-post-thumbnail","6":"product_cat-buy-dissociatives","8":"first","9":"instock","10":"shipping-taxable","11":"purchasable","12":"product-type-variable"},"jetpack_sharing_enabled":true,"_links":{"self":[{"href":"https:\/\/rezeptfrei-apotheke.net\/pl\/wp-json\/wp\/v2\/product\/8295","targetHints":{"allow":["GET"]}}],"collection":[{"href":"https:\/\/rezeptfrei-apotheke.net\/pl\/wp-json\/wp\/v2\/product"}],"about":[{"href":"https:\/\/rezeptfrei-apotheke.net\/pl\/wp-json\/wp\/v2\/types\/product"}],"replies":[{"embeddable":true,"href":"https:\/\/rezeptfrei-apotheke.net\/pl\/wp-json\/wp\/v2\/comments?post=8295"}],"wp:featuredmedia":[{"embeddable":true,"href":"https:\/\/rezeptfrei-apotheke.net\/pl\/wp-json\/wp\/v2\/media\/8319"}],"wp:attachment":[{"href":"https:\/\/rezeptfrei-apotheke.net\/pl\/wp-json\/wp\/v2\/media?parent=8295"}],"wp:term":[{"taxonomy":"product_brand","embeddable":true,"href":"https:\/\/rezeptfrei-apotheke.net\/pl\/wp-json\/wp\/v2\/product_brand?post=8295"},{"taxonomy":"product_cat","embeddable":true,"href":"https:\/\/rezeptfrei-apotheke.net\/pl\/wp-json\/wp\/v2\/product_cat?post=8295"},{"taxonomy":"product_tag","embeddable":true,"href":"https:\/\/rezeptfrei-apotheke.net\/pl\/wp-json\/wp\/v2\/product_tag?post=8295"}],"curies":[{"name":"wp","href":"https:\/\/api.w.org\/{rel}","templated":true}]}}