{"id":8297,"date":"2023-10-21T10:56:57","date_gmt":"2023-10-21T10:56:57","guid":{"rendered":"https:\/\/rezeptfrei-apotheke.net\/?post_type=product&#038;p=8297"},"modified":"2023-10-21T10:58:27","modified_gmt":"2023-10-21T10:58:27","slug":"hxe-hcl","status":"publish","type":"product","link":"https:\/\/rezeptfrei-apotheke.net\/pl\/product\/hxe-hcl\/","title":{"rendered":"HXE HCL"},"content":{"rendered":"<p>panaceachems.com oferuje produkty, kt\u00f3re nie s\u0105 przeznaczone do spo\u017cycia przez ludzi. Je\u015bli (nieumy\u015blnie) spo\u017cyjesz ten produkt, mo\u017ce to mie\u0107 powa\u017cne konsekwencje zdrowotne<\/p>","protected":false},"excerpt":{"rendered":"<p><strong>Nazwa IUPAC: <\/strong>2-(etyloamino)-2-(3-hydroksyfenylo)cykloheksan-1-on<\/p>\n<p><strong>CAS # <\/strong>1620054-73-0<\/p>\n<p><strong>Inna nazwa: <\/strong>3-HO-2\u2032-okso-PCE, chlorowodorek hydroksytaminy<\/p>\n<p><strong>Formularz: <\/strong>proszek<\/p>\n<p><strong>Analiza NMR: <\/strong>C14H19NO2<\/p>","protected":false},"featured_media":8322,"comment_status":"open","ping_status":"closed","template":"","meta":[],"product_brand":[],"product_cat":[90],"product_tag":[],"class_list":{"0":"post-8297","1":"product","2":"type-product","3":"status-publish","4":"has-post-thumbnail","6":"product_cat-buy-dissociatives","8":"first","9":"instock","10":"shipping-taxable","11":"purchasable","12":"product-type-variable"},"jetpack_sharing_enabled":true,"_links":{"self":[{"href":"https:\/\/rezeptfrei-apotheke.net\/pl\/wp-json\/wp\/v2\/product\/8297","targetHints":{"allow":["GET"]}}],"collection":[{"href":"https:\/\/rezeptfrei-apotheke.net\/pl\/wp-json\/wp\/v2\/product"}],"about":[{"href":"https:\/\/rezeptfrei-apotheke.net\/pl\/wp-json\/wp\/v2\/types\/product"}],"replies":[{"embeddable":true,"href":"https:\/\/rezeptfrei-apotheke.net\/pl\/wp-json\/wp\/v2\/comments?post=8297"}],"wp:featuredmedia":[{"embeddable":true,"href":"https:\/\/rezeptfrei-apotheke.net\/pl\/wp-json\/wp\/v2\/media\/8322"}],"wp:attachment":[{"href":"https:\/\/rezeptfrei-apotheke.net\/pl\/wp-json\/wp\/v2\/media?parent=8297"}],"wp:term":[{"taxonomy":"product_brand","embeddable":true,"href":"https:\/\/rezeptfrei-apotheke.net\/pl\/wp-json\/wp\/v2\/product_brand?post=8297"},{"taxonomy":"product_cat","embeddable":true,"href":"https:\/\/rezeptfrei-apotheke.net\/pl\/wp-json\/wp\/v2\/product_cat?post=8297"},{"taxonomy":"product_tag","embeddable":true,"href":"https:\/\/rezeptfrei-apotheke.net\/pl\/wp-json\/wp\/v2\/product_tag?post=8297"}],"curies":[{"name":"wp","href":"https:\/\/api.w.org\/{rel}","templated":true}]}}