{"id":8378,"date":"2023-10-21T10:57:48","date_gmt":"2023-10-21T10:57:48","guid":{"rendered":"https:\/\/rezeptfrei-apotheke.net\/?post_type=product&#038;p=8378"},"modified":"2023-10-21T10:58:55","modified_gmt":"2023-10-21T10:58:55","slug":"o-dsmt-hcl","status":"publish","type":"product","link":"https:\/\/rezeptfrei-apotheke.net\/pl\/product\/o-dsmt-hcl\/","title":{"rendered":"HCL O-DSMT"},"content":{"rendered":"<h2><strong>Og\u00f3lne informacje na temat O-DSMT HCL<\/strong><\/h2>\n<p>Chlorowodorek O-desmetylotramadolu (O-DSMT HCl) to badana substancja chemiczna strukturalnie spokrewniona z tramadolem. Jest powszechnie znany pod innymi nazwami, takimi jak desmetradol lub O-dsmt. O-DSMT jest metabolitem tramadolu.<\/p>\n<p><strong>Proszek O-DSMT\u00a0<\/strong>zosta\u0142 zbadany pod k\u0105tem jego specyficznych w\u0142a\u015bciwo\u015bci i wykazano, \u017ce ma podobne dzia\u0142anie do tramadolu. Dzia\u0142a zasadniczo jako agonista receptora opioidowego mi, wi\u0105\u017c\u0105c i aktywuj\u0105c receptory opioidowe mi.<\/p>\n<p>Jako substancja chemiczna do bada\u0144<strong>, O-DSMT HCl<\/strong>\u00a0mo\u017cna naby\u0107 za po\u015brednictwem wyspecjalizowanych sprzedawc\u00f3w lub dostawc\u00f3w obs\u0142uguj\u0105cych spo\u0142eczno\u015b\u0107 naukow\u0105. Naukowcy mog\u0105 go wykorzysta\u0107 do zbadania jego w\u0142a\u015bciwo\u015bci farmakologicznych, analizy jego skutk\u00f3w lub zbadania jego potencjalnych zastosowa\u0144 w r\u00f3\u017cnych dziedzinach.<\/p>\n<p>Nale\u017cy zauwa\u017cy\u0107, \u017ce szczeg\u00f3lne w\u0142a\u015bciwo\u015bci farmakologiczne i mechanizmy O-DSMT s\u0105 wci\u0105\u017c badane i potrzebne s\u0105 dalsze badania, aby w pe\u0142ni zrozumie\u0107 jego dzia\u0142anie i potencjalne skutki. Ponadto farmakokinetyka, metabolizm i profil bezpiecze\u0144stwa O-DSMT mog\u0105 si\u0119 r\u00f3\u017cni\u0107 w zale\u017cno\u015bci od badania.<\/p>\n<h3><strong>Sk\u0142ad chemiczny O-DSMT HCL<\/strong><\/h3>\n<p>Sk\u0142ad chemiczny chlorowodorku O-desmetylotramadolu (O-DSMT HCl) jest nast\u0119puj\u0105cy:<\/p>\n<p>&nbsp;<\/p>\n<ol>\n<li>O-Desmetylotramadol (O-DSMT): G\u0142\u00f3wnym aktywnym sk\u0142adnikiem O-DSMT HCl jest O-Desmetylotramadol, g\u0142\u00f3wny metabolit tramadolu. O-DSMT jest strukturalnie spokrewniony z tramadolem, ale brakuje mu grupy N-metylowej zwi\u0105zku macierzystego.<\/li>\n<\/ol>\n<p>&nbsp;<\/p>\n<ol start=\"2\">\n<li>Chlorowodorek (HCl): O-DSMT jest powszechnie podawany w postaci chlorowodorku, znanego jako O-DSMT HCl. Dodanie chlorowodorku do O-DSMT zwi\u0119ksza jego stabilno\u015b\u0107 i rozpuszczalno\u015b\u0107, dzi\u0119ki czemu nadaje si\u0119 do bada\u0144.<\/li>\n<\/ol>\n<p>&nbsp;<\/p>\n<p>Struktura chemiczna O-desmetylotramadolu (O-DSMT) jest podobna do tramadolu, ale brakuje mu grupy N-metylowej. Mo\u017cna to przedstawi\u0107 jako:<\/p>\n<p>&nbsp;<\/p>\n<p>O-Desmetylotramadol (O-DSMT):<\/p>\n<p><strong>Wz\u00f3r chemiczny<\/strong>: C15H23NO2<\/p>\n<p>Wz\u00f3r ten wskazuje, \u017ce O-DSMT HCL sk\u0142ada si\u0119 z pi\u0119tnastu atom\u00f3w w\u0119gla (C15), dwudziestu trzech atom\u00f3w wodoru (H23), jednego atomu azotu (N) i dw\u00f3ch atom\u00f3w tlenu (O2).<\/p>\n<p>Masa cz\u0105steczkowa: oko\u0142o 249,35 g\/mol<\/p>\n<p>Masa cz\u0105steczkowa: Zmienna (mas\u0119 ugrupowania HCl dodaje si\u0119 do masy O-DSMT, tworz\u0105c O-DSMT HCl)<\/p>\n<p>&nbsp;<\/p>\n<p>&nbsp;<\/p>\n<h3><strong>Kup wysokiej jako\u015bci HCL O-DSMT.<\/strong><\/h3>\n<p><strong>Chemia panaceum\u00a0<\/strong>ma wieloletnie do\u015bwiadczenie w bran\u017cy projektowania substancji chemicznych do bada\u0144, co pozwala nam zagwarantowa\u0107 najlepsze z tych substancji chemicznych do bada\u0144.\u00a0<strong>Zakup O-DSMT HCL<\/strong>\u00a0jest prosty i ma najwy\u017csz\u0105 jako\u015b\u0107. Koszty O-DSMT HCL s\u0105 ni\u017csze ni\u017c w przypadku innych organizacji. Chemikalia badawcze, w tym O-DSMT HCL, spe\u0142niaj\u0105 wszystkie wymogi bezpiecze\u0144stwa. Badawcze substancje syntetyczne s\u0105 starannie rozprowadzane i przechowywane w ch\u0142odnym, suchym miejscu.<\/p>\n<p>.<\/p>\n<p>Wszystkie chemikalia s\u0105 stale oceniane pod k\u0105tem jako\u015bci, bezpiecze\u0144stwa i czysto\u015bci. Przechowywa\u0107 O-DSMT HCL w temperaturze pokojowej. S\u0142u\u017cy to niejako celom badawczym.<\/p>\n<p>Nasze produkty maj\u0105 uczciw\u0105 cen\u0119, a substancj\u0119 badawcz\u0105 O-DSMT HCL mo\u017cna kupi\u0107 online po wyj\u0105tkowo skromnych cenach<strong>.<\/strong><\/p>\n<p>&nbsp;<\/p>\n<h3><strong>Testowany laboratoryjnie O-DSMT HCL z wynikami.<\/strong><\/h3>\n<p>Przerabia post\u0119p w kierunku og\u00f3lnego spe\u0142nienia swoich klient\u00f3w. R\u00f3\u017cne badania wykaza\u0142y, \u017ce klienci przed zakupem syntetycznych substancji chemicznych do cel\u00f3w badawczych \u017c\u0105daj\u0105 tyle danych, ile si\u0119 spodziewaj\u0105. Ponadto publikujemy wszystkie konsekwencje laboratoryjne ka\u017cdego zwi\u0105zku badawczego w pliku PDF.<\/p>\n<p>Nasz\u00a0<strong>HCL O-DSMT\u00a0<\/strong>konsekwentnie spe\u0142nia sk\u0142adniki aktywne i mo\u017ce by\u0107 postrzegany przez ka\u017cdego.<\/p>\n<p>Wszystkie konsekwencje laboratoryjne ka\u017cdej badanej substancji chemicznej rozpowszechniamy w dokumencie PDF.<\/p>\n<p>&nbsp;<\/p>\n<h3><strong>Bezpiecznie zamawiaj proszek O-DSMT.<\/strong><\/h3>\n<p>Designerskie chemikalia badawcze Panacea Chems s\u0105 doskona\u0142ej jako\u015bci i maj\u0105 uczciw\u0105 cen\u0119. Dlatego te\u017c, je\u015bli z\u0142o\u017cysz zam\u00f3wienie na chemikalia badawcze w Panacea Chems, gwarantujemy, \u017ce przeka\u017cemy Twoj\u0105 pro\u015bb\u0119 do Twojego laboratorium badawczego szybko i bezpiecznie, poniewa\u017c sprzeda\u017c chemikali\u00f3w badawczych jest zawsze dost\u0119pna w Panacea Chems.<\/p>\n<p>Zamawianie syntetycznych zwi\u0105zk\u00f3w badawczych za pomoc\u0105 Bitcoina lub przelewu bankowego jest w Panacea Chems proste.<\/p>\n<p>Wysy\u0142amy chemikalia badawcze tego samego dnia roboczego, je\u015bli p\u0142atno\u015b\u0107 zostanie otrzymana przed godzin\u0105 15:00 CEST.<\/p>\n<p>Nie dostarczamy artyku\u0142\u00f3w osobom poni\u017cej 18 roku \u017cycia!<\/p>\n<p><strong>Sprzedam O-DSMT<\/strong>\u00a0s\u0142u\u017cy wy\u0142\u0105cznie celom badawczym.<\/p>\n<p>&nbsp;<\/p>\n<h3><strong>Dyskretna wysy\u0142ka chemikali\u00f3w badawczych.<\/strong><\/h3>\n<p>Panacea Chems bezpiecznie zapakuje Twoje zam\u00f3wienie i zapewni odpowiedni transport. Co wi\u0119cej, pakujemy z doskona\u0142\u0105 dyskrecj\u0105, a na zewn\u0105trz nie wida\u0107 \u017cadnych \u015blad\u00f3w tego, co mo\u017ce znajdowa\u0107 si\u0119 w \u015brodku.<\/p>","protected":false},"excerpt":{"rendered":"<p><strong>Nazwa IUPAC: <\/strong>3-(2-((dimetyloamino)metylo)-1-hydroksycykloheksylo)fenol<\/p>\n<p><strong>CAS # <\/strong>80456-81-1<\/p>\n<p><strong>Inna nazwa: <\/strong>O-desmetylotramadol<\/p>\n<p><strong>Wygl\u0105d: <\/strong>proszek<\/p>\n<p><strong>Analiza NMR: <\/strong>C15H23NO2<\/p>","protected":false},"featured_media":8427,"comment_status":"open","ping_status":"closed","template":"","meta":[],"product_brand":[],"product_cat":[92],"product_tag":[],"class_list":{"0":"post-8378","1":"product","2":"type-product","3":"status-publish","4":"has-post-thumbnail","6":"product_cat-others","8":"first","9":"instock","10":"shipping-taxable","11":"purchasable","12":"product-type-variable"},"jetpack_sharing_enabled":true,"_links":{"self":[{"href":"https:\/\/rezeptfrei-apotheke.net\/pl\/wp-json\/wp\/v2\/product\/8378","targetHints":{"allow":["GET"]}}],"collection":[{"href":"https:\/\/rezeptfrei-apotheke.net\/pl\/wp-json\/wp\/v2\/product"}],"about":[{"href":"https:\/\/rezeptfrei-apotheke.net\/pl\/wp-json\/wp\/v2\/types\/product"}],"replies":[{"embeddable":true,"href":"https:\/\/rezeptfrei-apotheke.net\/pl\/wp-json\/wp\/v2\/comments?post=8378"}],"wp:featuredmedia":[{"embeddable":true,"href":"https:\/\/rezeptfrei-apotheke.net\/pl\/wp-json\/wp\/v2\/media\/8427"}],"wp:attachment":[{"href":"https:\/\/rezeptfrei-apotheke.net\/pl\/wp-json\/wp\/v2\/media?parent=8378"}],"wp:term":[{"taxonomy":"product_brand","embeddable":true,"href":"https:\/\/rezeptfrei-apotheke.net\/pl\/wp-json\/wp\/v2\/product_brand?post=8378"},{"taxonomy":"product_cat","embeddable":true,"href":"https:\/\/rezeptfrei-apotheke.net\/pl\/wp-json\/wp\/v2\/product_cat?post=8378"},{"taxonomy":"product_tag","embeddable":true,"href":"https:\/\/rezeptfrei-apotheke.net\/pl\/wp-json\/wp\/v2\/product_tag?post=8378"}],"curies":[{"name":"wp","href":"https:\/\/api.w.org\/{rel}","templated":true}]}}