{"id":8379,"date":"2023-10-21T10:57:48","date_gmt":"2023-10-21T10:57:48","guid":{"rendered":"https:\/\/rezeptfrei-apotheke.net\/?post_type=product&#038;p=8379"},"modified":"2023-10-21T10:58:55","modified_gmt":"2023-10-21T10:58:55","slug":"bromonordiazepam-pellets-25mg","status":"publish","type":"product","link":"https:\/\/rezeptfrei-apotheke.net\/pl\/product\/bromonordiazepam-pellets-25mg\/","title":{"rendered":"granulki bromonordiazepamu 2,5 mg"},"content":{"rendered":"<h2>panaceachems.com oferuje produkty, kt\u00f3re nie s\u0105 przeznaczone do spo\u017cycia przez ludzi.<br \/>\n<strong>Og\u00f3lne informacje na temat granulek Bromonordiazepamu<\/strong><\/h2>\n<p>Bromonordiazepam zosta\u0142 stworzony i opracowany w 1983 roku na r\u00f3\u017cne schorzenia neurologiczne, w tym na zaburzenia snu i napi\u0119cie. Wreszcie okaza\u0142o si\u0119, \u017ce w przypadku utrzymuj\u0105cego si\u0119 obrz\u0119ku m\u00f3zgu po neurochirurgii, bromonordiazepam mo\u017cna r\u00f3wnie\u017c zastosowa\u0107<\/p>\n<p>pomocny.<\/p>\n<p>Bromonordiazepam jest substytutem tienodiazepiny b\u0119d\u0105cym nalogem benzodiazepiny.<\/p>\n<p>Bromonordiazepam gwarantuje odpr\u0119\u017cenie ca\u0142ego cia\u0142a i zmniejszenie napi\u0119cia. Wielu klient\u00f3w nie wype\u0142nia ankiet, jednak po Bromonordiazepamie staj\u0105 si\u0119 wyj\u0105tkowo ospali.<\/p>\n<p>Badania wykaza\u0142y, \u017ce okres p\u00f3\u0142trwania bromonordiazepamu wynosi oko\u0142o 3,5 godziny i dzia\u0142a wielokrotnie silniej ni\u017c diazepam.<\/p>\n<h3><strong>Sk\u0142ad chemiczny<\/strong><\/h3>\n<p>Bromonordiazepam (9 metylo 6 h tieno 3,2 f 1.2.4) jest pochodn\u0105 strukturaln\u0105, w kt\u00f3rej pier\u015bcie\u0144 benzenowy zosta\u0142 zast\u0105piony pier\u015bcieniem tiofenowym, grupuj\u0105c go jako diazepin\u0119 od 4,3 do 1,4.<\/p>\n<p>Ze zwi\u0105zkiem Wz\u00f3r cz\u0105steczkowy: C17H15ClN4S4-(2 Chlorofenylo-2-etylo-9-metylo-6H-tieno[3,2-f][1,2,4]triazolo[4,3-a][1,4] diazepina.<\/p>\n<h3><strong>Farmakologia granulki bromonordiazepamu<\/strong><\/h3>\n<p>Bromazepam jest \u201eklasyczn\u0105\u201d benzodiazepin\u0105; inne tradycyjne benzodiazepiny obejmuj\u0105: diazepam, klonazepam, oksazepam, lorazepam, nitrazepam, flurazepam i klorazepat. Jego subatomowa konstrukcja sk\u0142ada si\u0119 z diazepiny zwi\u0105zanej z pier\u015bcieniem benzenowym i pier\u015bcieniem pirydynowym, przy czym pier\u015bcie\u0144 benzenowy ma pojedyncz\u0105 jot\u0119 azotu, kt\u00f3ra zast\u0119puje jedn\u0105 z cz\u0105steczek w\u0119gla w strukturze pier\u015bcienia.<\/p>\n<p>Tiofen to s\u0142odko pachn\u0105cy pi\u0119ciocz\u0142onowy pier\u015bcie\u0144 (triazolo 4,3 do 1,4) z jedn\u0105 cz\u0105steczk\u0105 siarki, zawiera pier\u015bcie\u0144 tiofenowy po\u0142\u0105czony z pier\u015bcieniem diazepinowym, siedmiocz\u0142onowy pier\u015bcie\u0144 z dwiema cz\u0119\u015bciami azotowymi przy R1 i R4. To tworzy struktur\u0119 (etylo-9-metylo-6h) bromonordiazepamu.<\/p>\n<p>\u0141a\u0144cuch etylowy jest zwi\u0105zany z t\u0105 bicykliczn\u0105 konstrukcj\u0105 przy R7. Nast\u0119pnie otwiera si\u0119 kana\u0142 cz\u0105stek chloru zwi\u0105zany z receptorem GABA. W Bromonordiazepamie pier\u015bcie\u0144 benzenowy zosta\u0142 zast\u0105piony pier\u015bcieniem tiofenowym zwi\u0105zanym z R1 i R2 tego pier\u015bcienia diazepinowego.<\/p>\n<p>W zwi\u0105zku z tym bromonordiazepam ma miejsce obok tienotriazolobenzodiazepin, \u015brodka pobudzaj\u0105cego.<\/p>\n<h3><strong>Kup wysokiej jako\u015bci granulki bromonordiazepamu.<\/strong><\/h3>\n<p>TRRCSHOP posiada wieloletnie do\u015bwiadczenie w bran\u017cy projektant\u00f3w substancji chemicznych do bada\u0144, co pozwala nam zapewni\u0107 najwy\u017csz\u0105 jako\u015b\u0107 tych substancji chemicznych do bada\u0144. Zesp\u00f3\u0142 chemiczny zajmuj\u0105cy si\u0119 badaniami chemicznymi sprzedaje peletki bromonordiazepamu i peletki 2,5 mg. Chemikalia badawcze, w tym Bromonordiazepam Pellets, spe\u0142niaj\u0105 wszystkie wymogi bezpiecze\u0144stwa. Chemikalia badawcze s\u0105 starannie dystrybuowane i przechowywane w ch\u0142odnym, suchym miejscu.<\/p>\n<p>Wszystkie produkty s\u0105 regularnie kontrolowane pod k\u0105tem jako\u015bci, czysto\u015bci i bezpiecze\u0144stwa. Zawsze przechowuj granulki Bromonordiazepamu w temperaturze pokojowej i poza zasi\u0119giem dzieci i zwierz\u0105t domowych. Nasze granulki bromonordiazepamu nie s\u0105 przeznaczone do u\u017cytku osobistego. S\u0142u\u017cy wy\u0142\u0105cznie celom badawczym.<\/p>\n<p>Podczas bada\u0144 tej substancji chemicznej nie mo\u017cna jej miesza\u0107 z alkoholem ani chemikaliami badawczymi!<\/p>\n<p>Wszystkie nasze produkty maj\u0105 uczciw\u0105 cen\u0119!<\/p>\n<h3><strong>Testowane laboratoryjnie granulki bromonordiazepamu z wynikami.<\/strong><\/h3>\n<p>Przerabia post\u0119p w kierunku og\u00f3lnego spe\u0142nienia swoich klient\u00f3w. R\u00f3\u017cne badania wykaza\u0142y, \u017ce klienci przed zakupem syntetycznych substancji chemicznych do cel\u00f3w badawczych \u017c\u0105daj\u0105 tyle danych, ile si\u0119 spodziewaj\u0105. Ponadto publikujemy wszystkie konsekwencje laboratoryjne ka\u017cdego zwi\u0105zku badawczego w pliku PDF.<\/p>\n<p>Nasze granulki bromonordiazepamu konsekwentnie zawieraj\u0105 sk\u0142adniki aktywne i ka\u017cdy mo\u017ce je \u0142atwo zobaczy\u0107.<\/p>\n<p>Wszystkie konsekwencje laboratoryjne ka\u017cdej badanej substancji chemicznej rozpowszechniamy w dokumencie PDF.<\/p>\n<h3><strong>Bezpiecznie zamawiaj w Bromonordiazepam Pellets.<\/strong><\/h3>\n<p>Designerskie chemikalia badawcze TRRCSHOP s\u0105 doskona\u0142ej jako\u015bci i maj\u0105 uczciw\u0105 cen\u0119. Dlatego w momencie, gdy poprosisz o sw\u00f3j\u00a0<strong>Peletki bromonordiazepamu\u00a0<\/strong>w TRRCSHOP gwarantujemy, \u017ce szybko i bezpiecznie przeka\u017cemy Twoj\u0105 pro\u015bb\u0119 do Twojego domu.<\/p>\n<p>Zamawianie syntetycznych zwi\u0105zk\u00f3w badawczych za pomoc\u0105 Bitcoina lub przelewu bankowego jest proste w TRRCSHOP.<\/p>\n<p>Wysy\u0142amy granulki Bromonordiazepamu tego samego dnia roboczego, je\u015bli p\u0142atno\u015b\u0107 zostanie otrzymana przed godzin\u0105 14:00 CEST. Zwykle nie wysy\u0142amy w soboty, niedziele ani \u015bwi\u0119ta pa\u0144stwowe\/mi\u0119dzynarodowe<strong>.<\/strong><\/p>\n<h3><strong>Dyskretna wysy\u0142ka chemikali\u00f3w badawczych.<\/strong><\/h3>\n<p>Mimo \u017ce designerskie chemikalia badawcze s\u0105 legalnie dost\u0119pne w Internecie, w TRRCSHOP dostarczamy je najbezpieczniej i rozs\u0105dniej. Co wi\u0119cej, pakujemy z doskona\u0142\u0105 dyskrecj\u0105, a na zewn\u0105trz nie wida\u0107 \u017cadnych \u015blad\u00f3w tego, co mo\u017ce znajdowa\u0107 si\u0119 w \u015brodku.<\/p>\n<p>Wysy\u0142amy zam\u00f3wienia powy\u017cej 500 euro z funkcj\u0105 \u015bledzenia i \u015bledzenia, dzi\u0119ki czemu mo\u017cesz stopniowo \u015bledzi\u0107 sw\u00f3j pakiet. Ponadto wysy\u0142amy zam\u00f3wienia o warto\u015bci powy\u017cej 500 euro dost\u0119pn\u0105 tras\u0105.<\/p>\n<p>Nie dostarczamy artyku\u0142\u00f3w osobom poni\u017cej 18 roku \u017cycia!<\/p>\n<h3><strong>\u015arodki ostro\u017cno\u015bci<\/strong><\/h3>\n<ul>\n<li>Kup odpowiedni sprz\u0119t ochrony indywidualnej, taki jak okulary i r\u0119kawice. Czy\u015b\u0107 je i piel\u0119gnuj w odpowiedni spos\u00f3b. Post\u0119puj zgodnie z bezpiecznymi systemami podczas post\u0119powania z chemikaliami badawczymi i nie id\u017a na skr\u00f3ty.<\/li>\n<li>Je\u015bli badana substancja chemiczna wejdzie w kontakt z oczami, nale\u017cy je dobrze przep\u0142uka\u0107 i w razie potrzeby wyeliminowa\u0107 soczewki kontaktowe.<\/li>\n<li>Staraj si\u0119 u\u017cywa\u0107 maski podczas u\u017cywania tych chemikali\u00f3w, aby nie dosta\u0142y si\u0119 do \u015brodka podczas oddychania.<\/li>\n<li>Jak wskazuj\u0105 obs\u0142ugiwane metody, nale\u017cy bezpiecznie obchodzi\u0107 si\u0119 z materia\u0142ami niebezpiecznymi, przechowywa\u0107 je i utylizowa\u0107. Nigdy nie wylewaj ich do \u015bciek\u00f3w lub kana\u0142\u00f3w.<\/li>\n<li>Przechowuj chemikalia badawcze w odpowiedni spos\u00f3b, zgodnie z ich nazwami. \u0141atwopalne chemikalia nale\u017cy przechowywa\u0107 w doskona\u0142ej, suchej marihuanie, z dala od intensywno\u015bci i \u015bwiat\u0142a dziennego. Niekt\u00f3re syntetyki, np. kwasy, nale\u017cy usuwa\u0107 niezale\u017cnie od siebie.<\/li>\n<li>TRRCSHOP oferowany do cel\u00f3w badawczych; spo\u017cycie przez ludzi jest surowo zabronione.<\/li>\n<\/ul>","protected":false},"excerpt":{"rendered":"<p><strong>Nazwa IUPAC: <\/strong>7-bromo-5-fenylo-1,3-dihydro-1,4-benzodiazepin-2-on<\/p>\n<p><strong>CAS # <\/strong>2894-61-3<\/p>\n<p><strong>Formularz: <\/strong>proszek<\/p>\n<p><strong>Analiza NMR: <\/strong>C15H11BrN2O<\/p>","protected":false},"featured_media":8429,"comment_status":"open","ping_status":"closed","template":"","meta":[],"product_brand":[],"product_cat":[93],"product_tag":[],"class_list":{"0":"post-8379","1":"product","2":"type-product","3":"status-publish","4":"has-post-thumbnail","6":"product_cat-order-pills-online","8":"first","9":"instock","10":"shipping-taxable","11":"purchasable","12":"product-type-variable"},"jetpack_sharing_enabled":true,"_links":{"self":[{"href":"https:\/\/rezeptfrei-apotheke.net\/pl\/wp-json\/wp\/v2\/product\/8379","targetHints":{"allow":["GET"]}}],"collection":[{"href":"https:\/\/rezeptfrei-apotheke.net\/pl\/wp-json\/wp\/v2\/product"}],"about":[{"href":"https:\/\/rezeptfrei-apotheke.net\/pl\/wp-json\/wp\/v2\/types\/product"}],"replies":[{"embeddable":true,"href":"https:\/\/rezeptfrei-apotheke.net\/pl\/wp-json\/wp\/v2\/comments?post=8379"}],"wp:featuredmedia":[{"embeddable":true,"href":"https:\/\/rezeptfrei-apotheke.net\/pl\/wp-json\/wp\/v2\/media\/8429"}],"wp:attachment":[{"href":"https:\/\/rezeptfrei-apotheke.net\/pl\/wp-json\/wp\/v2\/media?parent=8379"}],"wp:term":[{"taxonomy":"product_brand","embeddable":true,"href":"https:\/\/rezeptfrei-apotheke.net\/pl\/wp-json\/wp\/v2\/product_brand?post=8379"},{"taxonomy":"product_cat","embeddable":true,"href":"https:\/\/rezeptfrei-apotheke.net\/pl\/wp-json\/wp\/v2\/product_cat?post=8379"},{"taxonomy":"product_tag","embeddable":true,"href":"https:\/\/rezeptfrei-apotheke.net\/pl\/wp-json\/wp\/v2\/product_tag?post=8379"}],"curies":[{"name":"wp","href":"https:\/\/api.w.org\/{rel}","templated":true}]}}