{"id":8634,"date":"2023-10-21T10:58:57","date_gmt":"2023-10-21T10:58:57","guid":{"rendered":"https:\/\/rezeptfrei-apotheke.net\/?post_type=product&#038;p=8634"},"modified":"2023-10-31T09:00:43","modified_gmt":"2023-10-31T09:00:43","slug":"2-methyl-ap-237-20mg-pellets","status":"publish","type":"product","link":"https:\/\/rezeptfrei-apotheke.net\/pl\/product\/2-methyl-ap-237-20mg-pellets\/","title":{"rendered":"2-METYL-AP-237 20mg granulki"},"content":{"rendered":"<p><strong>Zwroty wskazuj\u0105ce rodzaj zagro\u017cenia<\/strong><\/p>\n<ul>\n<li>2-METHYL-AP-237 20mg granulki to substancja chemiczna badana, co oznacza, \u017ce jest to substancja nieznana, dlatego prowadzenie bada\u0144 mo\u017ce mie\u0107 nieznane konsekwencje, dlatego zawsze nale\u017cy podejmowa\u0107 odpowiednie \u015brodki podczas prowadzenia bada\u0144.<\/li>\n<li>Chemikalia badawcze mog\u0105 powodowa\u0107 podra\u017cnienie dr\u00f3g oddechowych.<\/li>\n<li>Chemikalia badawcze mog\u0105 powodowa\u0107 podra\u017cnienie oczu.<\/li>\n<li>Substancje chemiczne przeznaczone do bada\u0144 nie s\u0105 przeznaczone do spo\u017cycia przez ludzi, zwierz\u0119ta ani w inny spos\u00f3b.<\/li>\n<li>Chemikali\u00f3w badawczych nie nale\u017cy wylewa\u0107 do \u015bciek\u00f3w ani niew\u0142a\u015bciwie utylizowa\u0107.<\/li>\n<\/ul>","protected":false},"excerpt":{"rendered":"<p>Nazwa IUPAC:<br \/>\nForma: granulki<br \/>\nAnaliza NMR: nie dotyczy<\/p>","protected":false},"featured_media":8652,"comment_status":"open","ping_status":"closed","template":"","meta":[],"product_brand":[],"product_cat":[93],"product_tag":[],"class_list":{"0":"post-8634","1":"product","2":"type-product","3":"status-publish","4":"has-post-thumbnail","6":"product_cat-order-pills-online","8":"first","9":"instock","10":"shipping-taxable","11":"purchasable","12":"product-type-variable"},"jetpack_sharing_enabled":true,"_links":{"self":[{"href":"https:\/\/rezeptfrei-apotheke.net\/pl\/wp-json\/wp\/v2\/product\/8634","targetHints":{"allow":["GET"]}}],"collection":[{"href":"https:\/\/rezeptfrei-apotheke.net\/pl\/wp-json\/wp\/v2\/product"}],"about":[{"href":"https:\/\/rezeptfrei-apotheke.net\/pl\/wp-json\/wp\/v2\/types\/product"}],"replies":[{"embeddable":true,"href":"https:\/\/rezeptfrei-apotheke.net\/pl\/wp-json\/wp\/v2\/comments?post=8634"}],"wp:featuredmedia":[{"embeddable":true,"href":"https:\/\/rezeptfrei-apotheke.net\/pl\/wp-json\/wp\/v2\/media\/8652"}],"wp:attachment":[{"href":"https:\/\/rezeptfrei-apotheke.net\/pl\/wp-json\/wp\/v2\/media?parent=8634"}],"wp:term":[{"taxonomy":"product_brand","embeddable":true,"href":"https:\/\/rezeptfrei-apotheke.net\/pl\/wp-json\/wp\/v2\/product_brand?post=8634"},{"taxonomy":"product_cat","embeddable":true,"href":"https:\/\/rezeptfrei-apotheke.net\/pl\/wp-json\/wp\/v2\/product_cat?post=8634"},{"taxonomy":"product_tag","embeddable":true,"href":"https:\/\/rezeptfrei-apotheke.net\/pl\/wp-json\/wp\/v2\/product_tag?post=8634"}],"curies":[{"name":"wp","href":"https:\/\/api.w.org\/{rel}","templated":true}]}}