{"id":8674,"date":"2023-10-21T10:59:18","date_gmt":"2023-10-21T10:59:18","guid":{"rendered":"https:\/\/rezeptfrei-apotheke.net\/?post_type=product&#038;p=8674"},"modified":"2023-10-31T08:37:21","modified_gmt":"2023-10-31T08:37:21","slug":"3-fea-pellets-150mg","status":"publish","type":"product","link":"https:\/\/rezeptfrei-apotheke.net\/pl\/product\/3-fea-pellets-150mg\/","title":{"rendered":"Peletki 3-FEA 150mg"},"content":{"rendered":"<h2><strong>KUP 2-FEA\/3-FEA<\/strong><\/h2>\n<p>3Phoria jest substancj\u0105 badawcz\u0105 sk\u0142adaj\u0105c\u0105 si\u0119 ze starannie dobranej mieszanki 2-FEA i 3-FEA. Wed\u0142ug raport\u00f3w naukowych 2\/3-FEA daje nast\u0119puj\u0105ce klasyczne efekty stymuluj\u0105ce:<\/p>\n<p>2-FEA jest stymulantem klasy amfetaminy i jest blisko spokrewniony z 2-FMA, znan\u0105 r\u00f3wnie\u017c jako 2-fluoretamfetamina. Wyniki bada\u0144 naukowych 2-FEA to r\u00f3\u017cne pobudzenia i euforia. Teoretycznie 2-FEA skutecznie zwi\u0119ksza poziom monoaminy, neuroprzeka\u017anik\u00f3w, dopaminy, noradrenaliny i serotoniny.<\/p>\n<p>3-FEA AKA 3-fluorometamfetamina to fluorowany zwi\u0105zek z rodziny amfetamin. Raporty z bada\u0144 scharakteryzowa\u0142y 3-FEA jako umiarkowanie silny \u015brodek uwalniaj\u0105cy potr\u00f3jn\u0105 monoamin\u0119 z dominacj\u0105 serotoniny, kt\u00f3ry u os\u00f3b badanych daje mieszanin\u0119 efekt\u00f3w entaktogennych i lekko stymuluj\u0105cych.<\/p>\n<p>&nbsp;<\/p>\n<h2><strong>JAK STOSOWA\u0106 PELLET 2-FEA\/3-FEA (3PHORIA)?<\/strong><\/h2>\n<p>Peletki 2\/3-FEA sprasowane w 160 mg wysokiej jako\u015bci peletek do wszystkich Twoich potrzeb badawczych. Przechowuj peletki w suchym i ch\u0142odnym miejscu, aby zapewni\u0107 maksymalny okres przydatno\u015bci do spo\u017cycia. Proporcje ka\u017cdej peletki wynosz\u0105 40 mg 2-FEA do 120 mg 3-FEA. Przechowywa\u0107 w suchym i ch\u0142odnym miejscu, aby zapewni\u0107 maksymalny okres przydatno\u015bci do spo\u017cycia. Podczas obchodzenia si\u0119 z chemikaliami badawczymi nale\u017cy zawsze zachowa\u0107 w laboratorium odpowiednie \u015brodki ostro\u017cno\u015bci, takie jak wycieranie powierzchni i noszenie r\u0119kawiczek, maski i odzie\u017cy ochronnej.<\/p>\n<p>&nbsp;<\/p>\n<h2><strong>DEFINICJA 2-FEA\/3-FEA (3PHORIA)<\/strong><\/h2>\n<p>Definicja 2-FEA\/3FEA (3phoria) jest oficjalnie znana jako 2-fluoroetamfetamina i 3-fluoroetamfetamina, obie silne syntetyczne amfetaminy. 2-Fluoroetamfetamina i 3-fluoroetamfetamina s\u0105 strukturalnie spokrewnione z szeregiem fluorowanych podstawionych amfetamin, kt\u00f3re pierwotnie obejmowa\u0142y takie zwi\u0105zki, jak 2-FA, 3-FA, 4-FA, 2-FMA i 4-FMA.<\/p>\n<p>&nbsp;<\/p>\n<h2><strong>PODSTAWOWE INFORMACJE Z CHEMII 2-FEA\/3-FEA (3PHORIA)<\/strong><\/h2>\n<p>2-FEA\/3-FEA to syntetyczna cz\u0105steczka klasy amfetaminy. Cz\u0105steczki tej klasy zawieraj\u0105 rdze\u0144 fenetyloaminowy. Rdze\u0144 ten sk\u0142ada si\u0119 z pier\u015bcienia fenylowego zwi\u0105zanego z grup\u0105 aminow\u0105 poprzez \u0142a\u0144cuch etylowy podstawiony grup\u0105 metylow\u0105 (tzn. amfetaminy to alfa-metylowane fenetyloaminy). W szczeg\u00f3lno\u015bci 3-FEA jest fluorowanym w pozycji 3 analogiem etyloamfetaminy, znanym r\u00f3wnie\u017c jako etamfetamina. Ma podobie\u0144stwa strukturalne do fenfluraminy 3-FA. Zwi\u0105zek ten ma niezwykle kr\u00f3tk\u0105 histori\u0119 bada\u0144 naukowych i jest stosunkowo nowy na rynku chemii badawczej. Dlatego zdecydowanie zaleca si\u0119 stosowanie praktyk redukcji szk\u00f3d w przypadku stosowania tej substancji.<\/p>\n<p>&nbsp;<\/p>\n<h2><strong>GDZIE KUPI\u0106 2-FEA\/3-FEA (3PHORIA)<\/strong><\/h2>\n<p>2-FEA\/3FEA (3phoria) mo\u017cna kupi\u0107 tutaj na stronie <a href=\"https:\/\/rezeptfrei-apotheke.net\/pl\/\">Rchemshop<\/a> strona internetowa. Sprzedajemy najwy\u017cszej jako\u015bci 2-FEA\/3FEA (3phoria), zazwyczaj w postaci pelletu. Cz\u0119sto jednak mamy dost\u0119pne inne formy substancji, wi\u0119c skontaktuj si\u0119 z nami, aby sprawdzi\u0107, czy mamy na stanie preferowan\u0105 form\u0119 substancji. Aby kupi\u0107 u nas 2-FEA\/3FEA (3phoria), musisz mie\u0107 uko\u0144czone 18 lat.<\/p>\n<p>&nbsp;<\/p>","protected":false},"excerpt":{"rendered":"<p><strong>Nazwa IUPAC:<\/strong><\/p>\n<p><strong>Wygl\u0105d: <\/strong>\u015brut<\/p>\n<p><strong>Analiza NMR: <\/strong>Nie dotyczy<\/p>","protected":false},"featured_media":8709,"comment_status":"open","ping_status":"closed","template":"","meta":[],"product_brand":[],"product_cat":[93],"product_tag":[],"class_list":{"0":"post-8674","1":"product","2":"type-product","3":"status-publish","4":"has-post-thumbnail","6":"product_cat-order-pills-online","8":"first","9":"instock","10":"shipping-taxable","11":"purchasable","12":"product-type-variable"},"jetpack_sharing_enabled":true,"_links":{"self":[{"href":"https:\/\/rezeptfrei-apotheke.net\/pl\/wp-json\/wp\/v2\/product\/8674","targetHints":{"allow":["GET"]}}],"collection":[{"href":"https:\/\/rezeptfrei-apotheke.net\/pl\/wp-json\/wp\/v2\/product"}],"about":[{"href":"https:\/\/rezeptfrei-apotheke.net\/pl\/wp-json\/wp\/v2\/types\/product"}],"replies":[{"embeddable":true,"href":"https:\/\/rezeptfrei-apotheke.net\/pl\/wp-json\/wp\/v2\/comments?post=8674"}],"wp:featuredmedia":[{"embeddable":true,"href":"https:\/\/rezeptfrei-apotheke.net\/pl\/wp-json\/wp\/v2\/media\/8709"}],"wp:attachment":[{"href":"https:\/\/rezeptfrei-apotheke.net\/pl\/wp-json\/wp\/v2\/media?parent=8674"}],"wp:term":[{"taxonomy":"product_brand","embeddable":true,"href":"https:\/\/rezeptfrei-apotheke.net\/pl\/wp-json\/wp\/v2\/product_brand?post=8674"},{"taxonomy":"product_cat","embeddable":true,"href":"https:\/\/rezeptfrei-apotheke.net\/pl\/wp-json\/wp\/v2\/product_cat?post=8674"},{"taxonomy":"product_tag","embeddable":true,"href":"https:\/\/rezeptfrei-apotheke.net\/pl\/wp-json\/wp\/v2\/product_tag?post=8674"}],"curies":[{"name":"wp","href":"https:\/\/api.w.org\/{rel}","templated":true}]}}