{"id":8675,"date":"2023-10-21T10:59:18","date_gmt":"2023-10-21T10:59:18","guid":{"rendered":"https:\/\/rezeptfrei-apotheke.net\/?post_type=product&#038;p=8675"},"modified":"2023-10-31T08:32:22","modified_gmt":"2023-10-31T08:32:22","slug":"2-fma-pellets-50mg","status":"publish","type":"product","link":"https:\/\/rezeptfrei-apotheke.net\/pl\/product\/2-fma-pellets-50mg\/","title":{"rendered":"Pellet 2-FMA 50mg"},"content":{"rendered":"<p>2-FMA (2-Fluorometamfetamina) to substancja chemiczna o dzia\u0142aniu pobudzaj\u0105cym, nale\u017c\u0105ca do klasy amfetaminy. 2-FMA wywiera swoje dzia\u0142anie poprzez receptory dopaminy i noradrenaliny w m\u00f3zgu. Substancja ta por\u00f3wnywana jest do 2-FA, 4-MA i 3-FA, jest tak\u017ce strukturalnym analogiem metamfetaminy. Od ko\u0144ca XXI wieku produkt ten jest dost\u0119pny na rynku Research Chemical i obecnie jest jednym z naszych najpopularniejszych stymulant\u00f3w. Anegdotyczne raporty m\u00f3wi\u0105, \u017ce uczestnicy wykazali skutki zwi\u0119kszonego libido, fizycznej euforii, zniekszta\u0142cenia czasu i poprawy skupienia.<\/p>\n<p>*Zastrze\u017cenie: Nasze produkty NIE s\u0105 przeznaczone do spo\u017cycia przez ludzi, lecz WY\u0141\u0104CZNIE do cel\u00f3w badawczych. Podczas badania tych substancji chemicznych nale\u017cy podj\u0105\u0107 odpowiednie \u015brodki ostro\u017cno\u015bci.*<\/p>","protected":false},"excerpt":{"rendered":"<p><strong>Nazwa IUPAC:<\/strong><\/p>\n<p><strong>Wygl\u0105d: <\/strong>pellety<\/p>\n<p><strong>Analiza NMR: <\/strong>Nie dotyczy<\/p>","protected":false},"featured_media":8711,"comment_status":"open","ping_status":"closed","template":"","meta":[],"product_brand":[],"product_cat":[93],"product_tag":[],"class_list":{"0":"post-8675","1":"product","2":"type-product","3":"status-publish","4":"has-post-thumbnail","6":"product_cat-order-pills-online","8":"first","9":"instock","10":"shipping-taxable","11":"purchasable","12":"product-type-variable"},"jetpack_sharing_enabled":true,"_links":{"self":[{"href":"https:\/\/rezeptfrei-apotheke.net\/pl\/wp-json\/wp\/v2\/product\/8675","targetHints":{"allow":["GET"]}}],"collection":[{"href":"https:\/\/rezeptfrei-apotheke.net\/pl\/wp-json\/wp\/v2\/product"}],"about":[{"href":"https:\/\/rezeptfrei-apotheke.net\/pl\/wp-json\/wp\/v2\/types\/product"}],"replies":[{"embeddable":true,"href":"https:\/\/rezeptfrei-apotheke.net\/pl\/wp-json\/wp\/v2\/comments?post=8675"}],"wp:featuredmedia":[{"embeddable":true,"href":"https:\/\/rezeptfrei-apotheke.net\/pl\/wp-json\/wp\/v2\/media\/8711"}],"wp:attachment":[{"href":"https:\/\/rezeptfrei-apotheke.net\/pl\/wp-json\/wp\/v2\/media?parent=8675"}],"wp:term":[{"taxonomy":"product_brand","embeddable":true,"href":"https:\/\/rezeptfrei-apotheke.net\/pl\/wp-json\/wp\/v2\/product_brand?post=8675"},{"taxonomy":"product_cat","embeddable":true,"href":"https:\/\/rezeptfrei-apotheke.net\/pl\/wp-json\/wp\/v2\/product_cat?post=8675"},{"taxonomy":"product_tag","embeddable":true,"href":"https:\/\/rezeptfrei-apotheke.net\/pl\/wp-json\/wp\/v2\/product_tag?post=8675"}],"curies":[{"name":"wp","href":"https:\/\/api.w.org\/{rel}","templated":true}]}}