{"id":8676,"date":"2023-10-21T10:59:18","date_gmt":"2023-10-21T10:59:18","guid":{"rendered":"https:\/\/rezeptfrei-apotheke.net\/?post_type=product&#038;p=8676"},"modified":"2023-10-31T08:42:12","modified_gmt":"2023-10-31T08:42:12","slug":"3-fma-pellets-50-mg","status":"publish","type":"product","link":"https:\/\/rezeptfrei-apotheke.net\/pl\/product\/3-fma-pellets-50-mg\/","title":{"rendered":"Peletki 3-FMA 50 mg"},"content":{"rendered":"<h2><strong>Co jest\u00a0<\/strong><strong>3-FMA?<\/strong><\/h2>\n<p>3-FMA to badana substancja chemiczna nale\u017c\u0105ca do klasy substancji chemicznych zast\u0119pczych amfetaminy. Pod wzgl\u0119dem struktury chemicznej 3-FMA jest bardzo podobny do 2-FMA, 3-FA, 4-FMA i 4-FA. 3-FMA oznacza 3-fluorometamfetamin\u0119. Ta badana substancja chemiczna jest bardzo nowa i w rezultacie nie ma zbyt wielu raport\u00f3w na temat wynik\u00f3w eksperyment\u00f3w z t\u0105 substancj\u0105 chemiczn\u0105.<\/p>\n<p>Z tego powodu nale\u017cy zachowa\u0107 \u015brodki ostro\u017cno\u015bci, je\u015bli planujesz z nim eksperymentowa\u0107. Podczas eksperymentowania z 3-FMA nale\u017cy nosi\u0107 okulary ochronne.<\/p>\n<p>&nbsp;<\/p>\n<h2><strong>Gdzie kupi\u0107 3-FMA?<\/strong><\/h2>\n<p>Tutaj sprzedajemy jedne z najlepszych jako\u015bciowo 3-FMA dost\u0119pnych na rynku. Nasz 3-FMA zazwyczaj wyst\u0119puje w postaci proszku. Cz\u0119sto jednak mamy dost\u0119pne inne formy. Je\u015bli wi\u0119c chcieliby Pa\u0144stwo zakupi\u0107 3-FMA w innej formie, zapraszamy do kontaktu.<\/p>\n<p>Aby kupi\u0107 od nas 3-FMA, musisz mie\u0107 uko\u0144czone 18 lat i post\u0119powa\u0107 zgodnie z prawem obowi\u0105zuj\u0105cym w Twoim kraju. Akceptujemy wszystkie g\u0142\u00f3wne karty kredytowe, a tak\u017ce Bitcoin do p\u0142atno\u015bci. Wysy\u0142ka tego samego dnia jest dost\u0119pna w wielu krajach.<\/p>\n<p>&nbsp;<\/p>\n<h2><strong>Legalno\u015b\u0107 3-FMA<\/strong><\/h2>\n<p>Gor\u0105co zach\u0119camy do zapoznania si\u0119 z odpowiednimi przepisami obowi\u0105zuj\u0105cymi w Twoim kraju zamieszkania lub miejscu wysy\u0142ki w zakresie legalno\u015bci produkt\u00f3w.<\/p>\n<p>Bior\u0105c pod uwag\u0119 nasze obecne ograniczenia w transporcie, podejmujemy wszelkie uzasadnione kroki, aby zmniejszy\u0107 ryzyko dla naszych konsument\u00f3w.<\/p>","protected":false},"excerpt":{"rendered":"<p><strong>Nazwa IUPAC: <\/strong>1-(3-Fluorofenylo)-N-metylopropano-2-amina<\/p>\n<p><strong>CAS # <\/strong>1182818-14-9<\/p>\n<p><strong>Inna nazwa: <\/strong>3-Fluorometamfetamina<\/p>\n<p><strong>Formularz: <\/strong>pellety<\/p>\n<p><strong>Analiza NMR: <\/strong>C10H14FN<\/p>","protected":false},"featured_media":8712,"comment_status":"open","ping_status":"closed","template":"","meta":[],"product_brand":[],"product_cat":[93],"product_tag":[],"class_list":{"0":"post-8676","1":"product","2":"type-product","3":"status-publish","4":"has-post-thumbnail","6":"product_cat-order-pills-online","8":"first","9":"instock","10":"shipping-taxable","11":"purchasable","12":"product-type-variable"},"jetpack_sharing_enabled":true,"_links":{"self":[{"href":"https:\/\/rezeptfrei-apotheke.net\/pl\/wp-json\/wp\/v2\/product\/8676","targetHints":{"allow":["GET"]}}],"collection":[{"href":"https:\/\/rezeptfrei-apotheke.net\/pl\/wp-json\/wp\/v2\/product"}],"about":[{"href":"https:\/\/rezeptfrei-apotheke.net\/pl\/wp-json\/wp\/v2\/types\/product"}],"replies":[{"embeddable":true,"href":"https:\/\/rezeptfrei-apotheke.net\/pl\/wp-json\/wp\/v2\/comments?post=8676"}],"wp:featuredmedia":[{"embeddable":true,"href":"https:\/\/rezeptfrei-apotheke.net\/pl\/wp-json\/wp\/v2\/media\/8712"}],"wp:attachment":[{"href":"https:\/\/rezeptfrei-apotheke.net\/pl\/wp-json\/wp\/v2\/media?parent=8676"}],"wp:term":[{"taxonomy":"product_brand","embeddable":true,"href":"https:\/\/rezeptfrei-apotheke.net\/pl\/wp-json\/wp\/v2\/product_brand?post=8676"},{"taxonomy":"product_cat","embeddable":true,"href":"https:\/\/rezeptfrei-apotheke.net\/pl\/wp-json\/wp\/v2\/product_cat?post=8676"},{"taxonomy":"product_tag","embeddable":true,"href":"https:\/\/rezeptfrei-apotheke.net\/pl\/wp-json\/wp\/v2\/product_tag?post=8676"}],"curies":[{"name":"wp","href":"https:\/\/api.w.org\/{rel}","templated":true}]}}