{"id":8682,"date":"2023-10-21T10:59:19","date_gmt":"2023-10-21T10:59:19","guid":{"rendered":"https:\/\/rezeptfrei-apotheke.net\/?post_type=product&#038;p=8682"},"modified":"2023-10-30T21:47:55","modified_gmt":"2023-10-30T21:47:55","slug":"5-meo-mipt-pellets-15mg","status":"publish","type":"product","link":"https:\/\/rezeptfrei-apotheke.net\/pl\/product\/5-meo-mipt-pellets-15mg\/","title":{"rendered":"Peletki 5-MeO-MiPT 15mg"},"content":{"rendered":"<h2><span class=\"\">Moxy Zam\u00f3w 5-MeO-MiPT 10 mg granulek<\/span><\/h2>\n<p><strong>5-MeO-MiPT<\/strong>\u00a0to substancja sprzedawana wy\u0142\u0105cznie do cel\u00f3w badawczych i dlatego nie jest przeznaczona do spo\u017cycia.<\/p>\n<p><strong>Zdob\u0105d\u017a 5 blistr\u00f3w (50 peletek), zap\u0142a\u0107 za 4!\u00a0<\/strong><em>(ju\u017c wliczone w cen\u0119 stopniowan\u0105.)<\/em><\/p>\n<p>5-MeO-MiPT zachowuje swoj\u0105 stabilno\u015b\u0107 a\u017c do 2 lat, je\u015bli jest przechowywany w odpowiednim \u015brodowisku. 5-MeOMiPT przeznaczony jest do cel\u00f3w badawczych, a nie do konsumpcji. Dlatego wa\u017cne jest, aby produkt by\u0142 przechowywany w miejscu niedost\u0119pnym dla dzieci i zwierz\u0105t domowych.<\/p>\n<p>Oferujemy dobrej jako\u015bci chemikalia badawcze za uczciw\u0105 cen\u0119. Twoje zam\u00f3wienie b\u0119dzie wysy\u0142ane codziennie w ci\u0105gu 24 godzin. Dlatego zam\u00f3w\u00a0<em>5MeOMiPT<\/em>\u00a0bezpiecznie i szybko przez profesor.nl!<\/p>\n<h3>W\u0142a\u015bciwo\u015bci 5-MeO-MiPT<\/h3>\n<p><strong>Synonim:<\/strong>\u00a0Chlorowodorek 5-metoksy-N-izopropylo-N-metylotryptaminy<br \/>\n<strong>Numer CAS:<\/strong>\u00a096096-55-8<br \/>\n<strong>Formu\u0142a:<\/strong>\u00a0N-[2-(5-metoksy-1H-indol-3-ilo)etylo]-N-metylopropan-2-amina<br \/>\n<strong>Masa molowa:<\/strong>\u00a0246,354 g mol<br \/>\n<strong>Czysto\u015b\u0107:<\/strong>\u00a0&gt;97%<\/p>\n<h3>Co to jest 5-MeO-MiPT?<\/h3>\n<p>5-MeO-MiPT, znany r\u00f3wnie\u017c jako \u201eMoxy\u201d, to badana substancja chemiczna nale\u017c\u0105ca do rodziny tryptaminy. Po raz pierwszy zosta\u0142 zsyntetyzowany i zbadany przez naukowc\u00f3w pod koniec lat 80. XX wieku w ramach trwaj\u0105cych bada\u0144 nad struktur\u0105 i dzia\u0142aniem zwi\u0105zk\u00f3w psychoaktywnych. Wst\u0119pne badania nad 5-MeO-MiPT koncentrowa\u0142y si\u0119 na jego dzia\u0142aniu na modelach zwierz\u0119cych, maj\u0105c na celu zrozumienie jego profilu farmakologicznego i potencjalnych zastosowa\u0144 terapeutycznych. Badaj\u0105c jego interakcje z r\u00f3\u017cnymi uk\u0142adami neuroprzeka\u017anik\u00f3w, badacze chcieli odkry\u0107 mechanizm dzia\u0142ania zwi\u0105zku i zbada\u0107 jego potencjalny wp\u0142yw na zachowanie, percepcj\u0119 i funkcje poznawcze.<\/p>\n<p>Naukowcy kontynuuj\u0105 badania 5-MeO-MiPT, aby poszerzy\u0107 nasz\u0105 wiedz\u0119 na temat jego wp\u0142ywu na m\u00f3zg i zachowanie. Badaj\u0105 jego potencjalne zastosowania terapeutyczne, takie jak zastosowanie w badaniach nad zdrowiem psychicznym i leczeniu r\u00f3\u017cnych zaburze\u0144 psychicznych. Ponadto trwaj\u0105 badania, kt\u00f3rych celem jest wyja\u015bnienie roli tej substancji w neuronauce, badaniach \u015bwiadomo\u015bci i badaniu odmiennych stan\u00f3w \u015bwiadomo\u015bci.<\/p>\n<h3>Jak powsta\u0142 5-MeO-MiPT?<\/h3>\n<p>5-MeO-MiPT to RC nale\u017c\u0105cy do kategorii tryptaminy. Po raz pierwszy zosta\u0142 zsyntetyzowany i zbadany przez naukowc\u00f3w pod koniec lat 80. XX wieku w ramach trwaj\u0105cych bada\u0144 nad zwi\u0105zkami psychoaktywnymi i ich wp\u0142ywem na m\u00f3zg. Podstawowym celem bada\u0144 nad 5-MeO-MiPT by\u0142o uzyskanie lepszego wgl\u0105du w jego struktur\u0119 chemiczn\u0105, w\u0142a\u015bciwo\u015bci i mo\u017cliwe skutki psychoaktywne. Naukowcy byli szczeg\u00f3lnie zainteresowani zbadaniem jej podobie\u0144stw do innych tryptamin i jej potencja\u0142u jako zwi\u0105zku psychodelicznego.<\/p>\n<p>Synteza 5-MeO-MiPT obejmowa\u0142a szereg starannie zaprojektowanych procedur laboratoryjnych w celu zapewnienia czysto\u015bci i stabilno\u015bci. Naukowcy przeprowadzili dok\u0142adne analizy jego struktury molekularnej i przeprowadzili r\u00f3\u017cne testy, aby oceni\u0107 jego si\u0142\u0119 dzia\u0142ania i interakcje z receptorami w m\u00f3zgu. Pocz\u0105tkowo badania nad 5-MeO-MiPT skupia\u0142y si\u0119 na badaniu jego wp\u0142ywu na modelach zwierz\u0119cych. Umo\u017cliwi\u0142o to badaczom zbadanie profilu farmakologicznego i potencjalnych zastosowa\u0144 terapeutycznych. Badaj\u0105c interakcje z r\u00f3\u017cnymi uk\u0142adami neuroprzeka\u017anik\u00f3w, naukowcy chcieli odkry\u0107 mechanizm dzia\u0142ania i uzyska\u0107 wgl\u0105d w wp\u0142yw na zachowanie, percepcj\u0119 i funkcje poznawcze.<\/p>\n<p>Trwaj\u0105ce badania nad 5-MeO-MiPT maj\u0105 na celu poszerzenie naszej wiedzy na temat jego wp\u0142ywu na m\u00f3zg i zachowanie. Naukowcy w dalszym ci\u0105gu badaj\u0105 potencjalne zastosowania terapeutyczne, takie jak zastosowanie w badaniach nad zdrowiem psychicznym i leczeniu r\u00f3\u017cnych zaburze\u0144 psychicznych. Ponadto trwaj\u0105 badania maj\u0105ce na celu zbadanie jego roli w neuronauce, badaniach \u015bwiadomo\u015bci i badaniu odmiennych stan\u00f3w \u015bwiadomo\u015bci.<\/p>\n<h3>Zwrot wskazuj\u0105cy rodzaj zagro\u017cenia<\/h3>\n<p>5-MeO-MiPT mo\u017ce powodowa\u0107 podra\u017cnienie dr\u00f3g oddechowych.<br \/>\n5-MeO-MiPT mo\u017ce powodowa\u0107 podra\u017cnienie oczu.<br \/>\nZabronione jest wprowadzanie do \u015brodowiska substancji chemicznych przeznaczonych do bada\u0144.<\/p>","protected":false},"excerpt":{"rendered":"<p><strong>Nazwa IUPAC:<\/strong><\/p>\n<p><strong>CAS # <\/strong>96096-55-8<\/p>\n<p><strong>Wygl\u0105d: <\/strong>Zielony<\/p>\n<p><strong>Formularz: <\/strong>pellety<\/p>\n<p><strong>Analiza NMR: <\/strong>C15H22N2O<\/p>","protected":false},"featured_media":8721,"comment_status":"open","ping_status":"closed","template":"","meta":[],"product_brand":[],"product_cat":[93],"product_tag":[],"class_list":{"0":"post-8682","1":"product","2":"type-product","3":"status-publish","4":"has-post-thumbnail","6":"product_cat-order-pills-online","8":"first","9":"instock","10":"shipping-taxable","11":"purchasable","12":"product-type-variable"},"jetpack_sharing_enabled":true,"_links":{"self":[{"href":"https:\/\/rezeptfrei-apotheke.net\/pl\/wp-json\/wp\/v2\/product\/8682","targetHints":{"allow":["GET"]}}],"collection":[{"href":"https:\/\/rezeptfrei-apotheke.net\/pl\/wp-json\/wp\/v2\/product"}],"about":[{"href":"https:\/\/rezeptfrei-apotheke.net\/pl\/wp-json\/wp\/v2\/types\/product"}],"replies":[{"embeddable":true,"href":"https:\/\/rezeptfrei-apotheke.net\/pl\/wp-json\/wp\/v2\/comments?post=8682"}],"wp:featuredmedia":[{"embeddable":true,"href":"https:\/\/rezeptfrei-apotheke.net\/pl\/wp-json\/wp\/v2\/media\/8721"}],"wp:attachment":[{"href":"https:\/\/rezeptfrei-apotheke.net\/pl\/wp-json\/wp\/v2\/media?parent=8682"}],"wp:term":[{"taxonomy":"product_brand","embeddable":true,"href":"https:\/\/rezeptfrei-apotheke.net\/pl\/wp-json\/wp\/v2\/product_brand?post=8682"},{"taxonomy":"product_cat","embeddable":true,"href":"https:\/\/rezeptfrei-apotheke.net\/pl\/wp-json\/wp\/v2\/product_cat?post=8682"},{"taxonomy":"product_tag","embeddable":true,"href":"https:\/\/rezeptfrei-apotheke.net\/pl\/wp-json\/wp\/v2\/product_tag?post=8682"}],"curies":[{"name":"wp","href":"https:\/\/api.w.org\/{rel}","templated":true}]}}