{"id":8683,"date":"2023-10-21T10:59:19","date_gmt":"2023-10-21T10:59:19","guid":{"rendered":"https:\/\/rezeptfrei-apotheke.net\/?post_type=product&#038;p=8683"},"modified":"2023-10-30T21:55:34","modified_gmt":"2023-10-30T21:55:34","slug":"3-fpm-pellets-60mg","status":"publish","type":"product","link":"https:\/\/rezeptfrei-apotheke.net\/pl\/product\/3-fpm-pellets-60mg\/","title":{"rendered":"Peletki 3-FPM 60 mg"},"content":{"rendered":"<h2><strong>Co to jest 3-FPM?<\/strong><\/h2>\n<p>3-FPM jest skr\u00f3tem od 3-fluorofenmetrazyny. 3-FPM to badana substancja chemiczna, kt\u00f3ra ma silne w\u0142a\u015bciwo\u015bci stymuluj\u0105ce. 3-FPM nale\u017cy do klasy chemikali\u00f3w fenolowomorfolinowych. Wyniki eksperymentalne dotycz\u0105ce 3-FPM s\u0105 zwykle uwa\u017cane za bardzo podobne i prawie identyczne z wynikami amfetaminy. Wyniki eksperyment\u00f3w 3-FPM s\u0105 cz\u0119sto opisywane jako mniej intensywne ni\u017c w przypadku amfetaminy lub innych \u015brodk\u00f3w pobudzaj\u0105cych.<\/p>\n<h2><strong>Gdzie kupi\u0107 3-FPM?<\/strong><\/h2>\n<p>Tu na <a href=\"https:\/\/rezeptfrei-apotheke.net\/pl\/\">Rchemshop<\/a> mamy na sprzeda\u017c bardzo wysokiej jako\u015bci 3-FPM. Nasz 3-FPM jest dost\u0119pny zar\u00f3wno w postaci proszku, jak i granulatu. Niezale\u017cnie od tego, jaki stan chemiczny preferujesz pomi\u0119dzy tymi dwiema opcjami, mamy dla Ciebie wsparcie.<\/p>\n<p>Urz\u0105dzenie 3-FPM, kt\u00f3re posiadamy w sprzeda\u017cy, przeznaczone jest wy\u0142\u0105cznie do cel\u00f3w badawczych. Nie jest przeznaczony do u\u017cytku wewn\u0119trznego. Aby kupi\u0107 od nas 3-FPM, musisz tak\u017ce mie\u0107 uko\u0144czone 18 lat i zachowa\u0107 pe\u0142n\u0105 zgodno\u015b\u0107 z prawem obowi\u0105zuj\u0105cym w Twoim kraju.<\/p>\n<h2><strong>Status prawny 3-FPM<\/strong><\/h2>\n<p>Kupowanie, sprzedawanie lub posiadanie 3-FPM jest nielegalne w Izraelu, Szwajcarii i Stanach Zjednoczonych. W Wielkiej Brytanii uwa\u017ca si\u0119 j\u0105 za analog do fenmetrazyny, kt\u00f3ra jest lekiem z harmonogramu II stosowanym do spo\u017cycia przez ludzi.<\/p>","protected":false},"excerpt":{"rendered":"<p><strong>Nazwa IUPAC: <\/strong>2-(3-fluorofenylo)-3-metylomorfolina, monochlorowodorek<\/p>\n<p><strong>CAS # <\/strong>1803562-83-5<\/p>\n<p><strong>Inna nazwa: <\/strong>3-Fluorofenmetrazyna (chlorowodorek)<\/p>\n<p><strong>Wygl\u0105d: <\/strong>pellety<\/p>\n<p><strong>Analiza NMR: <\/strong>C11H14FNO \u2022 HCl<\/p>","protected":false},"featured_media":8736,"comment_status":"open","ping_status":"closed","template":"","meta":[],"product_brand":[],"product_cat":[93],"product_tag":[],"class_list":{"0":"post-8683","1":"product","2":"type-product","3":"status-publish","4":"has-post-thumbnail","6":"product_cat-order-pills-online","8":"first","9":"instock","10":"shipping-taxable","11":"purchasable","12":"product-type-variable"},"jetpack_sharing_enabled":true,"_links":{"self":[{"href":"https:\/\/rezeptfrei-apotheke.net\/pl\/wp-json\/wp\/v2\/product\/8683","targetHints":{"allow":["GET"]}}],"collection":[{"href":"https:\/\/rezeptfrei-apotheke.net\/pl\/wp-json\/wp\/v2\/product"}],"about":[{"href":"https:\/\/rezeptfrei-apotheke.net\/pl\/wp-json\/wp\/v2\/types\/product"}],"replies":[{"embeddable":true,"href":"https:\/\/rezeptfrei-apotheke.net\/pl\/wp-json\/wp\/v2\/comments?post=8683"}],"wp:featuredmedia":[{"embeddable":true,"href":"https:\/\/rezeptfrei-apotheke.net\/pl\/wp-json\/wp\/v2\/media\/8736"}],"wp:attachment":[{"href":"https:\/\/rezeptfrei-apotheke.net\/pl\/wp-json\/wp\/v2\/media?parent=8683"}],"wp:term":[{"taxonomy":"product_brand","embeddable":true,"href":"https:\/\/rezeptfrei-apotheke.net\/pl\/wp-json\/wp\/v2\/product_brand?post=8683"},{"taxonomy":"product_cat","embeddable":true,"href":"https:\/\/rezeptfrei-apotheke.net\/pl\/wp-json\/wp\/v2\/product_cat?post=8683"},{"taxonomy":"product_tag","embeddable":true,"href":"https:\/\/rezeptfrei-apotheke.net\/pl\/wp-json\/wp\/v2\/product_tag?post=8683"}],"curies":[{"name":"wp","href":"https:\/\/api.w.org\/{rel}","templated":true}]}}